{"id":5687,"date":"2021-07-28T13:39:59","date_gmt":"2021-07-28T11:39:59","guid":{"rendered":"https:\/\/e-surf.guru\/product\/hamam-towel-maui\/"},"modified":"2021-07-28T13:39:59","modified_gmt":"2021-07-28T11:39:59","slug":"hamam-towel-maui","status":"publish","type":"product","link":"https:\/\/e-surf.guru\/de\/produkt\/hamam-towel-maui\/","title":{"rendered":"Hamam towel &#8222;Maui&#8220;"},"content":{"rendered":"<p>unterschiedliche Designs, mit integrierter Tasche.<\/p>\n<p>Material: bedruckte Seite 100 % Baumwolle, Frottee-Seite 100 % Microfaser, waschbar bis 40\u00b0C<br \/>\nMa\u00dfe: 90 x 170 cm<\/p>\n","protected":false},"excerpt":{"rendered":"<p>Das Allround-Talent!<\/p>\n<p>eicht, weich, schnell trocknend und wundersch\u00f6n! Unser Hamam-Tuch wird im Handumdrehen vom Laken zum Wickeltuch, vom Sauna- zum Wellnesstuch oder vom Badetuch zur Sommerdecke. Der Materialmix aus Frottee auf der einen und Baumwolle auf der anderen Seite macht das Hamam-Tuch zum vielseitigen Begleiter \u2013 egal, ob im Urlaub oder Zuhause, im Sommer oder im Winter. Das Tuch kommt in wunderbar farbenfrohen Designs daher und hat im integrierten T\u00e4schchen Platz f\u00fcr Kleingeld, Telefon und Schl\u00fcssel. Einfach verschlie\u00dfbar mit Klettverschluss.<\/p>\n<p>Dazu passen unsere Baumwoll-Taschen und unsere aufblasbaren Baumwoll-Kissen.<\/p>\n","protected":false},"featured_media":5684,"template":"","meta":[],"product_brand":[],"product_cat":[89],"product_tag":[],"class_list":{"0":"post-5687","1":"product","2":"type-product","3":"status-publish","4":"has-post-thumbnail","6":"product_cat-strandausstatttung","8":"first","9":"instock","10":"taxable","11":"shipping-taxable","12":"purchasable","13":"product-type-simple"},"_links":{"self":[{"href":"https:\/\/e-surf.guru\/de\/wp-json\/wp\/v2\/product\/5687","targetHints":{"allow":["GET"]}}],"collection":[{"href":"https:\/\/e-surf.guru\/de\/wp-json\/wp\/v2\/product"}],"about":[{"href":"https:\/\/e-surf.guru\/de\/wp-json\/wp\/v2\/types\/product"}],"wp:featuredmedia":[{"embeddable":true,"href":"https:\/\/e-surf.guru\/de\/wp-json\/wp\/v2\/media\/5684"}],"wp:attachment":[{"href":"https:\/\/e-surf.guru\/de\/wp-json\/wp\/v2\/media?parent=5687"}],"wp:term":[{"taxonomy":"product_brand","embeddable":true,"href":"https:\/\/e-surf.guru\/de\/wp-json\/wp\/v2\/product_brand?post=5687"},{"taxonomy":"product_cat","embeddable":true,"href":"https:\/\/e-surf.guru\/de\/wp-json\/wp\/v2\/product_cat?post=5687"},{"taxonomy":"product_tag","embeddable":true,"href":"https:\/\/e-surf.guru\/de\/wp-json\/wp\/v2\/product_tag?post=5687"}],"curies":[{"name":"wp","href":"https:\/\/api.w.org\/{rel}","templated":true}]}}