{"id":5114,"date":"2021-07-20T12:55:56","date_gmt":"2021-07-20T10:55:56","guid":{"rendered":"https:\/\/e-surf.guru\/product\/lampuga-rescue\/"},"modified":"2021-07-22T00:09:30","modified_gmt":"2021-07-21T22:09:30","slug":"lampuga-rescue","status":"publish","type":"product","link":"https:\/\/e-surf.guru\/de\/produkt\/lampuga-rescue\/","title":{"rendered":"Lampuga Rescue"},"content":{"rendered":"<p><strong>Tragf\u00e4higkeit:<\/strong> Der Luftrumpf sorgt f\u00fcr gro\u00dfen Auftrieb<br \/>\n<strong>Plug &#038; Play:<\/strong> Wechselakku f\u00fcr einfachstes Aufladen<br \/>\n<strong>Ausstattung:<\/strong> Erm\u00f6glicht den Transport von Rettungsausr\u00fcstung<br \/>\n<strong>Langlebigkeit:<\/strong> Rumpf aus robustem Double Layer PVC<br \/>\n<strong>Leistung:<\/strong> bis zu 50 km\/h<br \/>\n<strong>Motor:<\/strong> 14 PS<br \/>\n<strong>Gewicht:<\/strong> ca. 55 kg (Batterie ca. 27 kg)<br \/>\n<strong>Batterie:<\/strong> bis zu 45 min.<br \/>\n<strong>Ladezeit:<\/strong> ca. 120 min.<br \/>\n<strong>Material:<\/strong> double layer PVC<\/p>\n","protected":false},"excerpt":{"rendered":"<p><strong>Ich bin ein Lebensretter!<\/strong><br \/>\nDas belastbare und schnell einsatzf\u00e4hige Lampuga Rescue Board basiert auf dem Lampuga Air und  bietet eine innovative L\u00f6sung in der traditionellen Wasserrettung. In Seenot, wenn jede Sekunde z\u00e4hlt, garantiert es schnelle und einfache Unterst\u00fctzung bei der Rettung von Menschen in K\u00fcsten- und Binnengew\u00e4ssern. <\/p>\n","protected":false},"featured_media":5112,"template":"","meta":[],"product_brand":[],"product_cat":[94],"product_tag":[],"class_list":{"0":"post-5114","1":"product","2":"type-product","3":"status-publish","4":"has-post-thumbnail","6":"product_cat-lampuga-de","8":"first","9":"instock","10":"taxable","11":"shipping-taxable","12":"purchasable","13":"product-type-simple"},"_links":{"self":[{"href":"https:\/\/e-surf.guru\/de\/wp-json\/wp\/v2\/product\/5114","targetHints":{"allow":["GET"]}}],"collection":[{"href":"https:\/\/e-surf.guru\/de\/wp-json\/wp\/v2\/product"}],"about":[{"href":"https:\/\/e-surf.guru\/de\/wp-json\/wp\/v2\/types\/product"}],"wp:featuredmedia":[{"embeddable":true,"href":"https:\/\/e-surf.guru\/de\/wp-json\/wp\/v2\/media\/5112"}],"wp:attachment":[{"href":"https:\/\/e-surf.guru\/de\/wp-json\/wp\/v2\/media?parent=5114"}],"wp:term":[{"taxonomy":"product_brand","embeddable":true,"href":"https:\/\/e-surf.guru\/de\/wp-json\/wp\/v2\/product_brand?post=5114"},{"taxonomy":"product_cat","embeddable":true,"href":"https:\/\/e-surf.guru\/de\/wp-json\/wp\/v2\/product_cat?post=5114"},{"taxonomy":"product_tag","embeddable":true,"href":"https:\/\/e-surf.guru\/de\/wp-json\/wp\/v2\/product_tag?post=5114"}],"curies":[{"name":"wp","href":"https:\/\/api.w.org\/{rel}","templated":true}]}}