{"id":4153,"date":"2021-06-24T11:53:55","date_gmt":"2021-07-02T08:29:02","guid":{"rendered":"https:\/\/e-surfguru.digital-und-frei.de\/product\/picnic-decke-brava\/"},"modified":"2021-07-20T10:53:51","modified_gmt":"2021-07-20T08:53:51","slug":"picnic-blanket-brava","status":"publish","type":"product","link":"https:\/\/e-surf.guru\/de\/produkt\/picnic-blanket-brava\/","title":{"rendered":"Picknick-Decke \u201eBrava\u201c"},"content":{"rendered":"<p>2 verschiedene Designs, jeweils mit Riemen zum Binden, waschbar bei 30\u00b0C<br \/>\nMaterial: 100% Polyester, Unterseite wasserabweisend<br \/>\nAbmessungen: 190 cm x 140 cm<\/p>\n","protected":false},"excerpt":{"rendered":"<p>Sommerzeit ist Picknickzeit!<\/p>\n<p>Stilvoll in der Natur entspannen &#8211; das ist das Motto unserer farbenfrohen Picknick-Decken. Ob Wald, Wiese oder Strand: Die strapazierf\u00e4higen Leichtgewichte sch\u00fctzen zuverl\u00e4ssig vor N\u00e4sse und Schmutz, sind leicht zu reinigen und lassen sich zum Transport fest zusammenrollen und binden. So k\u00f6nnen Sie den Sommer in vollen Z\u00fcgen genie\u00dfen.<\/p>\n","protected":false},"featured_media":4154,"template":"","meta":[],"product_brand":[],"product_cat":[89],"product_tag":[],"class_list":{"0":"post-4153","1":"product","2":"type-product","3":"status-publish","4":"has-post-thumbnail","6":"product_cat-strandausstatttung","8":"first","9":"instock","10":"taxable","11":"shipping-taxable","12":"purchasable","13":"product-type-simple"},"_links":{"self":[{"href":"https:\/\/e-surf.guru\/de\/wp-json\/wp\/v2\/product\/4153","targetHints":{"allow":["GET"]}}],"collection":[{"href":"https:\/\/e-surf.guru\/de\/wp-json\/wp\/v2\/product"}],"about":[{"href":"https:\/\/e-surf.guru\/de\/wp-json\/wp\/v2\/types\/product"}],"wp:featuredmedia":[{"embeddable":true,"href":"https:\/\/e-surf.guru\/de\/wp-json\/wp\/v2\/media\/4154"}],"wp:attachment":[{"href":"https:\/\/e-surf.guru\/de\/wp-json\/wp\/v2\/media?parent=4153"}],"wp:term":[{"taxonomy":"product_brand","embeddable":true,"href":"https:\/\/e-surf.guru\/de\/wp-json\/wp\/v2\/product_brand?post=4153"},{"taxonomy":"product_cat","embeddable":true,"href":"https:\/\/e-surf.guru\/de\/wp-json\/wp\/v2\/product_cat?post=4153"},{"taxonomy":"product_tag","embeddable":true,"href":"https:\/\/e-surf.guru\/de\/wp-json\/wp\/v2\/product_tag?post=4153"}],"curies":[{"name":"wp","href":"https:\/\/api.w.org\/{rel}","templated":true}]}}