{"id":4144,"date":"2021-06-24T12:05:41","date_gmt":"2021-07-02T08:16:30","guid":{"rendered":"https:\/\/e-surfguru.digital-und-frei.de\/product\/thermo-bottle-primavera\/"},"modified":"2021-08-12T16:38:27","modified_gmt":"2021-08-12T14:38:27","slug":"thermo-flasche-primavera","status":"publish","type":"product","link":"https:\/\/e-surf.guru\/de\/produkt\/thermo-flasche-primavera\/","title":{"rendered":"Thermo-Flasche \u201ePrimavera\u201c"},"content":{"rendered":"<p>Material: Edelstahl, BPA-frei, aluminiumfrei (nicht sp\u00fclmaschinen- und mikrowellengeeignet, f\u00fcr kohlens\u00e4urehaltige Getr\u00e4nke geeignet)<br \/>\nAbmessungen: H\u00f6he 26,5 cm, Durchmesser 7,1 cm<br \/>\nInhalt: 500 ml<\/p>\n","protected":false},"excerpt":{"rendered":"<p>Das trendige Must-Have f\u00fcr 365 Tage im Jahr.<\/p>\n<p>Unser unverwechselbares REMEMBER<sup>\u00ae<\/sup> Design begleitet Sie jetzt beim Sport, beim Picknick oder auf dem Weg zur Arbeit. Ob f\u00fcr Hei\u00df- oder Kaltgetr\u00e4nke &#8211; einfach perfekt zum Durstl\u00f6schen f\u00fcr unterwegs.<\/p>\n<p>&nbsp;<\/p>\n<p>&nbsp;<\/p>\n","protected":false},"featured_media":4145,"template":"","meta":[],"product_brand":[],"product_cat":[89],"product_tag":[],"class_list":{"0":"post-4144","1":"product","2":"type-product","3":"status-publish","4":"has-post-thumbnail","6":"product_cat-strandausstatttung","8":"first","9":"instock","10":"taxable","11":"shipping-taxable","12":"purchasable","13":"product-type-simple"},"_links":{"self":[{"href":"https:\/\/e-surf.guru\/de\/wp-json\/wp\/v2\/product\/4144","targetHints":{"allow":["GET"]}}],"collection":[{"href":"https:\/\/e-surf.guru\/de\/wp-json\/wp\/v2\/product"}],"about":[{"href":"https:\/\/e-surf.guru\/de\/wp-json\/wp\/v2\/types\/product"}],"wp:featuredmedia":[{"embeddable":true,"href":"https:\/\/e-surf.guru\/de\/wp-json\/wp\/v2\/media\/4145"}],"wp:attachment":[{"href":"https:\/\/e-surf.guru\/de\/wp-json\/wp\/v2\/media?parent=4144"}],"wp:term":[{"taxonomy":"product_brand","embeddable":true,"href":"https:\/\/e-surf.guru\/de\/wp-json\/wp\/v2\/product_brand?post=4144"},{"taxonomy":"product_cat","embeddable":true,"href":"https:\/\/e-surf.guru\/de\/wp-json\/wp\/v2\/product_cat?post=4144"},{"taxonomy":"product_tag","embeddable":true,"href":"https:\/\/e-surf.guru\/de\/wp-json\/wp\/v2\/product_tag?post=4144"}],"curies":[{"name":"wp","href":"https:\/\/api.w.org\/{rel}","templated":true}]}}