{"id":4139,"date":"2021-06-24T14:26:01","date_gmt":"2021-07-02T07:13:07","guid":{"rendered":"https:\/\/e-surfguru.digital-und-frei.de\/product\/bike-surf-fitness\/"},"modified":"2021-07-21T20:09:11","modified_gmt":"2021-07-21T18:09:11","slug":"redshark-bike-surf-fitness","status":"publish","type":"product","link":"https:\/\/e-surf.guru\/de\/produkt\/redshark-bike-surf-fitness\/","title":{"rendered":"Redshark &#8211; Bike Surf Fitness"},"content":{"rendered":"<h5><span style=\"color: #808080;\"><strong>INBEGRIFFEN<\/strong><\/span><\/h5>\n<ul id=\"lista\">\n<li><strong>RAHMEN:<\/strong> Schwarz-Antrazit PE-hd (1 Rahmen 4 Gr\u00f6\u00dfen) <i class=\"icon-tiny steadysets-icon-camera accent-color\"><\/i><\/li>\n<li><strong>BOARD:<\/strong> Aufblasbar <i class=\"icon-tiny steadysets-icon-camera accent-color\"><\/i><\/li>\n<li><strong>VENTIL:<\/strong> Flaches Aufblasventil in Premium-Qualit\u00e4t (empfohlener Druck 11-15 PSI) <i class=\"icon-tiny steadysets-icon-camera accent-color\"><\/i><\/li>\n<li><strong>LENKERB\u00dcGEL<\/strong> aluminum <i class=\"icon-tiny steadysets-icon-camera accent-color\"><\/i><\/li>\n<li><strong>FLASCHENHALTER und FLASCHE:<\/strong> 0,5 Liter <i class=\"icon-tiny steadysets-icon-camera accent-color\"><\/i><\/li>\n<li><strong>SATTEL:<\/strong> Sport <i class=\"icon-tiny steadysets-icon-camera accent-color\"><\/i><\/li>\n<li><strong>4 PROPELLER-TYPEN:<\/strong> A (Training) B (Komfort) C (Workout) D (Sport PRO) <i class=\"icon-tiny steadysets-icon-camera accent-color\"><\/i><\/li>\n<li><strong>FLOSSE:<\/strong> Abnehmbar <i class=\"icon-tiny steadysets-icon-camera accent-color\"><\/i><\/li>\n<li><strong>LUFTPUMPE:<\/strong> Boden-Luftpumpe mit hohem Druck. <i class=\"icon-tiny steadysets-icon-camera accent-color\"><\/i><\/li>\n<li><b>RUDER<\/b> 3 Funktionen<\/li>\n<li><strong>REPARATUR-SATZ<\/strong><\/li>\n<li><strong>MULTI-WERKZEUG<\/strong> (13 Funktionen)<\/li>\n<li><strong>RUDER<\/strong> 3 Funktionen<\/li>\n<\/ul>\n<h5><span style=\"color: #808080;\"><strong>EXTRAS:<\/strong><\/span><\/h5>\n<ul>\n<li><strong>ROD-HALTER:<\/strong> Im Rahmen<\/li>\n<li><strong>ELEKTRISCHE<\/strong> Luftpumpe mit 12-V-Autostromadapter<\/li>\n<li><strong>TROLLEY <\/strong> Rollerr\u00e4der + 3 Befestigungsgurte<\/li>\n<li><strong>REISE TASCHE<\/strong> mit R\u00e4dern<\/li>\n<li><strong>CARBON FIBER PACK<\/strong> (Rahmen, Flaschenhalter, Vorbau, Sattelst\u00fctze, Sattel).<\/li>\n<\/ul>\n","protected":false},"excerpt":{"rendered":"<p>INBEGRIFFEN RAHMEN: Schwarz-Antrazit PE-hd (1 Rahmen 4 Gr\u00f6\u00dfen) BOARD: Aufblasbar VENTIL: Flaches Aufblasventil in Premium-Qualit\u00e4t (empfohlener Druck 11-15 PSI) LENKERB\u00dcGEL aluminum FLASCHENHALTER und FLASCHE: 0,5 Liter SATTEL: Sport 4 PROPELLER-TYPEN: A (Training) B (Komfort) C (Workout) D (Sport PRO) FLOSSE: [&hellip;]<\/p>\n","protected":false},"featured_media":4539,"template":"","meta":[],"product_brand":[],"product_cat":[96],"product_tag":[],"class_list":{"0":"post-4139","1":"product","2":"type-product","3":"status-publish","4":"has-post-thumbnail","6":"product_cat-redshark-de","8":"first","9":"instock","10":"taxable","11":"shipping-taxable","12":"purchasable","13":"product-type-simple"},"_links":{"self":[{"href":"https:\/\/e-surf.guru\/de\/wp-json\/wp\/v2\/product\/4139","targetHints":{"allow":["GET"]}}],"collection":[{"href":"https:\/\/e-surf.guru\/de\/wp-json\/wp\/v2\/product"}],"about":[{"href":"https:\/\/e-surf.guru\/de\/wp-json\/wp\/v2\/types\/product"}],"wp:featuredmedia":[{"embeddable":true,"href":"https:\/\/e-surf.guru\/de\/wp-json\/wp\/v2\/media\/4539"}],"wp:attachment":[{"href":"https:\/\/e-surf.guru\/de\/wp-json\/wp\/v2\/media?parent=4139"}],"wp:term":[{"taxonomy":"product_brand","embeddable":true,"href":"https:\/\/e-surf.guru\/de\/wp-json\/wp\/v2\/product_brand?post=4139"},{"taxonomy":"product_cat","embeddable":true,"href":"https:\/\/e-surf.guru\/de\/wp-json\/wp\/v2\/product_cat?post=4139"},{"taxonomy":"product_tag","embeddable":true,"href":"https:\/\/e-surf.guru\/de\/wp-json\/wp\/v2\/product_tag?post=4139"}],"curies":[{"name":"wp","href":"https:\/\/api.w.org\/{rel}","templated":true}]}}