{"id":4114,"date":"2021-06-24T09:37:49","date_gmt":"2021-07-01T08:59:51","guid":{"rendered":"https:\/\/e-surfguru.digital-und-frei.de\/product\/bike-surf-enjoy\/"},"modified":"2021-07-21T20:13:22","modified_gmt":"2021-07-21T18:13:22","slug":"redshark-bike-surf-enjoy","status":"publish","type":"product","link":"https:\/\/e-surf.guru\/de\/produkt\/redshark-bike-surf-enjoy\/","title":{"rendered":"Redshark &#8211; Bike Surf Enjoy"},"content":{"rendered":"<p><strong>INBEGRIFFEN<\/strong><\/p>\n<ul id=\"lista\">\n<li><strong>RAHMEN<\/strong> Wei\u00df PE-hd (1 Rahmen 4 Gr\u00f6\u00dfen) <i class=\"icon-tiny steadysets-icon-camera accent-color\"><\/i><\/li>\n<li><strong>BOARD:<\/strong>:Aufblasbar <i class=\"icon-tiny steadysets-icon-camera accent-color\"><\/i><\/li>\n<li><strong>VENTIL:<\/strong> Flaches Aufblasventil in Premium-Qualit\u00e4t (empfohlener Druck 11-15 PSI) <i class=\"icon-tiny steadysets-icon-camera accent-color\"><\/i><\/li>\n<li><strong>LENKER:<\/strong> RISER BAR, aluminum <i class=\"icon-tiny steadysets-icon-camera accent-color\"><\/i><\/li>\n<li><strong>HANDGRIFFE: <\/strong>Ergonomisch <i class=\"icon-tiny steadysets-icon-camera accent-color\"><\/i><\/li>\n<li><strong>FLASCHENHALTER und FLASCHE:<\/strong>0,5 Liter <i class=\"icon-tiny steadysets-icon-camera accent-color\"><\/i><\/li>\n<li><strong>SATTEL GEL:<\/strong> CONFORT-Modus <i class=\"icon-tiny steadysets-icon-camera accent-color\"><\/i><\/li>\n<li><strong>PROPELLER:<\/strong> B Confort <i class=\"icon-tiny steadysets-icon-camera accent-color\"><\/i><\/li>\n<li><strong>FLOSSE<\/strong>: Abnehmbar <i class=\"icon-tiny steadysets-icon-camera accent-color\"><\/i><\/li>\n<li><strong>LUFTPUMPE<\/strong>: Boden-Luftpumpe mit hohem Druck. <i class=\"icon-tiny steadysets-icon-camera accent-color\"><\/i><\/li>\n<li><strong>MULTI-WERKZEUG:<\/strong> (13 Funktion)<\/li>\n<li><strong>REPARATUR-SATZ<\/strong><\/li>\n<li><strong>RUDER<\/strong> 3 Funktionen<\/li>\n<\/ul>\n<p><strong>ZUS\u00c4TZLICH:<\/strong><\/p>\n<ul>\n<li><strong>Propeller A:<\/strong> Training<\/li>\n<li><strong>BUNGEE-Netz:<\/strong> am Rahmen + 1 Dry Bag + 1 elastische Schnur (f\u00fcr das vordere Boarddeck)<\/li>\n<li><strong>ROD-Halter:<\/strong> im Rahmen<\/li>\n<li><strong>TROLLEY<\/strong> &#8211; Rollerr\u00e4der + 3 Befestigungsgurte<\/li>\n<li><strong>ELEKTRISCHE<\/strong> Luftpumpe mit 12-V-Autostromadapter<\/li>\n<li><strong>STIBILIZER-Fl\u00fcgel:<\/strong> Anf\u00e4nger<\/li>\n<li><strong>REISE TASCHE<\/strong> mit R\u00e4dern<\/li>\n<\/ul>\n","protected":false},"excerpt":{"rendered":"<p>INBEGRIFFEN RAHMEN Wei\u00df PE-hd (1 Rahmen 4 Gr\u00f6\u00dfen) BOARD::Aufblasbar VENTIL: Flaches Aufblasventil in Premium-Qualit\u00e4t (empfohlener Druck 11-15 PSI) LENKER: RISER BAR, aluminum HANDGRIFFE: Ergonomisch FLASCHENHALTER und FLASCHE:0,5 Liter SATTEL GEL: CONFORT-Modus PROPELLER: B Confort FLOSSE: Abnehmbar LUFTPUMPE: Boden-Luftpumpe mit hohem [&hellip;]<\/p>\n","protected":false},"featured_media":4537,"template":"","meta":[],"product_brand":[],"product_cat":[96],"product_tag":[],"class_list":{"0":"post-4114","1":"product","2":"type-product","3":"status-publish","4":"has-post-thumbnail","6":"product_cat-redshark-de","8":"first","9":"instock","10":"taxable","11":"shipping-taxable","12":"purchasable","13":"product-type-simple"},"_links":{"self":[{"href":"https:\/\/e-surf.guru\/de\/wp-json\/wp\/v2\/product\/4114","targetHints":{"allow":["GET"]}}],"collection":[{"href":"https:\/\/e-surf.guru\/de\/wp-json\/wp\/v2\/product"}],"about":[{"href":"https:\/\/e-surf.guru\/de\/wp-json\/wp\/v2\/types\/product"}],"wp:featuredmedia":[{"embeddable":true,"href":"https:\/\/e-surf.guru\/de\/wp-json\/wp\/v2\/media\/4537"}],"wp:attachment":[{"href":"https:\/\/e-surf.guru\/de\/wp-json\/wp\/v2\/media?parent=4114"}],"wp:term":[{"taxonomy":"product_brand","embeddable":true,"href":"https:\/\/e-surf.guru\/de\/wp-json\/wp\/v2\/product_brand?post=4114"},{"taxonomy":"product_cat","embeddable":true,"href":"https:\/\/e-surf.guru\/de\/wp-json\/wp\/v2\/product_cat?post=4114"},{"taxonomy":"product_tag","embeddable":true,"href":"https:\/\/e-surf.guru\/de\/wp-json\/wp\/v2\/product_tag?post=4114"}],"curies":[{"name":"wp","href":"https:\/\/api.w.org\/{rel}","templated":true}]}}