{"id":4112,"date":"2021-06-24T14:34:28","date_gmt":"2021-07-01T08:49:03","guid":{"rendered":"https:\/\/e-surfguru.digital-und-frei.de\/product\/bike-surf-adventure\/"},"modified":"2021-07-28T19:11:53","modified_gmt":"2021-07-28T17:11:53","slug":"redshark-bike-surf-adventure","status":"publish","type":"product","link":"https:\/\/e-surf.guru\/de\/produkt\/redshark-bike-surf-adventure\/","title":{"rendered":"Redshark &#8211; Bike Surf Adventure"},"content":{"rendered":"<h5><span style=\"color: #808080;\"><strong>INBEGRIFFEN<\/strong><\/span><\/h5>\n<ul id=\"lista\">\n<li><strong>FRAME<\/strong> RAHMEN Gr\u00fcn PE-hd (1 Rahmen 4 Gr\u00f6\u00dfen) <i class=\"icon-tiny steadysets-icon-camera accent-color\"><\/i><\/li>\n<li><strong>BOARD:<\/strong> Aufblasbar <i class=\"icon-tiny steadysets-icon-camera accent-color\"><\/i><\/li>\n<li><strong>VENTIL:<\/strong> Flaches Aufblasventil in Premium-Qualit\u00e4t (empfohlener Druck 11-15 PSI) <i class=\"icon-tiny steadysets-icon-camera accent-color\"><\/i><\/li>\n<li><strong>HANDLEBAR&lt;\/strong &gt; Rise BARS, aluminum <i class=\"icon-tiny steadysets-icon-camera accent-color\"><\/i><\/strong><\/li>\n<li><strong>FLASCHENHALTER und FLASCHE:<\/strong> 0,5 Liter <i class=\"icon-tiny steadysets-icon-camera accent-color\"><\/i><\/li>\n<li><strong>SATTEL GEL:<\/strong> Sport <i class=\"icon-tiny steadysets-icon-camera accent-color\"><\/i><\/li>\n<li><strong>2 TYPEN VON PROPELLERN:<\/strong> A (Standard) B (Sport) <i class=\"icon-tiny steadysets-icon-camera accent-color\"><\/i><\/li>\n<li><strong>FLOSSE:<\/strong> Abnehmbar <i class=\"icon-tiny steadysets-icon-camera accent-color\"><\/i><\/li>\n<li><strong>LUFTPUMPE:<\/strong> Boden-Luftpumpe mit hohem Druck. <i class=\"icon-tiny steadysets-icon-camera accent-color\"><\/i><\/li>\n<li><strong>2 BUNGEE:<\/strong> (Rahmen) Kordel zur Befestigung des Dry Bag (vorne oder hinten)<\/li>\n<li><strong>SATTEL TASCHE:<\/strong> Hintere Tasche Regenfestes Nylon<\/li>\n<li><strong>HANDLEBAR<\/strong> Bags<\/li>\n<li><b>RUDER<\/b> 3 Funktionen<\/li>\n<li><strong>REPARATUR-SATZ<\/strong><\/li>\n<li><strong>MULTI-WERKZEUG<\/strong> (13 Funktionen)<\/li>\n<li><strong>RUDER<\/strong> 3 Funktionen<\/li>\n<li><strong>4 Trockenbeutel <\/strong><\/li>\n<li><strong>2 NETZE<\/strong> (vorne &amp; hinten)<\/li>\n<li><strong>MOBILE<\/strong>-Halterung (Lenker)<\/li>\n<li><strong>TOUCH SCREEN <\/strong>Fahrradtaschen Rahmen vorne<\/li>\n<\/ul>\n<h5><span style=\"color: #808080;\"><strong>EXTRAS:<\/strong><\/span><\/h5>\n<ul>\n<li><strong>TROLLEY<\/strong> Rollerr\u00e4der + 3 Befestigungsgurte<\/li>\n<li><strong>ELEKTRISCHE<\/strong> Luftpumpe mit 12-V-Autostromadapter<\/li>\n<li><strong>REISE TASCHE<\/strong> mit R\u00e4dern<\/li>\n<\/ul>\n","protected":false},"excerpt":{"rendered":"<p>INBEGRIFFEN FRAME RAHMEN Gr\u00fcn PE-hd (1 Rahmen 4 Gr\u00f6\u00dfen) BOARD: Aufblasbar VENTIL: Flaches Aufblasventil in Premium-Qualit\u00e4t (empfohlener Druck 11-15 PSI) HANDLEBAR&lt;\/strong &gt; Rise BARS, aluminum FLASCHENHALTER und FLASCHE: 0,5 Liter SATTEL GEL: Sport 2 TYPEN VON PROPELLERN: A (Standard) B [&hellip;]<\/p>\n","protected":false},"featured_media":4535,"template":"","meta":[],"product_brand":[],"product_cat":[96],"product_tag":[],"class_list":{"0":"post-4112","1":"product","2":"type-product","3":"status-publish","4":"has-post-thumbnail","6":"product_cat-redshark-de","8":"first","9":"instock","10":"taxable","11":"shipping-taxable","12":"purchasable","13":"product-type-simple"},"_links":{"self":[{"href":"https:\/\/e-surf.guru\/de\/wp-json\/wp\/v2\/product\/4112","targetHints":{"allow":["GET"]}}],"collection":[{"href":"https:\/\/e-surf.guru\/de\/wp-json\/wp\/v2\/product"}],"about":[{"href":"https:\/\/e-surf.guru\/de\/wp-json\/wp\/v2\/types\/product"}],"wp:featuredmedia":[{"embeddable":true,"href":"https:\/\/e-surf.guru\/de\/wp-json\/wp\/v2\/media\/4535"}],"wp:attachment":[{"href":"https:\/\/e-surf.guru\/de\/wp-json\/wp\/v2\/media?parent=4112"}],"wp:term":[{"taxonomy":"product_brand","embeddable":true,"href":"https:\/\/e-surf.guru\/de\/wp-json\/wp\/v2\/product_brand?post=4112"},{"taxonomy":"product_cat","embeddable":true,"href":"https:\/\/e-surf.guru\/de\/wp-json\/wp\/v2\/product_cat?post=4112"},{"taxonomy":"product_tag","embeddable":true,"href":"https:\/\/e-surf.guru\/de\/wp-json\/wp\/v2\/product_tag?post=4112"}],"curies":[{"name":"wp","href":"https:\/\/api.w.org\/{rel}","templated":true}]}}