{"id":4053,"date":"2021-07-01T09:34:21","date_gmt":"2021-07-01T07:34:21","guid":{"rendered":"https:\/\/e-surfguru.digital-und-frei.de\/?post_type=product&#038;p=4053"},"modified":"2021-08-09T15:23:12","modified_gmt":"2021-08-09T13:23:12","slug":"lampuga-air-gehaeuse","status":"publish","type":"product","link":"https:\/\/e-surf.guru\/de\/produkt\/lampuga-air-gehaeuse\/","title":{"rendered":"Lampuga Air Geh\u00e4use"},"content":{"rendered":"<p>Sie m\u00f6chten die Farben \u00e4ndern? Kein Problem &#8211; Sie m\u00fcssen nicht ein komplett neues Board kaufen. Tauschen Sie einfach den Rumpf aus und verwenden Sie Ihre vorhandenen Komponenten. Der aufblasbare Rumpf ist aus robustem, doppellagigem PVC gefertigt. Der Rumpf ist mit vier Griffen und einem rutschfesten Griffpolster in der Mitte ausgestattet.<\/p>\n","protected":false},"excerpt":{"rendered":"<p>Sie m\u00f6chten die Farben \u00e4ndern? Kein Problem &#8211; Sie m\u00fcssen nicht ein komplett neues Board kaufen. Tauschen Sie einfach den Rumpf aus und verwenden Sie Ihre vorhandenen Komponenten. Der aufblasbare Rumpf ist aus robustem, doppellagigem PVC gefertigt. Der Rumpf ist [&hellip;]<\/p>\n","protected":false},"featured_media":6243,"template":"","meta":[],"product_brand":[],"product_cat":[94],"product_tag":[],"class_list":{"0":"post-4053","1":"product","2":"type-product","3":"status-publish","4":"has-post-thumbnail","6":"product_cat-lampuga-de","8":"first","9":"instock","10":"taxable","11":"shipping-taxable","12":"purchasable","13":"product-type-variable"},"_links":{"self":[{"href":"https:\/\/e-surf.guru\/de\/wp-json\/wp\/v2\/product\/4053","targetHints":{"allow":["GET"]}}],"collection":[{"href":"https:\/\/e-surf.guru\/de\/wp-json\/wp\/v2\/product"}],"about":[{"href":"https:\/\/e-surf.guru\/de\/wp-json\/wp\/v2\/types\/product"}],"wp:featuredmedia":[{"embeddable":true,"href":"https:\/\/e-surf.guru\/de\/wp-json\/wp\/v2\/media\/6243"}],"wp:attachment":[{"href":"https:\/\/e-surf.guru\/de\/wp-json\/wp\/v2\/media?parent=4053"}],"wp:term":[{"taxonomy":"product_brand","embeddable":true,"href":"https:\/\/e-surf.guru\/de\/wp-json\/wp\/v2\/product_brand?post=4053"},{"taxonomy":"product_cat","embeddable":true,"href":"https:\/\/e-surf.guru\/de\/wp-json\/wp\/v2\/product_cat?post=4053"},{"taxonomy":"product_tag","embeddable":true,"href":"https:\/\/e-surf.guru\/de\/wp-json\/wp\/v2\/product_tag?post=4053"}],"curies":[{"name":"wp","href":"https:\/\/api.w.org\/{rel}","templated":true}]}}