{"id":4018,"date":"2021-07-01T08:59:37","date_gmt":"2021-07-01T06:59:37","guid":{"rendered":"https:\/\/e-surfguru.digital-und-frei.de\/?post_type=product&#038;p=4018"},"modified":"2021-08-07T21:18:48","modified_gmt":"2021-08-07T19:18:48","slug":"notausschalter","status":"publish","type":"product","link":"https:\/\/e-surf.guru\/de\/produkt\/notausschalter\/","title":{"rendered":"Notausschalter"},"content":{"rendered":"","protected":false},"excerpt":{"rendered":"<p>Das magnetische Kill Switch-System stellt eine wichtige Sicherheitsma\u00dfnahme dar, die bei allen Lampuga-Surfboards Anwendung findet. Dieser Notausschalter befindet sich auf der R\u00fcckseite des Boards und ist durch ein Sicherungsseil mit dem Fu\u00dfgelenk des Fahrers verbunden. F\u00e4llt der Fahrer vom Board, wird der Kontakt unterbrochen und der Motor sofort abgestellt.<\/p>\n","protected":false},"featured_media":6139,"template":"","meta":[],"product_brand":[],"product_cat":[94],"product_tag":[],"class_list":{"0":"post-4018","1":"product","2":"type-product","3":"status-publish","4":"has-post-thumbnail","6":"product_cat-lampuga-de","8":"first","9":"instock","10":"taxable","11":"shipping-taxable","12":"purchasable","13":"product-type-simple"},"_links":{"self":[{"href":"https:\/\/e-surf.guru\/de\/wp-json\/wp\/v2\/product\/4018","targetHints":{"allow":["GET"]}}],"collection":[{"href":"https:\/\/e-surf.guru\/de\/wp-json\/wp\/v2\/product"}],"about":[{"href":"https:\/\/e-surf.guru\/de\/wp-json\/wp\/v2\/types\/product"}],"wp:featuredmedia":[{"embeddable":true,"href":"https:\/\/e-surf.guru\/de\/wp-json\/wp\/v2\/media\/6139"}],"wp:attachment":[{"href":"https:\/\/e-surf.guru\/de\/wp-json\/wp\/v2\/media?parent=4018"}],"wp:term":[{"taxonomy":"product_brand","embeddable":true,"href":"https:\/\/e-surf.guru\/de\/wp-json\/wp\/v2\/product_brand?post=4018"},{"taxonomy":"product_cat","embeddable":true,"href":"https:\/\/e-surf.guru\/de\/wp-json\/wp\/v2\/product_cat?post=4018"},{"taxonomy":"product_tag","embeddable":true,"href":"https:\/\/e-surf.guru\/de\/wp-json\/wp\/v2\/product_tag?post=4018"}],"curies":[{"name":"wp","href":"https:\/\/api.w.org\/{rel}","templated":true}]}}