{"id":3663,"date":"2021-06-24T12:08:59","date_gmt":"2021-06-24T10:08:59","guid":{"rendered":"https:\/\/e-surfguru.digital-und-frei.de\/?post_type=product&#038;p=3663"},"modified":"2021-07-21T22:45:14","modified_gmt":"2021-07-21T20:45:14","slug":"thermo-bottle-solena","status":"publish","type":"product","link":"https:\/\/e-surf.guru\/de\/produkt\/thermo-bottle-solena\/","title":{"rendered":"Thermo-Flasche \u201eSolena\u201c"},"content":{"rendered":"<p>Material: Edelstahl, BPA-frei, aluminiumfrei (nicht sp\u00fclmaschinen- und mikrowellengeeignet, f\u00fcr kohlens\u00e4urehaltige Getr\u00e4nke geeignet)<br \/>\nAbmessungen: H\u00f6he 26,5 cm, Durchmesser 7,1 cm<br \/>\nInhalt: 500 ml<\/p>\n","protected":false},"excerpt":{"rendered":"<p>Das trendige Must-Have f\u00fcr 365 Tage im Jahr.<\/p>\n<p>Unser unverwechselbares REMEMBER\u00ae Design begleitet Sie jetzt beim Sport, beim Picknick oder auf dem Weg zur Arbeit. Ob f\u00fcr Hei\u00df- oder Kaltgetr\u00e4nke &#8211; einfach perfekt, um unterwegs den Durst zu l\u00f6schen.<\/p>\n","protected":false},"featured_media":3664,"template":"","meta":[],"product_brand":[],"product_cat":[89],"product_tag":[],"class_list":{"0":"post-3663","1":"product","2":"type-product","3":"status-publish","4":"has-post-thumbnail","6":"product_cat-strandausstatttung","8":"first","9":"instock","10":"taxable","11":"shipping-taxable","12":"purchasable","13":"product-type-simple"},"_links":{"self":[{"href":"https:\/\/e-surf.guru\/de\/wp-json\/wp\/v2\/product\/3663","targetHints":{"allow":["GET"]}}],"collection":[{"href":"https:\/\/e-surf.guru\/de\/wp-json\/wp\/v2\/product"}],"about":[{"href":"https:\/\/e-surf.guru\/de\/wp-json\/wp\/v2\/types\/product"}],"wp:featuredmedia":[{"embeddable":true,"href":"https:\/\/e-surf.guru\/de\/wp-json\/wp\/v2\/media\/3664"}],"wp:attachment":[{"href":"https:\/\/e-surf.guru\/de\/wp-json\/wp\/v2\/media?parent=3663"}],"wp:term":[{"taxonomy":"product_brand","embeddable":true,"href":"https:\/\/e-surf.guru\/de\/wp-json\/wp\/v2\/product_brand?post=3663"},{"taxonomy":"product_cat","embeddable":true,"href":"https:\/\/e-surf.guru\/de\/wp-json\/wp\/v2\/product_cat?post=3663"},{"taxonomy":"product_tag","embeddable":true,"href":"https:\/\/e-surf.guru\/de\/wp-json\/wp\/v2\/product_tag?post=3663"}],"curies":[{"name":"wp","href":"https:\/\/api.w.org\/{rel}","templated":true}]}}