{"id":3607,"date":"2021-06-24T11:45:22","date_gmt":"2021-06-24T09:45:22","guid":{"rendered":"https:\/\/e-surfguru.digital-und-frei.de\/?post_type=product&#038;p=3607"},"modified":"2021-07-21T22:14:15","modified_gmt":"2021-07-21T20:14:15","slug":"bath-towel-sorbetto","status":"publish","type":"product","link":"https:\/\/e-surf.guru\/de\/produkt\/bath-towel-sorbetto\/","title":{"rendered":"Badetuch \u201eSorbetto\u201c"},"content":{"rendered":"<p>Ma\u00dfe: 80 x 200 cm<br \/>\nMaterial: 100% Baumwolle, 600 g\/qm\u00b2<br \/>\nWaschbar bis zu 60\u00b0C<\/p>\n","protected":false},"excerpt":{"rendered":"<p>Unser ber\u00fchmtes Design gibt es jetzt auch f\u00fcr Bad und Strand. Die Handt\u00fccher begeistern nicht nur durch ihre Optik, sondern auch durch ihre hochwertige Qualit\u00e4t.<\/p>\n","protected":false},"featured_media":3610,"template":"","meta":[],"product_brand":[],"product_cat":[89],"product_tag":[],"class_list":{"0":"post-3607","1":"product","2":"type-product","3":"status-publish","4":"has-post-thumbnail","6":"product_cat-strandausstatttung","8":"first","9":"instock","10":"taxable","11":"shipping-taxable","12":"purchasable","13":"product-type-simple"},"_links":{"self":[{"href":"https:\/\/e-surf.guru\/de\/wp-json\/wp\/v2\/product\/3607","targetHints":{"allow":["GET"]}}],"collection":[{"href":"https:\/\/e-surf.guru\/de\/wp-json\/wp\/v2\/product"}],"about":[{"href":"https:\/\/e-surf.guru\/de\/wp-json\/wp\/v2\/types\/product"}],"wp:featuredmedia":[{"embeddable":true,"href":"https:\/\/e-surf.guru\/de\/wp-json\/wp\/v2\/media\/3610"}],"wp:attachment":[{"href":"https:\/\/e-surf.guru\/de\/wp-json\/wp\/v2\/media?parent=3607"}],"wp:term":[{"taxonomy":"product_brand","embeddable":true,"href":"https:\/\/e-surf.guru\/de\/wp-json\/wp\/v2\/product_brand?post=3607"},{"taxonomy":"product_cat","embeddable":true,"href":"https:\/\/e-surf.guru\/de\/wp-json\/wp\/v2\/product_cat?post=3607"},{"taxonomy":"product_tag","embeddable":true,"href":"https:\/\/e-surf.guru\/de\/wp-json\/wp\/v2\/product_tag?post=3607"}],"curies":[{"name":"wp","href":"https:\/\/api.w.org\/{rel}","templated":true}]}}