{"id":3567,"date":"2021-06-24T11:29:33","date_gmt":"2021-06-24T09:29:33","guid":{"rendered":"https:\/\/e-surfguru.digital-und-frei.de\/?post_type=product&#038;p=3567"},"modified":"2021-07-21T22:54:32","modified_gmt":"2021-07-21T20:54:32","slug":"cotton-cushion-laguna","status":"publish","type":"product","link":"https:\/\/e-surf.guru\/de\/produkt\/cotton-cushion-laguna\/","title":{"rendered":"Baumwollkissen \u201eLaguna\u201c"},"content":{"rendered":"<p>Verschiedene Designs<br \/>\nMaterial: Bezug 100% Baumwolle (waschbar bis 40\u00b0C), Luftkissen 100% PU (Polyurethan)<br \/>\nAbmessungen: 30 x 40 cm<\/p>\n","protected":false},"excerpt":{"rendered":"<p>F\u00fcr sch\u00f6ne Tagtr\u00e4ume.<\/p>\n<p>Das Wasser pl\u00e4tschert, leise Musik erklingt oder die V\u00f6gel zwitschern &#8211; es ist Zeit zu entspannen und abzuschalten. Keine To-Do-Listen, keine Termine, &#8230; und die Augenlider werden schwer. Mit unseren aufblasbaren Baumwollkissen in verschiedenen Ausf\u00fchrungen sind Sie f\u00fcr spontane Nickerchen immer gut ger\u00fcstet. Einfach das Luftkissen aufblasen und los geht&#8217;s ins Land der Tr\u00e4ume!<\/p>\n<p>Und mit unserem Hamamtuch und der Baumwolltasche im gleichen Look haben Sie die ideale Erg\u00e4nzung f\u00fcr einen perfekten Strand- oder Wellnesstag.<\/p>\n","protected":false},"featured_media":3573,"template":"","meta":[],"product_brand":[],"product_cat":[89],"product_tag":[],"class_list":{"0":"post-3567","1":"product","2":"type-product","3":"status-publish","4":"has-post-thumbnail","6":"product_cat-strandausstatttung","8":"first","9":"instock","10":"taxable","11":"shipping-taxable","12":"purchasable","13":"product-type-simple"},"_links":{"self":[{"href":"https:\/\/e-surf.guru\/de\/wp-json\/wp\/v2\/product\/3567","targetHints":{"allow":["GET"]}}],"collection":[{"href":"https:\/\/e-surf.guru\/de\/wp-json\/wp\/v2\/product"}],"about":[{"href":"https:\/\/e-surf.guru\/de\/wp-json\/wp\/v2\/types\/product"}],"wp:featuredmedia":[{"embeddable":true,"href":"https:\/\/e-surf.guru\/de\/wp-json\/wp\/v2\/media\/3573"}],"wp:attachment":[{"href":"https:\/\/e-surf.guru\/de\/wp-json\/wp\/v2\/media?parent=3567"}],"wp:term":[{"taxonomy":"product_brand","embeddable":true,"href":"https:\/\/e-surf.guru\/de\/wp-json\/wp\/v2\/product_brand?post=3567"},{"taxonomy":"product_cat","embeddable":true,"href":"https:\/\/e-surf.guru\/de\/wp-json\/wp\/v2\/product_cat?post=3567"},{"taxonomy":"product_tag","embeddable":true,"href":"https:\/\/e-surf.guru\/de\/wp-json\/wp\/v2\/product_tag?post=3567"}],"curies":[{"name":"wp","href":"https:\/\/api.w.org\/{rel}","templated":true}]}}