{"id":3524,"date":"2021-06-24T10:58:59","date_gmt":"2021-06-24T08:58:59","guid":{"rendered":"https:\/\/e-surfguru.digital-und-frei.de\/?post_type=product&#038;p=3524"},"modified":"2021-07-22T00:55:37","modified_gmt":"2021-07-21T22:55:37","slug":"cool-bag-laguna","status":"publish","type":"product","link":"https:\/\/e-surf.guru\/de\/produkt\/cool-bag-laguna\/","title":{"rendered":"K\u00fchltasche \u201eLaguna\u201c"},"content":{"rendered":"<p>Verschiedene Designs, jeweils mit Tragegurt und Schulterpolster, zwei verschiedene Tragevarianten, K\u00fchlung bis zu 6 Stunden ohne K\u00fchlakku, innen lebensmittelecht.<\/p>\n<p>Material: 100% Polyester, Innenfolie, mit Rei\u00dfverschluss<br \/>\nAbmessungen: 35 cm x 17 cm x 36 cm<br \/>\nInhalt: 20l<\/p>\n","protected":false},"excerpt":{"rendered":"<p>Coole Sache!<\/p>\n<p>Diese stylischen K\u00fchltaschen sind einfach die perfekte L\u00f6sung f\u00fcr den n\u00e4chsten Familienausflug, einen Ausflug zum Strand oder ein Picknick am See. Nicht nur, dass die hochwertige Tasche ein echter Hingucker ist, alle Getr\u00e4nke und Snacks etc. bleiben k\u00fchl und frisch; und das bis zu 6 Stunden lang ohne K\u00fchlakkus! Die Tasche kann auch mit dem verstellbaren Trageriemen \u00fcber der Schulter getragen werden, wobei ein Schulterpolster mitgeliefert wird, oder &#8222;kurz&#8220; in der Hand.<\/p>\n","protected":false},"featured_media":3529,"template":"","meta":[],"product_brand":[],"product_cat":[89],"product_tag":[],"class_list":{"0":"post-3524","1":"product","2":"type-product","3":"status-publish","4":"has-post-thumbnail","6":"product_cat-strandausstatttung","8":"first","9":"instock","10":"taxable","11":"shipping-taxable","12":"purchasable","13":"product-type-simple"},"_links":{"self":[{"href":"https:\/\/e-surf.guru\/de\/wp-json\/wp\/v2\/product\/3524","targetHints":{"allow":["GET"]}}],"collection":[{"href":"https:\/\/e-surf.guru\/de\/wp-json\/wp\/v2\/product"}],"about":[{"href":"https:\/\/e-surf.guru\/de\/wp-json\/wp\/v2\/types\/product"}],"wp:featuredmedia":[{"embeddable":true,"href":"https:\/\/e-surf.guru\/de\/wp-json\/wp\/v2\/media\/3529"}],"wp:attachment":[{"href":"https:\/\/e-surf.guru\/de\/wp-json\/wp\/v2\/media?parent=3524"}],"wp:term":[{"taxonomy":"product_brand","embeddable":true,"href":"https:\/\/e-surf.guru\/de\/wp-json\/wp\/v2\/product_brand?post=3524"},{"taxonomy":"product_cat","embeddable":true,"href":"https:\/\/e-surf.guru\/de\/wp-json\/wp\/v2\/product_cat?post=3524"},{"taxonomy":"product_tag","embeddable":true,"href":"https:\/\/e-surf.guru\/de\/wp-json\/wp\/v2\/product_tag?post=3524"}],"curies":[{"name":"wp","href":"https:\/\/api.w.org\/{rel}","templated":true}]}}