{"id":3491,"date":"2021-06-24T10:43:00","date_gmt":"2021-06-24T08:43:00","guid":{"rendered":"https:\/\/e-surfguru.digital-und-frei.de\/?post_type=product&#038;p=3491"},"modified":"2021-07-21T23:14:16","modified_gmt":"2021-07-21T21:14:16","slug":"waterproof-phone-bag-costa","status":"publish","type":"product","link":"https:\/\/e-surf.guru\/de\/produkt\/waterproof-phone-bag-costa\/","title":{"rendered":"Wasserdichte Handytasche \u201eCosta\u201c"},"content":{"rendered":"<p>F\u00fcr alle Telefone bis zu einer Bildschirmgr\u00f6\u00dfe von 6,5&#8243; (iPhone 11 Pro, 11 Pro Max, XS, XS Max, XR, X, 8, 8 Plus, Samsung Galaxy S 10, S9, Huawei P30 Pro, P30, Xiaomi, One Plus 7 usw.). Wasserdicht bis zu 30 Meter, verschiedene Designs, uneingeschr\u00e4nkte Nutzung durch ber\u00fchrungsempfindliche Folie, Schutzklasse IPX8, verstellbarer Tragegurt.<\/p>\n<p>Material: 100% flexibler Kunststoff<br \/>\nAbmessungen: 22 cm x 10,8 cm<\/p>\n","protected":false},"excerpt":{"rendered":"<p>Wasserdichte Handytaschen &#8211; das &#8222;Must-Have&#8220; f\u00fcr alle Jahreszeiten!<\/p>\n<p>Mit diesen l\u00e4ssigen Handytaschen k\u00f6nnen Sie zum Beispiel tolle Unterwasserfotos und -videos machen.<\/p>\n<p>Die Handytaschen sind bis zu 30 Meter wasserdicht und garantieren dank ihrer IPX8-Zertifizierung (eine der h\u00f6chstm\u00f6glichen Schutzklassen) maximalen Schutz vor (Salz-)Wasser, Sand, Sonnencreme, Regen, Schnee, Staub oder Schmutz. Das flexible, sehr robuste Material l\u00e4sst garantiert nichts durch, und dank der ber\u00fchrungsempfindlichen Folie k\u00f6nnen Sie Ihr Handy in der Tasche ohne Einschr\u00e4nkungen nutzen. Mit dem farbenfrohen, verstellbaren Tragegurt zum Aufh\u00e4ngen haben Sie Ihr Telefon immer in Reichweite. Auf Bootsfahrten, beim Wassersport oder Skifahren k\u00f6nnen Sie darin auch Ihren Ausweis, Geld oder Ihre Kreditkarte aufbewahren.<\/p>\n","protected":false},"featured_media":3497,"template":"","meta":[],"product_brand":[],"product_cat":[89],"product_tag":[],"class_list":{"0":"post-3491","1":"product","2":"type-product","3":"status-publish","4":"has-post-thumbnail","6":"product_cat-strandausstatttung","8":"first","9":"instock","10":"taxable","11":"shipping-taxable","12":"purchasable","13":"product-type-simple"},"_links":{"self":[{"href":"https:\/\/e-surf.guru\/de\/wp-json\/wp\/v2\/product\/3491","targetHints":{"allow":["GET"]}}],"collection":[{"href":"https:\/\/e-surf.guru\/de\/wp-json\/wp\/v2\/product"}],"about":[{"href":"https:\/\/e-surf.guru\/de\/wp-json\/wp\/v2\/types\/product"}],"wp:featuredmedia":[{"embeddable":true,"href":"https:\/\/e-surf.guru\/de\/wp-json\/wp\/v2\/media\/3497"}],"wp:attachment":[{"href":"https:\/\/e-surf.guru\/de\/wp-json\/wp\/v2\/media?parent=3491"}],"wp:term":[{"taxonomy":"product_brand","embeddable":true,"href":"https:\/\/e-surf.guru\/de\/wp-json\/wp\/v2\/product_brand?post=3491"},{"taxonomy":"product_cat","embeddable":true,"href":"https:\/\/e-surf.guru\/de\/wp-json\/wp\/v2\/product_cat?post=3491"},{"taxonomy":"product_tag","embeddable":true,"href":"https:\/\/e-surf.guru\/de\/wp-json\/wp\/v2\/product_tag?post=3491"}],"curies":[{"name":"wp","href":"https:\/\/api.w.org\/{rel}","templated":true}]}}