{"id":3488,"date":"2021-06-24T10:34:36","date_gmt":"2021-06-24T08:34:36","guid":{"rendered":"https:\/\/e-surfguru.digital-und-frei.de\/?post_type=product&#038;p=3488"},"modified":"2021-08-13T15:11:08","modified_gmt":"2021-08-13T13:11:08","slug":"byron-bay-lime-coolada-body-butter","status":"publish","type":"product","link":"https:\/\/e-surf.guru\/de\/produkt\/byron-bay-lime-coolada-body-butter\/","title":{"rendered":"Byron Bay Lime Coolada K\u00f6rperbutter"},"content":{"rendered":"<p>Die Byron Bay Lime Coolada Body Butter ist eine reichhaltige, pflegende und n\u00e4hrende K\u00f6rpercreme, die hilft, Ihre Haut in gutem Zustand zu halten und Ihre Br\u00e4une l\u00e4nger zu bewahren. Dar\u00fcber hinaus hat die Body Butter einen k\u00f6stlichen tropischen Lime Coolada-Duft.<\/p>\n<ul>\n<li>Hydratisierende, pflegende &amp; n\u00e4hrende K\u00f6rpercreme<\/li>\n<li>Verhindert das Austrocknen Ihrer Haut<\/li>\n<li>Hilft, Ihre Haut in guter Verfassung zu halten<\/li>\n<li>Mit Alo\u00eb Vera, Avocado &amp; Vitamin E<\/li>\n<li>Mit Mango-, Kakao- und Sheabutter<\/li>\n<li>Mit Limettenextrakt und exotischem Passionsblumen\u00f6l<\/li>\n<li>Zieht schnell ein &amp; fettet nicht<\/li>\n<li>Kann das ganze Jahr \u00fcber verwendet werden<\/li>\n<li>Mit dem Duft von Tropical Lime Coolada<\/li>\n<li>200ml<\/li>\n<\/ul>\n<hr>\n<p><em>Inhaltsstoffe:<\/em> Aqua, Glyceryl Stearate SE, Isopropyl Palamitate, Glycerin, Dimethicone, Petrolatum, Parfum, Cetearyl Alcohol, Butyrospermum Parkii Butter, Persea Gratissima Oil, Palmitic Acid, Stearic Acid, Xanthan Gum, Passiflora Incarnata, Seed Oil, Aloe Barbadensis Leaf Juice, Citrus Aurantifolia Fruit Extract, Theobroma Cacao Seed Butter, Mangifera Indica Seed Butter, Tocopheryl Acetat, Zea Mays Oil, Propylene Glycol, Lecithin, Biosaccharide Gum-1, Ascorbyl Palmitate, Tocopherol, Phenoxyethanol, Ethylhexyl-glycerin, Benzoic Acid, Dehydroacetic Acid, Citric Acid, Methylparaben, Potassium Sorbate, Sodium Benzoate, BHT, Coumarin, Limonene, CI 19140, CI42051.<\/p>\n","protected":false},"excerpt":{"rendered":"<p>Nach einem Tag voller Br\u00e4une kann Ihre Haut ein paar Extras gebrauchen. Verw\u00f6hnen Sie sich also mit dieser tropischen Byron Bay Lime Coolada Body Butter.<\/p>\n","protected":false},"featured_media":3489,"template":"","meta":[],"product_brand":[],"product_cat":[99],"product_tag":[],"class_list":{"0":"post-3488","1":"product","2":"type-product","3":"status-publish","4":"has-post-thumbnail","6":"product_cat-sonnenschutz","8":"first","9":"instock","10":"taxable","11":"shipping-taxable","12":"purchasable","13":"product-type-simple"},"_links":{"self":[{"href":"https:\/\/e-surf.guru\/de\/wp-json\/wp\/v2\/product\/3488","targetHints":{"allow":["GET"]}}],"collection":[{"href":"https:\/\/e-surf.guru\/de\/wp-json\/wp\/v2\/product"}],"about":[{"href":"https:\/\/e-surf.guru\/de\/wp-json\/wp\/v2\/types\/product"}],"wp:featuredmedia":[{"embeddable":true,"href":"https:\/\/e-surf.guru\/de\/wp-json\/wp\/v2\/media\/3489"}],"wp:attachment":[{"href":"https:\/\/e-surf.guru\/de\/wp-json\/wp\/v2\/media?parent=3488"}],"wp:term":[{"taxonomy":"product_brand","embeddable":true,"href":"https:\/\/e-surf.guru\/de\/wp-json\/wp\/v2\/product_brand?post=3488"},{"taxonomy":"product_cat","embeddable":true,"href":"https:\/\/e-surf.guru\/de\/wp-json\/wp\/v2\/product_cat?post=3488"},{"taxonomy":"product_tag","embeddable":true,"href":"https:\/\/e-surf.guru\/de\/wp-json\/wp\/v2\/product_tag?post=3488"}],"curies":[{"name":"wp","href":"https:\/\/api.w.org\/{rel}","templated":true}]}}