{"id":3486,"date":"2021-06-24T10:31:59","date_gmt":"2021-06-24T08:31:59","guid":{"rendered":"https:\/\/e-surfguru.digital-und-frei.de\/?post_type=product&#038;p=3486"},"modified":"2021-07-22T10:50:25","modified_gmt":"2021-07-22T08:50:25","slug":"byron-bay-aftersun-beach-glow","status":"publish","type":"product","link":"https:\/\/e-surf.guru\/de\/produkt\/byron-bay-aftersun-beach-glow\/","title":{"rendered":"Byron Bay Aftersun Beach Glow"},"content":{"rendered":"<p>Byron Bay Aftersun Beach Glow ist eine feuchtigkeitsspendende Lotion mit einem Hauch von Selbstbr\u00e4uner f\u00fcr eine sch\u00f6ne, sonnengek\u00fcsste Haut. Die Lotion macht die Haut nach dem Sonnenbad weich und pflegt sie, so dass Ihre Haut nach einem sonnigen Tag am Strand fantastisch aussieht! Au\u00dferdem hat das Aftersun einen herrlichen Sommerduft.<\/p>\n<p>Verw\u00f6hnen Sie Ihren K\u00f6rper mit der pflegenden Aftersun-Lotion f\u00fcr eine sch\u00f6ne, sonnengek\u00fcsste Haut!<\/p>\n<ul>\n<li>Mit einer geringen Menge an Selbstbr\u00e4uner f\u00fcr eine sonnengek\u00fcsste Haut<\/li>\n<li>Gleichm\u00e4\u00dfiges Ergebnis &#8211; nat\u00fcrlich aussehende Br\u00e4une<\/li>\n<li>Versorgt die Haut mit Feuchtigkeit und hilft, Peeling zu verhindern<\/li>\n<li>Beruhigt die sonnengestresste Haut<\/li>\n<li>Mit Aprikosenkern\u00f6l<\/li>\n<li>Zieht schnell ein &amp; fettet nicht<\/li>\n<li>Geeignet f\u00fcr Gesicht &amp; K\u00f6rper<\/li>\n<li>Sommerlicher Duft<\/li>\n<li>150ml<\/li>\n<\/ul>\n<hr \/>\n<p><em>Inhaltsstoffe:<\/em> Aqua, Ethylhexyl Stearate, Alcohol Denat, Glycerin, Dimethicone, Glyceryl Stearate, PEG-100 Stearate, Caprylic\/Capric Triglyceride, Cetearyl Alcohol, Dihydroxyacetone, Xylitylglucoside, Prunus Armeniaca Kernel Oil, Phenoxyethanol, Anhydroxylitol, Parfum, Xylitol, Xanthan Gum, Allantoin, Ethylhexylglycerin, Hydroxyethyl Acrylate\/Sodium Acryloyldimethyl Taurate Copolymer, Erythrulose, Squalane, Citric Acid, Lecithin, Polysorbate 60, Helianthus Annuus Seed Oil, Ascorbyl Palmitate, Tocopherol.<\/p>\n","protected":false},"excerpt":{"rendered":"<p>Diese feuchtigkeitsspendende Lotion enth\u00e4lt einen Hauch von Selbstbr\u00e4uner f\u00fcr eine sch\u00f6ne, sonnengek\u00fcsste Haut. Sie beruhigt und pflegt die Haut nach dem Sonnenbad. Ihre Haut wird nach einem sonnigen Tag am Strand fantastisch aussehen! Und ganz wichtig, die Lotion sorgt f\u00fcr ein sch\u00f6nes und glattes Ergebnis f\u00fcr eine nat\u00fcrlich aussehende Br\u00e4une. Zieht schnell ein &amp; fettet nicht. Geeignet f\u00fcr Gesicht &amp; K\u00f6rper.<\/p>\n","protected":false},"featured_media":3487,"template":"","meta":[],"product_brand":[],"product_cat":[99],"product_tag":[],"class_list":{"0":"post-3486","1":"product","2":"type-product","3":"status-publish","4":"has-post-thumbnail","6":"product_cat-sonnenschutz","8":"first","9":"instock","10":"taxable","11":"shipping-taxable","12":"purchasable","13":"product-type-simple"},"_links":{"self":[{"href":"https:\/\/e-surf.guru\/de\/wp-json\/wp\/v2\/product\/3486","targetHints":{"allow":["GET"]}}],"collection":[{"href":"https:\/\/e-surf.guru\/de\/wp-json\/wp\/v2\/product"}],"about":[{"href":"https:\/\/e-surf.guru\/de\/wp-json\/wp\/v2\/types\/product"}],"wp:featuredmedia":[{"embeddable":true,"href":"https:\/\/e-surf.guru\/de\/wp-json\/wp\/v2\/media\/3487"}],"wp:attachment":[{"href":"https:\/\/e-surf.guru\/de\/wp-json\/wp\/v2\/media?parent=3486"}],"wp:term":[{"taxonomy":"product_brand","embeddable":true,"href":"https:\/\/e-surf.guru\/de\/wp-json\/wp\/v2\/product_brand?post=3486"},{"taxonomy":"product_cat","embeddable":true,"href":"https:\/\/e-surf.guru\/de\/wp-json\/wp\/v2\/product_cat?post=3486"},{"taxonomy":"product_tag","embeddable":true,"href":"https:\/\/e-surf.guru\/de\/wp-json\/wp\/v2\/product_tag?post=3486"}],"curies":[{"name":"wp","href":"https:\/\/api.w.org\/{rel}","templated":true}]}}