{"id":3483,"date":"2021-06-24T10:29:59","date_gmt":"2021-06-24T08:29:59","guid":{"rendered":"https:\/\/e-surfguru.digital-und-frei.de\/?post_type=product&#038;p=3483"},"modified":"2021-07-22T08:43:44","modified_gmt":"2021-07-22T06:43:44","slug":"byron-bay-aftersun-shimmer-oil","status":"publish","type":"product","link":"https:\/\/e-surf.guru\/de\/produkt\/byron-bay-aftersun-shimmer-oil\/","title":{"rendered":"Byron Bay Aftersun Schimmerndes \u00d6l"},"content":{"rendered":"<p>Verw\u00f6hnen Sie Ihren K\u00f6rper mit dem luxuri\u00f6sen Aftersun Shimmer Oil f\u00fcr eine perfekte, sonnengek\u00fcsste Haut!<\/p>\n<ul>\n<li>Mit luxuri\u00f6sem Goldglitter f\u00fcr eine sonnengek\u00fcsste Haut<\/li>\n<li>Beruhigt die sonnengestresste Haut<\/li>\n<li>Mit Anti-Oxidantien zur Vorbeugung vorzeitiger Hautalterung<\/li>\n<li>Trockenes \u00d6lspray<\/li>\n<li>Sofort trocken &amp; nicht fettend<\/li>\n<li>Vor Gebrauch sch\u00fctteln<\/li>\n<li>Aftersun-Spray<\/li>\n<li>Tropischer Sommerduft<\/li>\n<li>200ml<\/li>\n<\/ul>\n","protected":false},"excerpt":{"rendered":"<p>Byron Bay Aftersun Shimmer Oil ist ein trockenes \u00d6lspray, das Ihre Haut pflegt und nicht fettig ist. Die luxuri\u00f6sen, goldenen Glitzerpartikel verleihen Ihrer Haut einen sch\u00f6nen Schimmer, sodass Sie nach einem sonnigen Tag am Strand fantastisch aussehen! Au\u00dferdem hat das Aftersun einen sch\u00f6nen tropischen Duft und alle Flaschen haben einen trendigen Look dank des Charmes mit echten Muscheln und handgemachten Holzperlen.<\/p>\n","protected":false},"featured_media":3485,"template":"","meta":[],"product_brand":[],"product_cat":[99],"product_tag":[],"class_list":{"0":"post-3483","1":"product","2":"type-product","3":"status-publish","4":"has-post-thumbnail","6":"product_cat-sonnenschutz","8":"first","9":"instock","10":"taxable","11":"shipping-taxable","12":"purchasable","13":"product-type-simple"},"_links":{"self":[{"href":"https:\/\/e-surf.guru\/de\/wp-json\/wp\/v2\/product\/3483","targetHints":{"allow":["GET"]}}],"collection":[{"href":"https:\/\/e-surf.guru\/de\/wp-json\/wp\/v2\/product"}],"about":[{"href":"https:\/\/e-surf.guru\/de\/wp-json\/wp\/v2\/types\/product"}],"wp:featuredmedia":[{"embeddable":true,"href":"https:\/\/e-surf.guru\/de\/wp-json\/wp\/v2\/media\/3485"}],"wp:attachment":[{"href":"https:\/\/e-surf.guru\/de\/wp-json\/wp\/v2\/media?parent=3483"}],"wp:term":[{"taxonomy":"product_brand","embeddable":true,"href":"https:\/\/e-surf.guru\/de\/wp-json\/wp\/v2\/product_brand?post=3483"},{"taxonomy":"product_cat","embeddable":true,"href":"https:\/\/e-surf.guru\/de\/wp-json\/wp\/v2\/product_cat?post=3483"},{"taxonomy":"product_tag","embeddable":true,"href":"https:\/\/e-surf.guru\/de\/wp-json\/wp\/v2\/product_tag?post=3483"}],"curies":[{"name":"wp","href":"https:\/\/api.w.org\/{rel}","templated":true}]}}