{"id":3480,"date":"2021-06-24T10:26:18","date_gmt":"2021-06-24T08:26:18","guid":{"rendered":"https:\/\/e-surfguru.digital-und-frei.de\/?post_type=product&#038;p=3480"},"modified":"2021-07-22T10:34:32","modified_gmt":"2021-07-22T08:34:32","slug":"byron-bay-aftersun-cooling-aloe-vera-gel","status":"publish","type":"product","link":"https:\/\/e-surf.guru\/de\/produkt\/byron-bay-aftersun-cooling-aloe-vera-gel\/","title":{"rendered":"Byron Bay Aftersun K\u00fchlendes Aloe Vera Gel"},"content":{"rendered":"<p>Verw\u00f6hnen Sie Ihre Haut mit dem Cooling Aloe Vera Gel f\u00fcr die perfekte Abk\u00fchlung!<\/p>\n<ul>\n<li>Enth\u00e4lt 93% Aloe Vera Gel<\/li>\n<li>Sofortige Linderung bei Sonnenbrand<\/li>\n<li>Beruhigt die sonnengestresste Haut<\/li>\n<li>Versorgt die Haut mit Feuchtigkeit<\/li>\n<li>Beruhigend &amp; pflegend<\/li>\n<li>Aftersun-Spray<\/li>\n<li>Sommerfrischer Duft<\/li>\n<li>200 ml<\/li>\n<\/ul>\n<hr \/>\n<p><em>Inhaltsstoffe:<\/em> Aqua, Aloe Barbadensis Leaf Juice, Glycerin, Phenoxyethanol, Acrylates\/C10-30 Alkyl Acrylate Crosspolymer, Propanediol, Caprylyl Glycol, PEG-40 Hydrogenated Castor Oil, Xanthan Gum, Trideceth-9, 1,2-Hexanediol, Sodium Hydroxide, Parfum, Propylene Glycol, Caprylhydroxamic Acid, Potassium Sorbate, Sodium Benzoate, Citric Acid, CI 19140, CI 42051.<\/p>\n","protected":false},"excerpt":{"rendered":"<p>Byron Bay Aftersun Cooling Aloe Vera Gel enth\u00e4lt 93% Aloe Vera Gel, die perfekte Abk\u00fchlung nach einem sonnigen Tag. Das Gel beruhigt die sonnengestresste Haut und hilft, die Haut zu hydratisieren. Au\u00dferdem hat das Aftersun einen herrlich sommerlich-frischen Duft und alle Flaschen haben einen trendigen Look dank des Charmes mit echten Muscheln und handgemachten Holzperlen.<\/p>\n","protected":false},"featured_media":3482,"template":"","meta":[],"product_brand":[],"product_cat":[99],"product_tag":[],"class_list":{"0":"post-3480","1":"product","2":"type-product","3":"status-publish","4":"has-post-thumbnail","6":"product_cat-sonnenschutz","8":"first","9":"instock","10":"taxable","11":"shipping-taxable","12":"purchasable","13":"product-type-simple"},"_links":{"self":[{"href":"https:\/\/e-surf.guru\/de\/wp-json\/wp\/v2\/product\/3480","targetHints":{"allow":["GET"]}}],"collection":[{"href":"https:\/\/e-surf.guru\/de\/wp-json\/wp\/v2\/product"}],"about":[{"href":"https:\/\/e-surf.guru\/de\/wp-json\/wp\/v2\/types\/product"}],"wp:featuredmedia":[{"embeddable":true,"href":"https:\/\/e-surf.guru\/de\/wp-json\/wp\/v2\/media\/3482"}],"wp:attachment":[{"href":"https:\/\/e-surf.guru\/de\/wp-json\/wp\/v2\/media?parent=3480"}],"wp:term":[{"taxonomy":"product_brand","embeddable":true,"href":"https:\/\/e-surf.guru\/de\/wp-json\/wp\/v2\/product_brand?post=3480"},{"taxonomy":"product_cat","embeddable":true,"href":"https:\/\/e-surf.guru\/de\/wp-json\/wp\/v2\/product_cat?post=3480"},{"taxonomy":"product_tag","embeddable":true,"href":"https:\/\/e-surf.guru\/de\/wp-json\/wp\/v2\/product_tag?post=3480"}],"curies":[{"name":"wp","href":"https:\/\/api.w.org\/{rel}","templated":true}]}}