{"id":3478,"date":"2021-06-24T10:23:14","date_gmt":"2021-06-24T08:23:14","guid":{"rendered":"https:\/\/e-surfguru.digital-und-frei.de\/?post_type=product&#038;p=3478"},"modified":"2021-07-22T10:36:48","modified_gmt":"2021-07-22T08:36:48","slug":"byron-bay-face-sun-lotion-spf-30","status":"publish","type":"product","link":"https:\/\/e-surf.guru\/de\/produkt\/byron-bay-face-sun-lotion-spf-30\/","title":{"rendered":"Byron Bay Gesichts Sun Lotion SPF 30"},"content":{"rendered":"<p>Byron Bay Face Sun Lotion ist eine mattierende Gesichtscreme, die Ihre Haut vor den sch\u00e4dlichen UVA- &amp; UVB-Strahlen sch\u00fctzt. Die einzigartige Formel hilft, die vorzeitige Alterung durch die Sonne zu verhindern und spendet der Haut Feuchtigkeit. Au\u00dferdem hat die Face Sun Lotion einen k\u00f6stlichen Sommerduft und ist in einer 50ml Tube erh\u00e4ltlich.<\/p>\n<p>Sch\u00fctzen Sie Ihre Haut gut und erhalten Sie die gew\u00fcnschte goldbraune Byron Bay-Br\u00e4une!<\/p>\n<ul>\n<li>Mattierende Gesichtscreme<\/li>\n<li>Hydratisierend<\/li>\n<li>Hilft, vorzeitige sonnenbedingte Hautalterung zu verhindern<\/li>\n<li>Hoher UVA- &amp; hoher UVB-Schutz<\/li>\n<li>Hoher Schutz &#8211; SPF 30<\/li>\n<li>Mit Alo\u00eb Vera &amp; Vitamin E<\/li>\n<li>Zieht schnell ein<\/li>\n<li>Keine wei\u00dfen Streifen<\/li>\n<li>Surf- &amp; strandtauglich<\/li>\n<li>100% vegan<\/li>\n<li>Reisetube (ideal f\u00fcr das Handgep\u00e4ck)<\/li>\n<li>Sommerlicher Duft<\/li>\n<li>50 ml<\/li>\n<\/ul>\n<hr \/>\n<p><em>Inhaltsstoffe:<\/em> Aqua, C12-15 Alkyl Benzoate, Octocrylene, Ethylhexyl Salicylate, Butyl Methoxydibenzoylmethane, Cellulose, Glycerin, Dicaprylyl Ether, Dimethicone, Potassium Cetyl Phosphate, Propylheptyl Caprylate, Caprylic\/Capric Triglyceride, Cetearyl Alcohol, Parfum, Phenylbenzimidazole Sulfonic Acid, Diethylhexyl Butamido Triazone, Ethylhexyl Triazone, Phenoxyethanol, Aloe Barbadensis Leaf Juice, Laminaria Ochroleuca Extract, Aminomethyl Propanol, VP\/Acrylates\/Lauryl Methacrylate Copolymer, Tocopheryl Acetate, Benzyl Alcohol, Ethylhexylglycerin, Acrylates\/C10-30 Alkyl Acrylate Crosspolymer, Carbomer, Tetrasodium EDTA, Butylphenyl Methylpropional, Linalool, Piroctone Olamine, Limonene, Citronellol, Hexyl Cinnamal, Alpha-Isomethyl Ionone, Benzyl Salicylate, Citral, Tocopherol, Geraniol, Sodium Benzoate, Citric Acid, Potassium Sorbate.<\/p>\n","protected":false},"excerpt":{"rendered":"<p>Die mattierende Gesichtscreme sch\u00fctzt Ihre Haut &amp; versorgt sie mit Feuchtigkeit, beugt aber auch vorzeitiger sonnenbedingter Hautalterung vor. Eine sch\u00f6ne Formel, die schnell einzieht und nicht fettet. Gl\u00fcckliche Gesichter \u00fcberall :-).<\/p>\n","protected":false},"featured_media":3479,"template":"","meta":[],"product_brand":[],"product_cat":[99],"product_tag":[],"class_list":{"0":"post-3478","1":"product","2":"type-product","3":"status-publish","4":"has-post-thumbnail","6":"product_cat-sonnenschutz","8":"first","9":"instock","10":"taxable","11":"shipping-taxable","12":"purchasable","13":"product-type-simple"},"_links":{"self":[{"href":"https:\/\/e-surf.guru\/de\/wp-json\/wp\/v2\/product\/3478","targetHints":{"allow":["GET"]}}],"collection":[{"href":"https:\/\/e-surf.guru\/de\/wp-json\/wp\/v2\/product"}],"about":[{"href":"https:\/\/e-surf.guru\/de\/wp-json\/wp\/v2\/types\/product"}],"wp:featuredmedia":[{"embeddable":true,"href":"https:\/\/e-surf.guru\/de\/wp-json\/wp\/v2\/media\/3479"}],"wp:attachment":[{"href":"https:\/\/e-surf.guru\/de\/wp-json\/wp\/v2\/media?parent=3478"}],"wp:term":[{"taxonomy":"product_brand","embeddable":true,"href":"https:\/\/e-surf.guru\/de\/wp-json\/wp\/v2\/product_brand?post=3478"},{"taxonomy":"product_cat","embeddable":true,"href":"https:\/\/e-surf.guru\/de\/wp-json\/wp\/v2\/product_cat?post=3478"},{"taxonomy":"product_tag","embeddable":true,"href":"https:\/\/e-surf.guru\/de\/wp-json\/wp\/v2\/product_tag?post=3478"}],"curies":[{"name":"wp","href":"https:\/\/api.w.org\/{rel}","templated":true}]}}