{"id":3474,"date":"2021-06-24T10:08:45","date_gmt":"2021-06-24T08:08:45","guid":{"rendered":"https:\/\/e-surfguru.digital-und-frei.de\/?post_type=product&#038;p=3474"},"modified":"2021-07-22T10:36:59","modified_gmt":"2021-07-22T08:36:59","slug":"byron-bay-lotion-gelspray-spf-30","status":"publish","type":"product","link":"https:\/\/e-surf.guru\/de\/produkt\/byron-bay-lotion-gelspray-spf-30\/","title":{"rendered":"Byron Bay Lotion Gelspray SPF 30"},"content":{"rendered":"<p>Sch\u00fctzen Sie Ihre Haut gut und erhalten Sie die gew\u00fcnschte goldbraune Byron Bay-Br\u00e4une!<\/p>\n<ul>\n<li>Sunkissed feeling &#8211; f\u00fcr eine seidig weiche Haut<\/li>\n<li>Mit Walnuss\u00f6l, Vitamin E &amp; Aloe Vera<\/li>\n<li>Hilft, vorzeitige sonnenbedingte Hautalterung zu verhindern<\/li>\n<li>Hoher UVA- &amp; UVB-Schutz<\/li>\n<li>Hoher Schutz &#8211; SPF 30<\/li>\n<li>Feuchtigkeitsspendend<\/li>\n<li>Wasserfest &amp; strandfest<\/li>\n<li>Zieht schnell ein &amp; fettet nicht<\/li>\n<li>Keine wei\u00dfen Flecken<\/li>\n<li>Sofortiger Schutz<\/li>\n<li>Lotion-Sonnenspray<\/li>\n<li>Tropischer Duft<\/li>\n<li>200 ml<\/li>\n<\/ul>\n<hr \/>\n<p><em>Inhaltsstoffe:<\/em> Aqua, C12-15 Alkyl Benzoate, Ethylhexyl Salicylate, Octocrylene, Butyl Methoxydibenzoylmethane, Alcohol Denat, Glycerin, Dimethicone, Triacontanyl PVP, Dicaprylyl Carbonate, Ethylhexyl Triazone, Parfum, Diethylhexyl Butamido Triazone, Juglans Regia Seed Oil, Phenylbenzimidazole Sulfonic Acid, Tocopheryl Acetate, Aloe Barbadensis Leaf Juice, Microcrystalline Cellulose, Glyceryl Stearate, Aminomethyl Propanol, Sodium Stearoyl Glutamate, Caramel, Acrylates\/C10-30 Alkyl Acrylate Crosspolymer, Xanthan Gum, Cetyl Alcohol, Tetrasodium EDTA, Zea Mays Oil, Phenoxyethanol, Benzyl Alcohol, Piroctone Olamine, Cellulose Gum, Lecithin, Ascorbyl Palmitate, Tocopherol.<\/p>\n<p>Hinweis: Kann Spuren von N\u00fcssen enthalten.<\/p>\n","protected":false},"excerpt":{"rendered":"<p>Byron Bay Lotion Gelspray SPF 30 sch\u00fctzt Ihre Haut vor den sch\u00e4dlichen UVA- und UVB-Strahlen. Die einzigartige Formel verleiht Ihrer Haut ein sch\u00f6nes, seidenweiches Gef\u00fchl und hilft, vorzeitige Alterung durch die Sonne zu verhindern. Au\u00dferdem hat das Lotion Gelspray einen k\u00f6stlichen tropischen Duft und alle Flaschen haben einen trendigen Look dank des Charmes mit echten Muscheln und handgemachten Holzperlen.<\/p>\n","protected":false},"featured_media":3475,"template":"","meta":[],"product_brand":[],"product_cat":[99],"product_tag":[],"class_list":{"0":"post-3474","1":"product","2":"type-product","3":"status-publish","4":"has-post-thumbnail","6":"product_cat-sonnenschutz","8":"first","9":"instock","10":"taxable","11":"shipping-taxable","12":"purchasable","13":"product-type-simple"},"_links":{"self":[{"href":"https:\/\/e-surf.guru\/de\/wp-json\/wp\/v2\/product\/3474","targetHints":{"allow":["GET"]}}],"collection":[{"href":"https:\/\/e-surf.guru\/de\/wp-json\/wp\/v2\/product"}],"about":[{"href":"https:\/\/e-surf.guru\/de\/wp-json\/wp\/v2\/types\/product"}],"wp:featuredmedia":[{"embeddable":true,"href":"https:\/\/e-surf.guru\/de\/wp-json\/wp\/v2\/media\/3475"}],"wp:attachment":[{"href":"https:\/\/e-surf.guru\/de\/wp-json\/wp\/v2\/media?parent=3474"}],"wp:term":[{"taxonomy":"product_brand","embeddable":true,"href":"https:\/\/e-surf.guru\/de\/wp-json\/wp\/v2\/product_brand?post=3474"},{"taxonomy":"product_cat","embeddable":true,"href":"https:\/\/e-surf.guru\/de\/wp-json\/wp\/v2\/product_cat?post=3474"},{"taxonomy":"product_tag","embeddable":true,"href":"https:\/\/e-surf.guru\/de\/wp-json\/wp\/v2\/product_tag?post=3474"}],"curies":[{"name":"wp","href":"https:\/\/api.w.org\/{rel}","templated":true}]}}