{"id":3469,"date":"2021-06-24T10:03:17","date_gmt":"2021-06-24T08:03:17","guid":{"rendered":"https:\/\/e-surfguru.digital-und-frei.de\/?post_type=product&#038;p=3469"},"modified":"2021-07-22T10:40:02","modified_gmt":"2021-07-22T08:40:02","slug":"byron-bay-coconut-oilspray-spf-30","status":"publish","type":"product","link":"https:\/\/e-surf.guru\/de\/produkt\/byron-bay-coconut-oilspray-spf-30\/","title":{"rendered":"Byron Bay Coconut \u00d6lspray SPF 30"},"content":{"rendered":"<p>Sch\u00fctzen Sie Ihre Haut gut und erhalten Sie die gew\u00fcnschte goldbraune Byron Bay-Br\u00e4une!<\/p>\n<ul>\n<li>Mit hautpflegenden \u00d6len, Also Vera und Vitamin E<\/li>\n<li>Hilft, vorzeitige sonnenbedingte Hautalterung zu verhindern<\/li>\n<li>Mit Kokos &amp; Karotten \u00f6l<\/li>\n<li>UVA- &amp; UVB-Schutz<\/li>\n<li>Hoher Schutz &#8211; SPF 30<\/li>\n<li>Wasserfest &amp; strandbest\u00e4ndig<\/li>\n<li>Nicht fettend &#8211; zieht schnell ein<\/li>\n<li>Sofortiger Schutz<\/li>\n<li>Kokosnuss-Duft<\/li>\n<li>200 ml<\/li>\n<\/ul>\n<hr \/>\n<p><em>Inhaltsstoffe:<\/em> Paraffinum Liquidum, C12-15 Alkyl Benzoate, Octocrylene, Ethylhexyl Stearate, Homosalate, Cyclopentasiloxane, Ethylhexyl Salicylate, Butyl Methoxydibenzoylmethane, Diethylhexyl Butamido Triazone, Bis-Ethylhexyloxyphenol Methoxyphenyl Triazine, Parfum, Helianthus Annuus Seed Oil, Cocos Nucifera Oil, Tocopheryl Acetate, Zea Mays Oil, Lecithin, Aloe Barbadensis Leaf Extract, Retinyl Palmitate, Beta-Carotene, Daucus Carota Oil, Daucus Carota Extract, Arachis Hypogaea Oil, Ascorbyl Palmitate, Tocopherol.<\/p>\n<p>Hinweis: Kann Spuren von N\u00fcssen enthalten.<\/p>\n","protected":false},"excerpt":{"rendered":"<p>Byron Bay Coconut Oilspray SPF 30 sch\u00fctzt Ihre Haut vor den sch\u00e4dlichen UVA- und UVB-Strahlen. Die einzigartige Formel hilft, vorzeitige Alterung durch die Sonne zu verhindern. Au\u00dferdem hat das Oilspray einen k\u00f6stlichen Kokosnussduft und alle Flaschen haben einen trendigen Look dank des Charmes mit echten Muscheln und handgefertigten Holzperlen.<\/p>\n","protected":false},"featured_media":3470,"template":"","meta":[],"product_brand":[],"product_cat":[99],"product_tag":[],"class_list":{"0":"post-3469","1":"product","2":"type-product","3":"status-publish","4":"has-post-thumbnail","6":"product_cat-sonnenschutz","8":"first","9":"instock","10":"taxable","11":"shipping-taxable","12":"purchasable","13":"product-type-simple"},"_links":{"self":[{"href":"https:\/\/e-surf.guru\/de\/wp-json\/wp\/v2\/product\/3469","targetHints":{"allow":["GET"]}}],"collection":[{"href":"https:\/\/e-surf.guru\/de\/wp-json\/wp\/v2\/product"}],"about":[{"href":"https:\/\/e-surf.guru\/de\/wp-json\/wp\/v2\/types\/product"}],"wp:featuredmedia":[{"embeddable":true,"href":"https:\/\/e-surf.guru\/de\/wp-json\/wp\/v2\/media\/3470"}],"wp:attachment":[{"href":"https:\/\/e-surf.guru\/de\/wp-json\/wp\/v2\/media?parent=3469"}],"wp:term":[{"taxonomy":"product_brand","embeddable":true,"href":"https:\/\/e-surf.guru\/de\/wp-json\/wp\/v2\/product_brand?post=3469"},{"taxonomy":"product_cat","embeddable":true,"href":"https:\/\/e-surf.guru\/de\/wp-json\/wp\/v2\/product_cat?post=3469"},{"taxonomy":"product_tag","embeddable":true,"href":"https:\/\/e-surf.guru\/de\/wp-json\/wp\/v2\/product_tag?post=3469"}],"curies":[{"name":"wp","href":"https:\/\/api.w.org\/{rel}","templated":true}]}}