{"id":3461,"date":"2021-06-24T09:56:38","date_gmt":"2021-06-24T07:56:38","guid":{"rendered":"https:\/\/e-surfguru.digital-und-frei.de\/?post_type=product&#038;p=3461"},"modified":"2021-07-22T10:41:00","modified_gmt":"2021-07-22T08:41:00","slug":"byron-bay-tan-activator-spf-30-travel-size","status":"publish","type":"product","link":"https:\/\/e-surf.guru\/de\/produkt\/byron-bay-tan-activator-spf-30-travel-size\/","title":{"rendered":"Byron Bay Br\u00e4unungsaktivator SPF 30 Reisegr\u00f6\u00dfe"},"content":{"rendered":"<p>Der Byron Bay Tan Activator SPF 30 sch\u00fctzt Ihre Haut vor den sch\u00e4dlichen UVA- und UVB-Strahlen. Die einzigartige Formel enth\u00e4lt einen Br\u00e4unungsstimulator f\u00fcr eine tiefere Br\u00e4une und hilft, vorzeitige sonnenbedingte Alterung zu verhindern. Au\u00dferdem hat der Tan Activator einen zarten Sommerduft und wird in einer Reisetube geliefert.<\/p>\n<p>Sch\u00fctzen Sie Ihre Haut gut und erhalten Sie die gew\u00fcnschte goldbraune Byron Bay-Br\u00e4une!<\/p>\n<ul>\n<li>Mit Br\u00e4unungsstimulator f\u00fcr eine tiefere Br\u00e4une<\/li>\n<li>Hilft, vorzeitige sonnenbedingte Hautalterung zu verhindern<\/li>\n<li>Hoher UVA- &amp; hoher UVB-Schutz<\/li>\n<li>Hoher Schutz &#8211; SPF 30<\/li>\n<li>Feuchtigkeitsspendend<\/li>\n<li>Wasserfest &amp; strandfest<\/li>\n<li>Zieht schnell ein &amp; fettet nicht<\/li>\n<li>Keine wei\u00dfen Flecken<\/li>\n<li>Sofortiger Schutz<\/li>\n<li>Tube in Reisegr\u00f6\u00dfe<\/li>\n<li>Zarter Sommerduft<\/li>\n<li>100 ml<\/li>\n<\/ul>\n<hr \/>\n<p><em>Inhaltsstoffe:<\/em> Aqua, C12-15 Alkyl Benzoate, Glycerin, Ethylhexyl Salicylate, Butyl Methoxydibenzoylmethane, Octocrylene, Ethylhexyl Stearate, Phenylbenzimidazole Sulfonic Acid, Titanium Dioxide (nano), Triacontanyl PVP, Glyceryl Stearate, Phenoxyethanol, Cetearyl Alcohol, Cyclopentasiloxane, Tris-Biphenyl Triazine (nano), Aminomethyl Propanol, Castus extract, Alcohol, Parfum, Benzyl Alcohol, Silica, Sodium Cetearyl Sulfate, Tocopheryl Acetate, Acrylates\/C10-30 Alkyl Acrylate Crosspolymer, Decyl Glucoside, Acetyl Tyrosine, Xanthan Gum, Piroctone Olamine, Lecithin, Tetrasodium EDTA, Avena Strigosa Seed Extract, Disodium Phosphate, Butylene Glycol, Potassium Sorbate, Citric Acid.<\/p>\n","protected":false},"excerpt":{"rendered":"<p>Einer unserer Fav&#8217;s ist auch in einer Tube in Reisegr\u00f6\u00dfe erh\u00e4ltlich! Lieben Sie auch die gew\u00fcnschte goldbraune Byron Bay-Br\u00e4une? Diese Tan Activator Tube ist das Musthave f\u00fcr Sie! Die einzigartige Formel verleiht Ihrer Haut ein wundersch\u00f6nes, seidenweiches Gef\u00fchl und hilft, vorzeitige, sonnenbedingte Hautalterung zu verhindern. Ideal zum Mitnehmen in der Tasche oder im Gep\u00e4ck, gern geschehen ;-)&#8230;<\/p>\n","protected":false},"featured_media":3462,"template":"","meta":[],"product_brand":[],"product_cat":[99],"product_tag":[],"class_list":{"0":"post-3461","1":"product","2":"type-product","3":"status-publish","4":"has-post-thumbnail","6":"product_cat-sonnenschutz","8":"first","9":"instock","10":"taxable","11":"shipping-taxable","12":"purchasable","13":"product-type-simple"},"_links":{"self":[{"href":"https:\/\/e-surf.guru\/de\/wp-json\/wp\/v2\/product\/3461","targetHints":{"allow":["GET"]}}],"collection":[{"href":"https:\/\/e-surf.guru\/de\/wp-json\/wp\/v2\/product"}],"about":[{"href":"https:\/\/e-surf.guru\/de\/wp-json\/wp\/v2\/types\/product"}],"wp:featuredmedia":[{"embeddable":true,"href":"https:\/\/e-surf.guru\/de\/wp-json\/wp\/v2\/media\/3462"}],"wp:attachment":[{"href":"https:\/\/e-surf.guru\/de\/wp-json\/wp\/v2\/media?parent=3461"}],"wp:term":[{"taxonomy":"product_brand","embeddable":true,"href":"https:\/\/e-surf.guru\/de\/wp-json\/wp\/v2\/product_brand?post=3461"},{"taxonomy":"product_cat","embeddable":true,"href":"https:\/\/e-surf.guru\/de\/wp-json\/wp\/v2\/product_cat?post=3461"},{"taxonomy":"product_tag","embeddable":true,"href":"https:\/\/e-surf.guru\/de\/wp-json\/wp\/v2\/product_tag?post=3461"}],"curies":[{"name":"wp","href":"https:\/\/api.w.org\/{rel}","templated":true}]}}