{"id":3458,"date":"2021-06-24T09:51:51","date_gmt":"2021-06-24T07:51:51","guid":{"rendered":"https:\/\/e-surfguru.digital-und-frei.de\/?post_type=product&#038;p=3458"},"modified":"2021-07-22T10:43:05","modified_gmt":"2021-07-22T08:43:05","slug":"byron-bay-tan-activator-spf-50","status":"publish","type":"product","link":"https:\/\/e-surf.guru\/de\/produkt\/byron-bay-tan-activator-spf-50\/","title":{"rendered":"Byron Bay Br\u00e4unungsaktivator SPF 50"},"content":{"rendered":"<p>Sch\u00fctzen Sie Ihre Haut gut und erhalten Sie die gew\u00fcnschte goldbraune Byron Bay-Br\u00e4une!<\/p>\n<ul>\n<li>Mit Br\u00e4unungsstimulator f\u00fcr eine tiefere Br\u00e4une<\/li>\n<li>Hilft, vorzeitige sonnenbedingte Alterung zu verhindern<\/li>\n<li>UVA- &amp; UVB-Schutz<\/li>\n<li>Hoher Schutz &#8211; SPF 50<\/li>\n<li>Hydratisierend<\/li>\n<li>Wasserfest &amp; strandfest<\/li>\n<li>Zieht schnell ein &amp; fettet nicht<\/li>\n<li>Keine wei\u00dfen Flecken<\/li>\n<li>Sofortiger Schutz<\/li>\n<li>Lotion-Sonnenspray<\/li>\n<li>Zarter Sommerduft<\/li>\n<li>200 ml<\/li>\n<\/ul>\n<hr \/>\n<p><em>Inhaltsstoffe:<\/em> Aqua, C12-15 Alkyl Benzoate, Octocrylene, Butyl Methoxydibenzoylmethane, Ethylhexyl Salicylate, Glycerin, Dicaprylyl Carbonate, Ethylhexyl Triazone, Potassium Cetyl Phosphate, Glyceryl Stearate, Titanium Dioxide (Nano), Aloe Barbadensis Leaf Juice, Triacontanyl PVP, Phenylbenzimidazole Sulfonic Acid, Phenoxyethanol, Cetearyl Alcohol, Sodium Stearoyl Glutamate, Silica, Parfum, Tocopheryl Acetate, Xanthan Gum, Mannose, Glucose, Beta-Glucan, Sodium Hyaluronate, Sodium Chloride, Tocopherol, Glycine Soja Oil, Ethylhexylglycerin, Octenidine HCl, Tetrasodium Iminodisuccinate, Sodium Hydroxide.<\/p>\n","protected":false},"excerpt":{"rendered":"<p>Der Byron Bay Tan Activator SPF 50 sch\u00fctzt Ihre Haut vor den sch\u00e4dlichen UVA- und UVB-Strahlen. Die einzigartige Formel enth\u00e4lt einen Br\u00e4unungsstimulator f\u00fcr eine tiefere Br\u00e4une und hilft, vorzeitige sonnenbedingte Alterung zu verhindern. Au\u00dferdem hat der Tan Activator einen zarten Sommerduft und alle Flaschen haben einen trendigen Look dank des Charmes mit echten Muscheln und handgefertigten Holzperlen.<\/p>\n","protected":false},"featured_media":3460,"template":"","meta":[],"product_brand":[],"product_cat":[99],"product_tag":[],"class_list":{"0":"post-3458","1":"product","2":"type-product","3":"status-publish","4":"has-post-thumbnail","6":"product_cat-sonnenschutz","8":"first","9":"instock","10":"taxable","11":"shipping-taxable","12":"purchasable","13":"product-type-simple"},"_links":{"self":[{"href":"https:\/\/e-surf.guru\/de\/wp-json\/wp\/v2\/product\/3458","targetHints":{"allow":["GET"]}}],"collection":[{"href":"https:\/\/e-surf.guru\/de\/wp-json\/wp\/v2\/product"}],"about":[{"href":"https:\/\/e-surf.guru\/de\/wp-json\/wp\/v2\/types\/product"}],"wp:featuredmedia":[{"embeddable":true,"href":"https:\/\/e-surf.guru\/de\/wp-json\/wp\/v2\/media\/3460"}],"wp:attachment":[{"href":"https:\/\/e-surf.guru\/de\/wp-json\/wp\/v2\/media?parent=3458"}],"wp:term":[{"taxonomy":"product_brand","embeddable":true,"href":"https:\/\/e-surf.guru\/de\/wp-json\/wp\/v2\/product_brand?post=3458"},{"taxonomy":"product_cat","embeddable":true,"href":"https:\/\/e-surf.guru\/de\/wp-json\/wp\/v2\/product_cat?post=3458"},{"taxonomy":"product_tag","embeddable":true,"href":"https:\/\/e-surf.guru\/de\/wp-json\/wp\/v2\/product_tag?post=3458"}],"curies":[{"name":"wp","href":"https:\/\/api.w.org\/{rel}","templated":true}]}}