{"id":3456,"date":"2021-06-24T09:49:31","date_gmt":"2021-06-24T07:49:31","guid":{"rendered":"https:\/\/e-surfguru.digital-und-frei.de\/?post_type=product&#038;p=3456"},"modified":"2021-07-22T10:43:11","modified_gmt":"2021-07-22T08:43:11","slug":"byron-bay-tan-activator-spf-30","status":"publish","type":"product","link":"https:\/\/e-surf.guru\/de\/produkt\/byron-bay-tan-activator-spf-30\/","title":{"rendered":"Byron Bay Br\u00e4unungsaktivator SPF 30"},"content":{"rendered":"<p>Der Byron Bay Tan Activator hat die maximale Boots 5-Sterne-Bewertung f\u00fcr den Schutz gegen die sch\u00e4dliche, tief eindringende UVA-Strahlung.<\/p>\n<p>Sch\u00fctzen Sie Ihre Haut gut und erhalten Sie die gew\u00fcnschte goldbraune Byron Bay-Br\u00e4une!<\/p>\n<ul>\n<li>Mit Br\u00e4unungsstimulator f\u00fcr eine tiefere Br\u00e4une<\/li>\n<li>Hilft, vorzeitige sonnenbedingte Alterung zu verhindern<\/li>\n<li>UVA- &amp; UVB-Schutz<\/li>\n<li>Mittlerer Schutz &#8211; SPF 30<\/li>\n<li>Hydratisierend<\/li>\n<li>Wasserfest &amp; strandfest<\/li>\n<li>Zieht schnell ein &amp; fettet nicht<\/li>\n<li>Keine wei\u00dfen Flecken<\/li>\n<li>Sofortiger Schutz<\/li>\n<li>Lotion-Sonnenspray<\/li>\n<li>Zarter Sommerduft<\/li>\n<li>200 ml<\/li>\n<\/ul>\n<hr \/>\n<p><em>Inhaltsstoffe:<\/em> Aqua, C12-15 Alkyl Benzoate, Ethylhexyl Salicylate, Butyl Methoxydibenzoylmethane, Octocrylene, Diethylamino Hydroxybenzoyl Hexyl Benzoate, Glycerin, Dicaprylyl Ether, Triacontanyl PVP, Phenylbenzimidazole Sulfonic Acid, Ethylhexyl Triazone, Vitex Agnus Castus Extract, Avena Strigosa Seed Extract, Bis-Ethylhexyloxyphenol Methoxyphenyl Triazine, Aminomethyl Propanol, Alcohol, Acetyl Tyrosine, Parfum, Cetyl Alcohol, Glyceryl Stearate, Microcrystalline Cellulose, Tocopheryl Acetate, Sodium Stearoyl Glutamate, Diethylhexyl Butamido Triazone, Acrylates\/C10-30 Alkyl Acrylate Crosspolymer, Cellulose Gum, Xanthan Gum, Phenoxyethanol, Benzyl Alcohol, Lecithin, Tocopherol, Potassium Sorbate, Citric Acid.<\/p>\n","protected":false},"excerpt":{"rendered":"<p>Der Byron Bay Tan Activator SPF 30 sch\u00fctzt Ihre Haut vor den sch\u00e4dlichen UVA- und UVB-Strahlen. Die einzigartige Formel enth\u00e4lt einen Br\u00e4unungsstimulator f\u00fcr eine tiefere Br\u00e4une und hilft, vorzeitige sonnenbedingte Alterung zu verhindern. Au\u00dferdem hat der Tan Activator einen zarten Sommerduft und alle Flaschen haben einen trendigen Look dank des Charmes mit echten Muscheln und handgefertigten Holzperlen.<\/p>\n<p>&nbsp;<\/p>\n","protected":false},"featured_media":3457,"template":"","meta":[],"product_brand":[],"product_cat":[99],"product_tag":[],"class_list":{"0":"post-3456","1":"product","2":"type-product","3":"status-publish","4":"has-post-thumbnail","6":"product_cat-sonnenschutz","8":"first","9":"instock","10":"taxable","11":"shipping-taxable","12":"purchasable","13":"product-type-simple"},"_links":{"self":[{"href":"https:\/\/e-surf.guru\/de\/wp-json\/wp\/v2\/product\/3456","targetHints":{"allow":["GET"]}}],"collection":[{"href":"https:\/\/e-surf.guru\/de\/wp-json\/wp\/v2\/product"}],"about":[{"href":"https:\/\/e-surf.guru\/de\/wp-json\/wp\/v2\/types\/product"}],"wp:featuredmedia":[{"embeddable":true,"href":"https:\/\/e-surf.guru\/de\/wp-json\/wp\/v2\/media\/3457"}],"wp:attachment":[{"href":"https:\/\/e-surf.guru\/de\/wp-json\/wp\/v2\/media?parent=3456"}],"wp:term":[{"taxonomy":"product_brand","embeddable":true,"href":"https:\/\/e-surf.guru\/de\/wp-json\/wp\/v2\/product_brand?post=3456"},{"taxonomy":"product_cat","embeddable":true,"href":"https:\/\/e-surf.guru\/de\/wp-json\/wp\/v2\/product_cat?post=3456"},{"taxonomy":"product_tag","embeddable":true,"href":"https:\/\/e-surf.guru\/de\/wp-json\/wp\/v2\/product_tag?post=3456"}],"curies":[{"name":"wp","href":"https:\/\/api.w.org\/{rel}","templated":true}]}}