{"id":3152,"date":"2021-06-22T14:17:53","date_gmt":"2021-06-22T12:17:53","guid":{"rendered":"https:\/\/e-surfguru.digital-und-frei.de\/?post_type=product&#038;p=3152"},"modified":"2021-07-21T21:15:35","modified_gmt":"2021-07-21T19:15:35","slug":"spruehpumpe","status":"publish","type":"product","link":"https:\/\/e-surf.guru\/de\/produkt\/spruehpumpe\/","title":{"rendered":"Spr\u00fchpumpe"},"content":{"rendered":"","protected":false},"excerpt":{"rendered":"<dl class=\"grid-x grid-margin-x item-desc align-middle\">\n<dd class=\"cell medium-6\">Spr\u00fchpumpe zum Sp\u00fclen des K\u00fchlsystems nach Salzwassereinwirkung.<\/dd>\n<\/dl>\n","protected":false},"featured_media":5157,"template":"","meta":[],"product_brand":[],"product_cat":[94],"product_tag":[],"class_list":{"0":"post-3152","1":"product","2":"type-product","3":"status-publish","4":"has-post-thumbnail","6":"product_cat-lampuga-de","8":"first","9":"instock","10":"taxable","11":"shipping-taxable","12":"purchasable","13":"product-type-simple"},"_links":{"self":[{"href":"https:\/\/e-surf.guru\/de\/wp-json\/wp\/v2\/product\/3152","targetHints":{"allow":["GET"]}}],"collection":[{"href":"https:\/\/e-surf.guru\/de\/wp-json\/wp\/v2\/product"}],"about":[{"href":"https:\/\/e-surf.guru\/de\/wp-json\/wp\/v2\/types\/product"}],"wp:featuredmedia":[{"embeddable":true,"href":"https:\/\/e-surf.guru\/de\/wp-json\/wp\/v2\/media\/5157"}],"wp:attachment":[{"href":"https:\/\/e-surf.guru\/de\/wp-json\/wp\/v2\/media?parent=3152"}],"wp:term":[{"taxonomy":"product_brand","embeddable":true,"href":"https:\/\/e-surf.guru\/de\/wp-json\/wp\/v2\/product_brand?post=3152"},{"taxonomy":"product_cat","embeddable":true,"href":"https:\/\/e-surf.guru\/de\/wp-json\/wp\/v2\/product_cat?post=3152"},{"taxonomy":"product_tag","embeddable":true,"href":"https:\/\/e-surf.guru\/de\/wp-json\/wp\/v2\/product_tag?post=3152"}],"curies":[{"name":"wp","href":"https:\/\/api.w.org\/{rel}","templated":true}]}}