{"id":3130,"date":"2021-06-22T13:42:18","date_gmt":"2021-06-22T11:42:18","guid":{"rendered":"https:\/\/e-surfguru.digital-und-frei.de\/?post_type=product&#038;p=3130"},"modified":"2021-08-09T14:14:03","modified_gmt":"2021-08-09T12:14:03","slug":"lampuga-air","status":"publish","type":"product","link":"https:\/\/e-surf.guru\/de\/produkt\/lampuga-air\/","title":{"rendered":"Lampuga Air"},"content":{"rendered":"<p><strong>Leistung:<\/strong> bis zu 50 km\/h<br \/>\n<strong>Motor:<\/strong> 14 PS<br \/>\n<strong>Gewicht:<\/strong> ca. 55 kg (Batterie ca. 27 kg)<br \/>\n<strong>Batterie:<\/strong> bis zu 45 min.<br \/>\n<strong>Ladezeit:<\/strong> ca. 120 min.<br \/>\n<strong>Material:<\/strong> double layer PVC<\/p>\n<p><strong>Im Lieferumfang erhalten:<br \/>\n<\/strong>Aufblasbarer PVC Rumpf<br \/>\nPowerbox<br \/>\nWechselakku<br \/>\nFinnen<br \/>\nFernbedienung mit Halteseil<br \/>\nLeash mit Killswitch-Magnet<br \/>\nArmband und Signalpfeife<br \/>\nLadeger\u00e4t f\u00fcr den Wechselakku<br \/>\nLuftpumpe<br \/>\nInduktive Ladestation f\u00fcr die Fernbedienung<br \/>\nSp\u00fclset<br \/>\nRepair-Kit (PVC Rumpf)<br \/>\nZubeh\u00f6rkoffer<\/p>\n","protected":false},"excerpt":{"rendered":"<p>Mit seiner Kombination aus gro\u00dfartiger Leistung, praktischem Design und au\u00dfergew\u00f6hnlichem Komfort ist das Lampuga Air das ultimative Wasserspielzeug! Das aufblasbare Jetboard setzt sich aus zwei Teilen zusammen und bietet so eine hervorragende Balance, Stabilit\u00e4t und Kontrolle.<\/p>\n","protected":false},"featured_media":6200,"template":"","meta":[],"product_brand":[],"product_cat":[94],"product_tag":[],"class_list":{"0":"post-3130","1":"product","2":"type-product","3":"status-publish","4":"has-post-thumbnail","6":"product_cat-lampuga-de","8":"first","9":"instock","10":"taxable","11":"shipping-taxable","12":"purchasable","13":"product-type-variable"},"_links":{"self":[{"href":"https:\/\/e-surf.guru\/de\/wp-json\/wp\/v2\/product\/3130","targetHints":{"allow":["GET"]}}],"collection":[{"href":"https:\/\/e-surf.guru\/de\/wp-json\/wp\/v2\/product"}],"about":[{"href":"https:\/\/e-surf.guru\/de\/wp-json\/wp\/v2\/types\/product"}],"wp:featuredmedia":[{"embeddable":true,"href":"https:\/\/e-surf.guru\/de\/wp-json\/wp\/v2\/media\/6200"}],"wp:attachment":[{"href":"https:\/\/e-surf.guru\/de\/wp-json\/wp\/v2\/media?parent=3130"}],"wp:term":[{"taxonomy":"product_brand","embeddable":true,"href":"https:\/\/e-surf.guru\/de\/wp-json\/wp\/v2\/product_brand?post=3130"},{"taxonomy":"product_cat","embeddable":true,"href":"https:\/\/e-surf.guru\/de\/wp-json\/wp\/v2\/product_cat?post=3130"},{"taxonomy":"product_tag","embeddable":true,"href":"https:\/\/e-surf.guru\/de\/wp-json\/wp\/v2\/product_tag?post=3130"}],"curies":[{"name":"wp","href":"https:\/\/api.w.org\/{rel}","templated":true}]}}