{"id":5939,"date":"2021-08-02T19:19:23","date_gmt":"2021-08-02T17:19:23","guid":{"rendered":"https:\/\/e-surf.guru\/mietbedingungen\/"},"modified":"2021-08-02T19:25:49","modified_gmt":"2021-08-02T17:25:49","slug":"allgemeine-mietbedingungen","status":"publish","type":"page","link":"https:\/\/e-surf.guru\/de\/allgemeine-mietbedingungen\/","title":{"rendered":"Allgemeine Mietbedingungen"},"content":{"rendered":"<div class=\"wpb-content-wrapper\"><p>[vc_row gap=&#8220;10&#8243; row_content_width=&#8220;grid&#8220; el_class=&#8220;agb&#8220; css=&#8220;.vc_custom_1627650577726{padding-bottom: 150px !important;}&#8220;][vc_column width=&#8220;2\/3&#8243;]<div class=\"qodef-section-title-holder  \" >\n\t<div class=\"qodef-st-inner\">\n        \t\t\t\t\t<h1 class=\"qodef-st-title\" >\n\t\t\t\tAllgemeine Mietbedingungen\t\t\t<\/h1>\n\t\t        \t\t\t\t\t<\/div>\n<\/div>[vc_empty_space][vc_column_text]<strong>Allgemeine Mietbedingungen f\u00fcr Wassersportger\u00e4te der E-NIC Ltd.<\/strong><br \/>\n(Juli 2021)<\/p>\n<p><strong>1. Leistungsumfang<\/strong><br \/>\nE-NIC Ltd. vermietet Wassersportger\u00e4te an den Kunden gem\u00e4\u00df der vertraglichen Vereinbarung. Die jeweils g\u00fcltigen Allgemeinen Nutzungsbedingungen sind Bestandteil des Vertrages und k\u00f6nnen auf der Homepage der E-NIC Ltd sowie in den R\u00e4umlichkeiten der E-NIC Ltd eingesehen werden.<\/p>\n<p>F\u00fcr die Anmietung m\u00fcssen folgende Bedingungen erf\u00fcllt sein:<\/p>\n<p>\u2022 Der Kunde muss mindestens 18 Jahre alt sein.<br \/>\n\u2022 Die Vermietung erfolgt nur gegen Angabe der pers\u00f6nlichen Daten (Name, Adresse, E-Mail, Telefonnummer) und gegen Vorlage des Personalausweises oder Reisepass.<br \/>\n\u2022 Der Kunde erkl\u00e4rt im eigenen Namen und\/oder im Namen des Nutzers des Wassersportger\u00e4tes, dass aus medizinischer Sicht keine Bedenken gegen die Nutzung des Wassersportger\u00e4tes bestehen (u. a. Diabetes, Epilepsie, etc.)<br \/>\n\u2022 Der Benutzer des Wassersportger\u00e4tes kann gut schwimmen und kennt die Risiken des Schwimmens im offenen Meer und kann sich mindestens 30 Minuten \u00fcber Wasser halten.<br \/>\n\u2022 Die Benutzung von Wassersportger\u00e4ten ist ab 14 Jahren erlaubt. Bei Minderj\u00e4hrigen erfolgt die Vermietung \u00fcber den Erziehungsberechtigten, der gegen\u00fcber E-NIC Ltd. der Kunde ist.<\/p>\n<p>Es ist nicht m\u00f6glich, Wassersportger\u00e4te unter Alkoholeinfluss, narkotisierenden Substanzen und Drogeneinfluss zu mieten. Wenn E-NIC Ltd. feststellt, dass der Kunde und\/oder der Benutzer seiner Wassersportausr\u00fcstung alkoholisiert u.a. ist, kann er von der Vermietung ausgeschlossen werden. Eine R\u00fcckerstattung der gezahlten Mietbeitr\u00e4ge ist nicht m\u00f6glich. Etwaige Regressanspr\u00fcche des Kunden gehen zu Lasten des Kunden.<\/p>\n<p><strong>2. Anmeldung\/Buchung<\/strong><br \/>\nAnmeldungen\/Buchungen m\u00fcssen \u00fcber das Buchungssystem auf der Homepage der E-NICs Ltd. www.e-surf.guru oder direkt bei uns vor Ort in Ta` Xbiex. vorgenommen werden.<br \/>\nMit der Registrierung\/Buchung werden diese Allgemeinen Nutzungsbedingungen akzeptiert. Mit der Online-Buchung wird der gew\u00fcnschte Vertrag verbindlich.<\/p>\n<p><strong>3. Vertragslaufzeit<\/strong><br \/>\nDie Mietdauer von Wassersportger\u00e4ten richtet sich nach der im Vertrag angegebenen Nutzungsdauer.<\/p>\n<p><strong>4. Zahlung<\/strong><br \/>\nDer vereinbarte Mietpreis f\u00fcr das Wassersportger\u00e4t ist in jedem Fall vor Mietbeginn zu zahlen!<br \/>\nDie Rechnungsstellung erfolgt durch E-NIC Ltd. in elektronischer Form. Mit Vertragsschluss erkl\u00e4rt sich der Kunde damit einverstanden, Rechnungen in elektronischer Form zu akzeptieren.<br \/>\nWird der Vertrag aus Gr\u00fcnden, die der Kunde zu vertreten hat, vorzeitig beendet, hat der Kunde der E-NIC Ltd. Schadensersatz zu leisten. Die H\u00f6he des Schadensersatzes berechnet sich aus den bis zum regul\u00e4ren Vertragsende entgangenen Ums\u00e4tzen.<br \/>\nAlle Preise verstehen sich zuz\u00fcglich Mehrwertsteuer.<br \/>\nDer Kunde hat die M\u00f6glichkeit, die Miete per PayPal oder per Kreditkarte\/Girokarte zu bezahlen. Im Gesch\u00e4ft akzeptiert E-NIC Ltd Barzahlung.<br \/>\nF\u00fcr eine Zahlung per PayPal ben\u00f6tigt der Kunde ein entsprechendes PayPal-Konto. Diese erhalten Sie bei PayPal (Europe) S.\u00e0.r.l. &amp; Cie, S.C.A. dort Ihre Bank- oder Kreditkartendaten einrichten und hinterlegen. Bei Zahlung per PayPal m\u00fcssen Sie Ihre PayPal-Daten angeben. Ihr PayPal-Konto und letztendlich Ihr Bank- oder Kreditkartenkonto werden dann mit dem Kaufpreis belastet.<br \/>\nBei Zahlung per EC- oder Kreditkarte geben Sie bitte die w\u00e4hrend des Bezahlvorgangs abgefragten Daten ein.<\/p>\n<p><strong>5. Kaution<\/strong><br \/>\nZur Absicherung der Forderungen von E-NIC Ltd. wird eine Kaution per Kreditkarte geleistet. Die Kaution wird nach Vertragsende zur\u00fcckgezahlt, sofern E NIC-Ltd. hat keine weiteren Anspr\u00fcche gegen den Kunden.<\/p>\n<p><strong>6. Bestellvorgang und Vertragsschluss<\/strong><br \/>\nDie im Onlineshop zum Verleih angebotenen Wassersportger\u00e4te der E-NIC Ltd. stellen kein bindendes Angebot der E-NIC Ltd. dar. Mit der Bestellung geben Sie als Kunde der E-NIC Ltd. ein verbindliches Angebot auf Abschluss eines Vertrages mit E-NIC Ltd.. Die Bestellung wird von E-NIC Ltd. per E-Mail best\u00e4tigt. Diese Best\u00e4tigung stellt noch keine Vertragsannahme durch E-NIC Ltd. dar, sondern lediglich die Information, dass die Bestellung eingegangen ist. Ein Mietvertrag kommt erst mit der konkreten Auftragsbest\u00e4tigung durch E-NIC Ltd. zustande.<br \/>\nDer Bestellvorgang umfasst insgesamt 5 Schritte. Im ersten Schritt w\u00e4hlen Sie als Kunde die gew\u00fcnschten Artikel aus der \u00dcbersicht aus und legen diese in den Warenkorb. Im zweiten Schritt gelangen Sie zur Kasse. Hier k\u00f6nnen Sie sich registrieren oder als Gast weiter einkaufen. Geben Sie im n\u00e4chsten Schritt Ihre Rechnungsadresse ein. Im vierten Schritt w\u00e4hlen Sie aus, wie Sie bezahlen m\u00f6chten. Im f\u00fcnften und letzten Schritt erhalten Sie eine Bestell\u00fcbersicht. Hier haben Sie die M\u00f6glichkeit, zum Warenkorb zur\u00fcckzukehren und Korrekturen vorzunehmen. Nach Best\u00e4tigung der AGB und der Widerrufsbelehrung k\u00f6nnen Sie Ihre Bestellung durch Klick auf &#8222;Bestellen&#8220; aufgeben.<\/p>\n<p><strong>7. R\u00fccktritt und Ausfall<\/strong><br \/>\n\u2022 Ein R\u00fccktritt vom Mietvertrag ist kostenfrei m\u00f6glich, wenn ein gleichwertiger Ersatzkunde vorgelegt werden kann.<br \/>\n\u2022 Bei Stornierungen ab dem Anmeldedatum bis 14 Tage vor Mietbeginn wird eine Bearbeitungsgeb\u00fchr von 20 % des Mietpreises erhoben.<br \/>\n\u2022 Stornierungen von weniger als 10 bis 2 Tagen (48H) kosten eine Geb\u00fchr von 50%.<br \/>\n\u2022 Im Falle eines R\u00fccktritts zwei Tage (48H) vor der Anmietung kann keine R\u00fcckerstattung erfolgen.<br \/>\nBei h\u00f6herer Gewalt, starkem Wind ab 6 Beaufort, Hagelschauern, K\u00e4lteeinbr\u00fcchen oder Gewittern kann die geplante Vermietung die sichere Durchf\u00fchrung verhindern, daher muss die Vermietung aus Sicherheitsgr\u00fcnden kurzfristig abgesagt oder verschoben werden. Der Kunde erh\u00e4lt einen Gutschein f\u00fcr die gebuchte Leistung.<\/p>\n<p><strong>8. Haftung der E-NIC Ltd.<\/strong><br \/>\nE-NIC Ltd. haftet f\u00fcr die gewissenhafte Pflege und Nutzung der Wassersportger\u00e4te sowie der Leistungsbeschreibung. Die Vermietung und Nutzung der Wassersportger\u00e4te erfolgt auf Gefahr des Kunden. Ein Restrisiko kann nicht vollst\u00e4ndig ausgeschlossen werden, da es sich bei der Benutzung der Wassersportger\u00e4te um einen Sport in freier Natur handelt.<br \/>\nE-NIC Ltd. haftet nicht f\u00fcr Tod, Personensch\u00e4den oder andere Verluste jeglicher Art (einschlie\u00dflich Folgesch\u00e4den), die ein Kunde w\u00e4hrend der Mietdauer erleidet. E-NIC-GmbH verlangt auch, \u00fcber gesundheitliche Probleme informiert zu werden, die die Eignung des Kunden zur Teilnahme an der Nutzung des Wassersportger\u00e4tes beeintr\u00e4chtigen k\u00f6nnen. E-NIC Ltd. \u00fcbernimmt keine Verantwortung f\u00fcr die Entscheidung \u00fcber die k\u00f6rperliche Eignung des Kunden, das gemietete Wassersportger\u00e4t zu benutzen.<br \/>\nAb dem Zeitpunkt der Buchung der Wassersportger\u00e4te akzeptiert E-NIC Ltd. keine Anspr\u00fcche und haftet zu keinem Zeitpunkt f\u00fcr Anspr\u00fcche oder Ausgaben, die durch Umst\u00e4nde verursacht werden, die au\u00dferhalb ihrer Kontrolle liegen, einschlie\u00dflich Krankheit, Unfall, Reiseverz\u00f6gerung, Wetter, Streik, Krieg oder zivile Unruhen.<\/p>\n<p><strong>9. H\u00f6here Gewalt<\/strong><br \/>\nE-NIC Ltd. haftet nicht f\u00fcr Unkosten, die aufgrund h\u00f6herer Gewalt entstehen, einschlie\u00dflich Wetterbedingungen, Streiks, beh\u00f6rdlicher Ma\u00dfnahmen oder anderen Ereignissen, die au\u00dferhalb der Kontrolle liegen. Die Entscheidungen von E-NIC Ltd. in Bezug auf schweres Wetter mit der Sicherheit des Kunden und der Wassersportger\u00e4te sind endg\u00fcltig.<\/p>\n<p><strong>10. Haftung des Kunden<\/strong><br \/>\nDer Kunde ist nicht berechtigt, die gemieteten Wassersportger\u00e4t ohne Zustimmung der E-NIC Ltd. an Dritte weiterzugeben oder zu vermieten.<br \/>\nJeder Kunde ist verpflichtet selbst entsprechende Vorkehrungen zu treffen (Schwimmschutz, Unfall- und Haftpflichtversicherung etc.) um Risiken und Gefahren abzuwenden.<br \/>\nDer Kunde haftet f\u00fcr Diebstahl oder Besch\u00e4digung des Mietgegenstandes in H\u00f6he des Zeitwertes respektive des Neuwertes, der von ihm vors\u00e4tzlich oder fahrl\u00e4ssig verursacht wird. E-NIC Ltd. haftet nur f\u00fcr Sch\u00e4den, die durch Fehler am Wassersportger\u00e4t entstehen, die die Nutzung des Wassersportger\u00e4tes unm\u00f6glich gemacht haben.<\/p>\n<p><strong>11. Risiken bei der Verwendung des Wassersportger\u00e4ts<\/strong><br \/>\nE-NIC Ltd. versucht, die Kunden und Nutzer der Wassersportger\u00e4te entsprechend ihren F\u00e4higkeiten und ihren Voraussetzungen, die der Kunde der E-NIC Ltd. mitgeteilt hat, zu beraten und zu unterst\u00fctzen, damit der Kunde das Wassersportger\u00e4t m\u00f6glichst stressfrei nutzen kann. Die Benutzung von Wassersportger\u00e4ten ist jedoch ein Wassersport und so kann es jedem Kunden passieren, dass er vom Wassersportger\u00e4t f\u00e4llt. E-NIC. Ltd. \u00fcbernimmt keine Haftung f\u00fcr Sch\u00e4den an Personen oder Kleidung, die durch St\u00fcrze vom Wassersportger\u00e4t verursacht werden. Auf jeden Fall empfiehlt E-NIC Ltd., trockene Kleidung am Ufer bereitzuhalten oder in einem Neopren\/Trockenanzug zu fahren.<\/p>\n<p><strong>12. Sch\u00e4den und M\u00e4ngel<\/strong><br \/>\nBei einem Unfall oder Unfall ist E-NIC Ltd. unverz\u00fcglich zu verst\u00e4ndigen und Anweisungen zum weiteren Verhalten abzuwarten.<br \/>\nNicht deklarierte Sch\u00e4den gelten als vors\u00e4tzlich und werden (auch nachtr\u00e4glich) in Rechnung gestellt. Wird ein Schaden nicht gemeldet, kann der Kunde auch f\u00fcr Folgesch\u00e4den haftbar gemacht werden. Normale Abnutzungserscheinungen sind von der Schadensersatzpflicht ausgenommen. Der Kunde verpflichtet sich, das Wassersportger\u00e4t sauber zur\u00fcckzugeben, ansonsten wird eine Reinigungspauschale von 20,00 \u20ac erhoben.<\/p>\n<p><strong>13. Anweisungen von E-NIC Ltd.<\/strong><br \/>\nDen Anweisungen der Mitarbeiter der E-NIC Ltd. ist in jedem Fall Folge zu leisten. Mit der Natur wird sorgsam umgegangen. Bei grob fahrl\u00e4ssigem Verhalten, das den Ruf oder die Integrit\u00e4t der E-NIC Ltd. gef\u00e4hrdet, kann ein Kunde nach Abmahnung durch die zust\u00e4ndige E-NIC Ltd. Mitarbeiter von der Weitervermietung ausgeschlossen werden.<\/p>\n<p><strong>14. Streitigkeiten<\/strong><br \/>\nDas Ziel der E-NIC Ltd. ist es, die angebotenen Dienstleistungen zu \u00fcbertreffen. Wenn der Kunde mit einer Dienstleistung oder einem Produkt, das E-NIC Ltd. anbietet, nicht zufrieden ist, bittet E-NIC Ltd., sich aus erster Hand an ihn zu wenden und E-NIC-Ltd. wird alles tun, um direkt zu l\u00f6sen. F\u00fcr den Fall, dass eine Streitigkeit nicht einvernehmlich beigelegt wird, wird vereinbart, dass die maltesische Anwaltskammer einen Schiedsrichter ernennt, dessen Entscheidung endg\u00fcltig ist und dass sowohl der Kunde als auch E-NIC Ltd Gesetz.<\/p>\n<p><strong>15. Schlussbestimmungen<br \/>\n<\/strong>Es gilt maltesisches Recht.<br \/>\nErf\u00fcllungsort und Gerichtsstand ist Valletta, Malta.<br \/>\nDie Unwirksamkeit einzelner Bestimmungen ber\u00fchrt die G\u00fcltigkeit des Vertrages und dieser Allgemeinen Gesch\u00e4ftsbedingungen im \u00dcbrigen nicht.<\/p>\n<p>&nbsp;<\/p>\n<p>E-NIC Ltd.[\/vc_column_text][\/vc_column][vc_column width=&#8220;1\/3&#8243;][\/vc_column][\/vc_row]<\/p>\n<\/div>","protected":false},"excerpt":{"rendered":"<p>[vc_row gap=&#8220;10&#8243; row_content_width=&#8220;grid&#8220; el_class=&#8220;agb&#8220; css=&#8220;.vc_custom_1627650577726{padding-bottom: 150px !important;}&#8220;][vc_column width=&#8220;2\/3&#8243;][vc_empty_space][vc_column_text]Allgemeine Mietbedingungen f\u00fcr Wassersportger\u00e4te der E-NIC Ltd. (Juli 2021) 1. Leistungsumfang E-NIC Ltd. vermietet Wassersportger\u00e4te an den Kunden gem\u00e4\u00df der vertraglichen Vereinbarung. Die jeweils g\u00fcltigen Allgemeinen Nutzungsbedingungen sind Bestandteil des Vertrages und k\u00f6nnen [&hellip;]<\/p>\n","protected":false},"author":1,"featured_media":0,"parent":0,"menu_order":0,"comment_status":"closed","ping_status":"closed","template":"full-width.php","meta":{"footnotes":""},"class_list":["post-5939","page","type-page","status-publish","hentry"],"_links":{"self":[{"href":"https:\/\/e-surf.guru\/de\/wp-json\/wp\/v2\/pages\/5939","targetHints":{"allow":["GET"]}}],"collection":[{"href":"https:\/\/e-surf.guru\/de\/wp-json\/wp\/v2\/pages"}],"about":[{"href":"https:\/\/e-surf.guru\/de\/wp-json\/wp\/v2\/types\/page"}],"author":[{"embeddable":true,"href":"https:\/\/e-surf.guru\/de\/wp-json\/wp\/v2\/users\/1"}],"replies":[{"embeddable":true,"href":"https:\/\/e-surf.guru\/de\/wp-json\/wp\/v2\/comments?post=5939"}],"version-history":[{"count":0,"href":"https:\/\/e-surf.guru\/de\/wp-json\/wp\/v2\/pages\/5939\/revisions"}],"wp:attachment":[{"href":"https:\/\/e-surf.guru\/de\/wp-json\/wp\/v2\/media?parent=5939"}],"curies":[{"name":"wp","href":"https:\/\/api.w.org\/{rel}","templated":true}]}}