{"id":5599,"date":"2021-07-27T22:38:18","date_gmt":"2021-07-27T20:38:18","guid":{"rendered":"https:\/\/e-surf.guru\/ueber-uns\/"},"modified":"2021-08-12T17:40:06","modified_gmt":"2021-08-12T15:40:06","slug":"ueber-uns","status":"publish","type":"page","link":"https:\/\/e-surf.guru\/de\/ueber-uns\/","title":{"rendered":"\u00dcber uns"},"content":{"rendered":"<div class=\"wpb-content-wrapper\"><p>[vc_row row_content_width=&#8220;grid&#8220; css=&#8220;.vc_custom_1627649177870{padding-bottom: 160px !important;}&#8220; el_class=&#8220;additional-pages&#8220;][vc_column width=&#8220;5\/6&#8243;]<div class=\"qodef-section-title-holder  \" >\n\t<div class=\"qodef-st-inner\">\n        \t\t\t\t\t<h1 class=\"qodef-st-title\" >\n\t\t\t\t\u00dcber uns\t\t\t<\/h1>\n\t\t        \t\t\t\t\t<\/div>\n<\/div>[vc_separator css=&#8220;.vc_custom_1627418183762{margin-top: 20px !important;margin-bottom: 20px !important;}&#8220;][vc_column_text]E-Surf.guru ist ein Dienstleister mit der Leidenschaft f\u00fcr elektrische Wassersportger\u00e4te. Wir bieten Schulungen, Vermietung und den Verkauf von elektrischen Jetboards, elektrischen Waterscootern und elektrischen Aquajets an. Der Spa\u00df am Wassersport, Natur und der Ausgleich zum Alltag steht bei uns im Vordergrund. Wir sind der offizielle H\u00e4ndler f\u00fcr LAMPUGA, RED SHARK, AMAZEA in Malta. Wir bieten Ihnen ein absolut einzigartiges Erlebnis und brandneue Technologie an den Ufern von Malta. Unsere elektrischen Wassersportger\u00e4te sind einfach zu bedienen und einfach zu fahren.[\/vc_column_text][\/vc_column][vc_column width=&#8220;1\/6&#8243;][\/vc_column][\/vc_row]<\/p>\n<\/div>","protected":false},"excerpt":{"rendered":"<p>[vc_row row_content_width=&#8220;grid&#8220; css=&#8220;.vc_custom_1627649177870{padding-bottom: 160px !important;}&#8220; el_class=&#8220;additional-pages&#8220;][vc_column width=&#8220;5\/6&#8243;][vc_separator css=&#8220;.vc_custom_1627418183762{margin-top: 20px !important;margin-bottom: 20px !important;}&#8220;][vc_column_text]E-Surf.guru ist ein Dienstleister mit der Leidenschaft f\u00fcr elektrische Wassersportger\u00e4te. Wir bieten Schulungen, Vermietung und den Verkauf von elektrischen Jetboards, elektrischen Waterscootern und elektrischen Aquajets an. Der Spa\u00df am [&hellip;]<\/p>\n","protected":false},"author":1,"featured_media":0,"parent":0,"menu_order":0,"comment_status":"closed","ping_status":"closed","template":"full-width.php","meta":{"footnotes":""},"class_list":["post-5599","page","type-page","status-publish","hentry"],"_links":{"self":[{"href":"https:\/\/e-surf.guru\/de\/wp-json\/wp\/v2\/pages\/5599","targetHints":{"allow":["GET"]}}],"collection":[{"href":"https:\/\/e-surf.guru\/de\/wp-json\/wp\/v2\/pages"}],"about":[{"href":"https:\/\/e-surf.guru\/de\/wp-json\/wp\/v2\/types\/page"}],"author":[{"embeddable":true,"href":"https:\/\/e-surf.guru\/de\/wp-json\/wp\/v2\/users\/1"}],"replies":[{"embeddable":true,"href":"https:\/\/e-surf.guru\/de\/wp-json\/wp\/v2\/comments?post=5599"}],"version-history":[{"count":0,"href":"https:\/\/e-surf.guru\/de\/wp-json\/wp\/v2\/pages\/5599\/revisions"}],"wp:attachment":[{"href":"https:\/\/e-surf.guru\/de\/wp-json\/wp\/v2\/media?parent=5599"}],"curies":[{"name":"wp","href":"https:\/\/api.w.org\/{rel}","templated":true}]}}