{"id":4724,"date":"2021-07-08T15:25:38","date_gmt":"2021-07-08T13:25:38","guid":{"rendered":"https:\/\/e-surf.guru\/zahlung-und-versand\/"},"modified":"2021-08-02T22:47:30","modified_gmt":"2021-08-02T20:47:30","slug":"versandkonditionen","status":"publish","type":"page","link":"https:\/\/e-surf.guru\/de\/versandkonditionen\/","title":{"rendered":"Versandkonditionen"},"content":{"rendered":"<div class=\"wpb-content-wrapper\"><p>[vc_row gap=&#8220;10&#8243; row_content_width=&#8220;grid&#8220; css=&#8220;.vc_custom_1627650249592{margin-bottom: 150px !important;}&#8220; el_class=&#8220;additional-pages&#8220;][vc_column width=&#8220;2\/3&#8243;]<div class=\"qodef-section-title-holder  \" >\n\t<div class=\"qodef-st-inner\">\n        \t\t\t\t\t<h1 class=\"qodef-st-title\" >\n\t\t\t\tVersandkonditionen\t\t\t<\/h1>\n\t\t        \t\t\t\t\t<\/div>\n<\/div>[vc_empty_space][vc_column_text]<strong>Selbstabholung<\/strong><br \/>\nWaren, die im Online-Shop zur Selbstabholung bestellt und bezahlt wurden, werden in der Regel am auf die Bestellung folgenden Werktag gerichtet und k\u00f6nnen ab 10.00 Uhr des auf die Bestellung folgenden Werktages an folgender Adresse abgeholt werden:<\/p>\n<p>&nbsp;<\/p>\n<p>E-NIC Ltd.<br \/>\n134, Ix-Xatt Ta\u2019Xbiex<br \/>\nXBX 1028 Ta\u2019Xbiex, Malta<\/p>\n<p>Bei R\u00fcckfragen: +356 79791197<\/p>\n<p><strong><br \/>\nWichtig:<\/strong><\/p>\n<ul>\n<li>Bitte bringen Sie hierzu Ihre Bestellbest\u00e4tigung oder zumindest die Bestellnummer mit.<\/li>\n<li>Wir weisen darauf hin, dass eine Verladung ausschlie\u00dflich mit geeigneter Transportsicherung m\u00f6glich ist.<\/li>\n<li>Sollten f\u00fcr den Transport erg\u00e4nzend Versandverpackungen (Palette oder Kunststoff-Zwischenlagen) notwendig sein, werden diese gesondert berechnet und sind vor Ort zu bezahlen.<\/li>\n<\/ul>\n<p><strong><br \/>\nFracht- und Nebenkosten innerhalb von Malta<br \/>\n<\/strong><\/p>\n<p>Verschlusssysteme: Die Lieferung erfolgt \u00fcber einen Paketdienst oder \u00fcber einen Lieferservice.<\/p>\n<ul class=\"payment-delivery\">\n<li class=\"first\">Versandgewicht bis einschlie\u00dflich 2 kg<\/li>\n<li class=\"second\"><strong>\u20ac 6,00 inkl. MwSt<\/strong><\/li>\n<\/ul>\n<ul class=\"payment-delivery\">\n<li class=\"first\">Im Umkreis von 10km von unseren Standort in Ta` Xbiex.<br \/>\nAu\u00dferhalb von 10km erhalten Sie eine Transportrate auf Nachfrage<br \/>\nVersandgewicht von 3 bis einschlie\u00dflich 12 kg<\/li>\n<li class=\"second\"><strong>\u20ac 15,00 inkl. MwSt.<\/strong><\/li>\n<\/ul>\n<ul class=\"payment-delivery\">\n<li class=\"first\">Im Umkreis von 10km von unseren Standort in Ta` Xbiex<br \/>\nAu\u00dferhalb von 10km erhalten Sie eine Transportrate auf Nachfrage<br \/>\nVersandgewicht von 13 bis einschlie\u00dflich 24 kg<\/li>\n<li class=\"second\"><strong>\u20ac 20,00 inkl. MwSt.<\/strong><\/li>\n<\/ul>\n<ul class=\"payment-delivery-last\">\n<li class=\"first\">Im Umkreis von 10km von unseren Standort in Ta` Xbiex<br \/>\nAu\u00dferhalb von 10km erhalten Sie eine Transportrate<\/li>\n<li class=\"second\"><strong>auf Nachfrage<\/strong><\/li>\n<\/ul>\n<p>Bei einem Versandgewicht \u00fcber 25 kg werden die Versandkosten entfernungs- und gewichtsabh\u00e4ngig ermittelt und im Bestellprozess vor Abschluss der Bestellung ausgewiesen.<\/p>\n<p><strong><br \/>\nFlaschen und Gl\u00e4ser:<\/strong><br \/>\nBruchgef\u00e4hrdete Artikel werden grunds\u00e4tzlich per Spedition geliefert.<\/p>\n<p>Bei einem Versandgewicht bis einschlie\u00dflich 1.000 kg werden die Versandkosten entfernungs- und gewichtsabh\u00e4ngig ermittelt und im Bestellprozess vor Abschluss der Bestellung ausgewiesen.<\/p>\n<p>Bei einem Versandgewicht von mehr als 1.000 Kg erfolgt automatisch eine Anfrage aus dem Online-Shop. Sie erhalten in diesen F\u00e4llen ein gesondertes Angebot, welches alle Versandkosten beinhalten wird.<\/p>\n<p><strong><br \/>\nWichtig:<\/strong><\/p>\n<ul>\n<li>Der Transport der Ware erfolgt ausschlie\u00dflich bis zur Bordsteinkante des angegebenen Empf\u00e4ngers.<\/li>\n<li>Die Versandkosten gelten f\u00fcr einmalige Anlieferung; ggf. weitere notwendige Zustellversuche f\u00fchren zu zus\u00e4tzlichen Kosten.<\/li>\n<li>Die Hebeb\u00fchnennutzung sowie, Insel- oder Hafenzuschl\u00e4ge werden gesondert berechnet.<\/li>\n<\/ul>\n<p>F\u00fcr Mischlieferungen aus den Kategorien \u201eFlaschen und Gl\u00e4sern\u201c und \u201eVerschlusssysteme\u201c gilt die Versandkostenermittlung \u201eFlaschen und Gl\u00e4ser\u201c.<\/p>\n<p><strong><br \/>\nFracht- und Nebenkosten au\u00dferhalb von Malta<\/strong><br \/>\nBestellungen aus dem Ausland oder an eine Adresse au\u00dferhalb von Malta k\u00f6nnen nicht im Online-Shop abgewickelt werden. Statt einer Bestellung erfolgt automatisch eine Anfrage aus dem Online-Shop. Sie erhalten in diesen F\u00e4llen ein gesondertes Angebot, welches alle Versandkosten beinhalten wird.<\/p>\n<p>F\u00fcr Versandverpackungen werden nachfolgende St\u00fcckpreise berechnet, welche bei R\u00fcckf\u00fchrung (Frei Haus) wieder gutgeschrieben werden:<\/p>\n<ul class=\"payment-delivery\">\n<li><strong>Europaletten:<\/strong><br \/>\n\u20ac 12,50 Zzgl. MwSt.<\/li>\n<\/ul>\n<ul class=\"payment-delivery\">\n<li><strong>Industriepaletten:<\/strong><br \/>\n\u20ac 8,00 Zzgl. MwSt.<\/li>\n<\/ul>\n<ul class=\"payment-delivery-last\">\n<li><strong>Kunststoff-Zwischenlagen<\/strong><br \/>\n\u20ac 5,00 Zzgl. MwSt.<\/li>\n<\/ul>\n<p>Bei jeder Bestellung fallen Mautgeb\u00fchren, sowie im Falle der Versendung, gewichts- und entfernungsabh\u00e4ngige Versandkosten an. Die Versandkosten werden im Bestellprozess entsprechend ausgewiesen.<\/p>\n<p>Sollten Sie weitere Informationen zu den Versandkosten haben, k\u00f6nnen Sie uns gerne tel. unter +356 79791197 erreichen.[\/vc_column_text][\/vc_column][vc_column width=&#8220;1\/3&#8243;][\/vc_column][\/vc_row]<\/p>\n<\/div>","protected":false},"excerpt":{"rendered":"<p>[vc_row gap=&#8220;10&#8243; row_content_width=&#8220;grid&#8220; css=&#8220;.vc_custom_1627650249592{margin-bottom: 150px !important;}&#8220; el_class=&#8220;additional-pages&#8220;][vc_column width=&#8220;2\/3&#8243;][vc_empty_space][vc_column_text]Selbstabholung Waren, die im Online-Shop zur Selbstabholung bestellt und bezahlt wurden, werden in der Regel am auf die Bestellung folgenden Werktag gerichtet und k\u00f6nnen ab 10.00 Uhr des auf die Bestellung folgenden Werktages [&hellip;]<\/p>\n","protected":false},"author":1,"featured_media":0,"parent":0,"menu_order":0,"comment_status":"closed","ping_status":"closed","template":"full-width.php","meta":{"footnotes":""},"class_list":["post-4724","page","type-page","status-publish","hentry"],"_links":{"self":[{"href":"https:\/\/e-surf.guru\/de\/wp-json\/wp\/v2\/pages\/4724","targetHints":{"allow":["GET"]}}],"collection":[{"href":"https:\/\/e-surf.guru\/de\/wp-json\/wp\/v2\/pages"}],"about":[{"href":"https:\/\/e-surf.guru\/de\/wp-json\/wp\/v2\/types\/page"}],"author":[{"embeddable":true,"href":"https:\/\/e-surf.guru\/de\/wp-json\/wp\/v2\/users\/1"}],"replies":[{"embeddable":true,"href":"https:\/\/e-surf.guru\/de\/wp-json\/wp\/v2\/comments?post=4724"}],"version-history":[{"count":0,"href":"https:\/\/e-surf.guru\/de\/wp-json\/wp\/v2\/pages\/4724\/revisions"}],"wp:attachment":[{"href":"https:\/\/e-surf.guru\/de\/wp-json\/wp\/v2\/media?parent=4724"}],"curies":[{"name":"wp","href":"https:\/\/api.w.org\/{rel}","templated":true}]}}