{"id":4702,"date":"2021-07-08T15:06:51","date_gmt":"2021-07-08T13:06:51","guid":{"rendered":"https:\/\/e-surf.guru\/imprint\/"},"modified":"2021-08-04T14:26:44","modified_gmt":"2021-08-04T12:26:44","slug":"impressum","status":"publish","type":"page","link":"https:\/\/e-surf.guru\/de\/impressum\/","title":{"rendered":"Impressum"},"content":{"rendered":"<div class=\"wpb-content-wrapper\"><p>[vc_row gap=&#8220;10&#8243; row_content_width=&#8220;grid&#8220; css=&#8220;.vc_custom_1627650009612{padding-bottom: 150px !important;}&#8220; el_class=&#8220;additional-pages&#8220;][vc_column width=&#8220;2\/3&#8243;]<div class=\"qodef-section-title-holder  \" >\n\t<div class=\"qodef-st-inner\">\n        \t\t\t\t\t<h1 class=\"qodef-st-title\" >\n\t\t\t\tImpressum\t\t\t<\/h1>\n\t\t        \t\t\t\t\t<\/div>\n<\/div>[vc_empty_space][vc_column_text]E-NIC Ltd.<br \/>\n134, Ix-Xatt Ta\u2019Xbiex<br \/>\nXBX 1028 Ta\u2018 Xbiex<br \/>\nMalta<\/p>\n<p>&nbsp;<\/p>\n<p>Tel: +356 79791197<br \/>\nMail:<a href=\"mailto:info@e-surf.guru\"> info@e-surf.guru<\/a><br \/>\nWeb: www.e-surf.guru<\/p>\n<p>&nbsp;<\/p>\n<p>Registrierungsstelle: C 98298<br \/>\nSteuernummer: MT28013807<\/p>\n<p>&nbsp;<\/p>\n<p>&nbsp;<\/p>\n<p><strong>Haftungshinweis:<\/strong><br \/>\nTrotz sorgf\u00e4ltiger Kontrolle \u00fcbernehmen wir keine Haftung f\u00fcr externe Seiten. F\u00fcr die Inhalte verlinkter Seiten sind ausschlie\u00dflich deren Betreiber verantwortlich.<\/p>\n<p>&nbsp;<\/p>\n<p><strong>Erhebung und Verarbeitung von Daten:<\/strong><br \/>\nJeder Zugriff auf unsere Homepage und jeder Abruf einer auf der Homepage hinterlegten Datei werden protokolliert. Die Speicherung dient internen systembezogenen und statistischen Zwecken. Protokolliert werden: Name der abgerufenen Datei, Datum und Uhrzeit des Abrufs, \u00fcbertragene Datenmenge, Meldung \u00fcber erfolgreichen Abruf, Webbrowser und anfragende Domain. Um Spamkommentare zu verhindern wird unter anderem ein Plugin namens Wordfence eingesetzt. Dieses sendet ihre Daten (sofern Sie kommentieren) an einen Wordfence-Server in den USA um zu pr\u00fcfen, ob Ihr Kommentar geblockte W\u00f6rter, E-Mail-Adressen oder \u00e4hnliches enth\u00e4lt. Sollten Sie damit nicht einverstanden sein, so d\u00fcrfen Sie nicht kommentieren. Wir greifen auf Drittanbieter zur\u00fcck, um Anzeigen zu schalten, wenn Sie unsere Website besuchen. Diese Unternehmen nutzen m\u00f6glicherweise Informationen (dies schlie\u00dft nicht Ihren Namen, Ihre Adresse, E-Mail-Adresse oder Telefonnummer ein) zu Ihren Besuchen dieser und anderer Websites, damit Anzeigen zu Produkten und Diensten geschaltet werden k\u00f6nnen, die Sie interessieren.[\/vc_column_text][\/vc_column][vc_column width=&#8220;1\/3&#8243;][\/vc_column][\/vc_row]<\/p>\n<\/div>","protected":false},"excerpt":{"rendered":"<p>[vc_row gap=&#8220;10&#8243; row_content_width=&#8220;grid&#8220; css=&#8220;.vc_custom_1627650009612{padding-bottom: 150px !important;}&#8220; el_class=&#8220;additional-pages&#8220;][vc_column width=&#8220;2\/3&#8243;][vc_empty_space][vc_column_text]E-NIC Ltd. 134, Ix-Xatt Ta\u2019Xbiex XBX 1028 Ta\u2018 Xbiex Malta &nbsp; Tel: +356 79791197 Mail: info@e-surf.guru Web: www.e-surf.guru &nbsp; Registrierungsstelle: C 98298 Steuernummer: MT28013807 &nbsp; &nbsp; Haftungshinweis: Trotz sorgf\u00e4ltiger Kontrolle \u00fcbernehmen wir keine [&hellip;]<\/p>\n","protected":false},"author":1,"featured_media":0,"parent":0,"menu_order":0,"comment_status":"closed","ping_status":"closed","template":"full-width.php","meta":{"footnotes":""},"class_list":["post-4702","page","type-page","status-publish","hentry"],"_links":{"self":[{"href":"https:\/\/e-surf.guru\/de\/wp-json\/wp\/v2\/pages\/4702","targetHints":{"allow":["GET"]}}],"collection":[{"href":"https:\/\/e-surf.guru\/de\/wp-json\/wp\/v2\/pages"}],"about":[{"href":"https:\/\/e-surf.guru\/de\/wp-json\/wp\/v2\/types\/page"}],"author":[{"embeddable":true,"href":"https:\/\/e-surf.guru\/de\/wp-json\/wp\/v2\/users\/1"}],"replies":[{"embeddable":true,"href":"https:\/\/e-surf.guru\/de\/wp-json\/wp\/v2\/comments?post=4702"}],"version-history":[{"count":0,"href":"https:\/\/e-surf.guru\/de\/wp-json\/wp\/v2\/pages\/4702\/revisions"}],"wp:attachment":[{"href":"https:\/\/e-surf.guru\/de\/wp-json\/wp\/v2\/media?parent=4702"}],"curies":[{"name":"wp","href":"https:\/\/api.w.org\/{rel}","templated":true}]}}