{"id":4700,"date":"2021-07-08T15:06:34","date_gmt":"2021-07-08T13:06:34","guid":{"rendered":"https:\/\/e-surf.guru\/datenschutz\/"},"modified":"2021-08-10T13:29:57","modified_gmt":"2021-08-10T11:29:57","slug":"agb","status":"publish","type":"page","link":"https:\/\/e-surf.guru\/de\/agb\/","title":{"rendered":"AGB"},"content":{"rendered":"<div class=\"wpb-content-wrapper\"><p>[vc_row gap=&#8220;10&#8243; row_content_width=&#8220;grid&#8220; el_class=&#8220;agb&#8220; css=&#8220;.vc_custom_1627650537560{padding-bottom: 150px !important;}&#8220;][vc_column width=&#8220;2\/3&#8243;]<div class=\"qodef-section-title-holder  \" >\n\t<div class=\"qodef-st-inner\">\n        \t\t\t\t\t<h1 class=\"qodef-st-title\" >\n\t\t\t\tAGB\t\t\t<\/h1>\n\t\t        \t\t\t\t\t<\/div>\n<\/div>[vc_empty_space][vc_column_text]<strong>E-NIC Ltd. Allgemeine Gesch\u00e4ftsbedingungen f\u00fcr den Verkauf<\/strong><br \/>\n(JG \/ 2021 07 30)<\/p>\n<p>Die Allgemeinen Gesch\u00e4ftsbedingungen beziehen sich auf den Kauf von Produkten, die direkt \u00fcber den E-NIC Ltd. Einzelhandelsgesch\u00e4ft oder \u00fcber den Online-Shop verkauft werden. Der Betrieb erfolgt von 134, Ix-Xatt Ta\u2019Xbiex, XBX 1028 Ta\u2019Xbiex, Malta. USt-IdNr.: MT28013807, Firmen-Nr. Nr. C98298.<\/p>\n<p><strong>1. Altersbeschr\u00e4nkung<\/strong><br \/>\nE-NIC Ltd h\u00e4lt sich konsequent an die gesetzliche Altersbeschr\u00e4nkung beim Verkauf seiner Produkte und wird keine Produkte, die einer Altersbeschr\u00e4nkung unterliegen an Personen in Malta verkaufen, die das 18. Lebensjahr noch nicht vollendet haben. Mit der Bestellung dieser Produkte best\u00e4tigt der Kunde, mindestens 18 Jahre alt zu sein. Wenn der K\u00e4ufer Produkte mit Altersbeschr\u00e4nkung kauft, muss auch der Empf\u00e4nger \u00fcber 18 Jahre alt sein. Wenn unser Team Zweifel bez\u00fcglich des Alters des Empf\u00e4ngers bei einem Kauf hat, wird es eine Kopie des Ausweises anfordern. Kann der Besteller keine Kopie eines g\u00fcltigen Ausweises \u00fcbermitteln, wird die Ware nicht verkauft und auch nicht ausgeh\u00e4ndigt.<br \/>\nEin Verkauf von Produkten mit Altersbeschr\u00e4nkungen an K\u00e4ufer au\u00dferhalb Maltas ist nur zul\u00e4ssig, wenn die Person das gesetzliche Mindestalter f\u00fcr den Kauf dieser Produkte im Land der Bestellung hat.<\/p>\n<p><strong>2. Preise und Steuern<\/strong><br \/>\nDie Produktpreise sind in EURO angegeben und enthalten die maltesische Mehrwertsteuer (MwSt.) von 18%.<br \/>\nDie auf unseren Websites, aber auch im Retail Store genannten Preise sind unverbindliche Angebote, die erst dann f\u00fcr E-NIC Ltd. gelten und verbindlich werden, wenn E-NIC Ltd. mit dem K\u00e4ufer einen verbindlichen Kaufvertrag abschlie\u00dft.<br \/>\nDie zu zahlenden Preise sind auf der Website deutlich ersichtlich. Sollte ein Produkt versehentlich zu niedrig oder zu teuer sein, werden wir Sie so schnell wie m\u00f6glich informieren und Ihnen die M\u00f6glichkeit geben, Ihre Bestellung zum korrekten Preis zu best\u00e4tigen oder zu stornieren. Wenn wir Sie nicht erreichen k\u00f6nnen, behandeln wir die Bestellung als storniert. Wenn Sie Ihre Bestellung aufgrund einer Ungenauigkeit des Preises auf unserer Website stornieren und das Produkt bereits bezahlt haben, erhalten Sie eine vollst\u00e4ndige R\u00fcckerstattung.<\/p>\n<p><strong>3. Belieferung<\/strong><br \/>\nE-NIC Ltd. versendet die Produkte an Lieferadressen innerhalb Maltas und Gozos und auf besonderen Wunsch auch ins Ausland.<br \/>\nInnerhalb Maltas liefert E-NIC Ltd. die Produkte innerhalb von 6 Werktagen.<br \/>\nE-NIC Ltd, Rhine Wine Store liefert in Malta und Gozo und auf besonderen Wunsch auch ins Ausland. Ab einem Bestellwert von 150,- \u20ac ist die Lieferung in Malta und Gozo versandkostenfrei. Die kleinen Bestellungen ab einer Flasche werden in Malta \u00fcber den Lieferservice und dessen Konditionen abgewickelt. Hier stehen Ihnen unsere Partner Wolt und Bolt zu Verf\u00fcgung. Bitte t\u00e4tigen Sie Ihre Bestellungen am einfachsten \u00fcber die Webseiten von Bolt und Wolt. Die Mindestlieferkosten bei Bestellungen \u00fcber unsere Website betragen \u20ac 6,00 pro Flasche im Umkreis von 10km von unserem Standort in Ta` Xbiex.<br \/>\nMit dem Kauf eines Produkts geht die Verantwortung f\u00fcr das Produkt auf den K\u00e4ufer \u00fcber.<br \/>\nF\u00fcr weitere Informationen zu Lieferungen wenden Sie sich bitte an das E-NIC Ltd. Vertriebsb\u00fcro.<\/p>\n<p><strong>4. Verf\u00fcgbarkeit der Produkte<\/strong><br \/>\nAlle Produkte auf der Website von E-NIC Ltd. k\u00f6nnen nur geliefert werden, wenn sie verf\u00fcgbar sind. E-NIC Ltd. bem\u00fcht sich um ein ausreichendes Angebot an Produkten, kann jedoch nicht ausschlie\u00dfen, dass aufgrund der starken Nachfrage einzelne Produkte oder das gesamte Angebot ausverkauft sein k\u00f6nnen. E-NIC Ltd. wird versuchen, die angebotenen Produkte kurzfristig neu zu beschaffen oder alternative Produkte in gleicher Qualit\u00e4t zu erhalten. In keinem Fall ist E-NIC Ltd f\u00fcr die mangelnde Verf\u00fcgbarkeit der Produkte verantwortlich.<\/p>\n<p><strong>5. Bestellvorgang und Vertragsschluss beim Online-Kauf<\/strong><br \/>\nDie im Onlineshop angebotenen Produkte der E-NIC Ltd. stellen kein bindendes Angebot der E-NIC Ltd. dar. Mit der Bestellung gibt der K\u00e4ufer der E-NIC Ltd. ein verbindliches Angebot zum Abschluss eines Vertrages mit E-NIC Ltd. ab. Der Erhalt der Bestellung wird von E-NIC Ltd. per E-Mail best\u00e4tigt. Dies stellt noch keine Vertragsannahme durch E-NIC Ltd. dar, sondern lediglich die Information, dass die Bestellung eingegangen ist. Ein Kaufvertrag kommt erst mit der Lieferung der bestellten Produkte zustande.<\/p>\n<p>Der Bestellvorgang umfasst insgesamt 5 Schritte. Im ersten Schritt w\u00e4hlen Sie als K\u00e4ufer aus der \u00dcbersicht \u201eShop\u201c die gew\u00fcnschten Produkte aus und legen diese in den \u201eWarenkorb\u201c. Im zweiten Schritt gelangen Sie zur Kasse. Hier k\u00f6nnen Sie sich registrieren oder als Gast weiter einkaufen. Geben Sie im n\u00e4chsten Schritt Ihre Rechnungsadresse ein, hier k\u00f6nnen Sie auch eine abweichende Lieferadresse eingeben. Im dritten Schritt k\u00f6nnen Sie die Versandart festlegen. Im vierten Schritt w\u00e4hlen Sie aus, wie Sie bezahlen m\u00f6chten (\u201eZahlungsart\u201c). Im f\u00fcnften und letzten Schritt erhalten Sie eine Bestell\u00fcbersicht. Hier haben Sie die M\u00f6glichkeit, zum Warenkorb zur\u00fcckzukehren und Korrekturen vorzunehmen. Nach Best\u00e4tigung der AGB und der Widerrufsbelehrung k\u00f6nnen Sie Ihre Bestellung durch Klick auf &#8222;Bestellen&#8220; aufgeben.<\/p>\n<p><strong>6. Nicht lieferbare Artikel<\/strong><br \/>\nNehmen wir eine Bestellung nicht an, weil ausnahmsweise ein von Ihnen bestellter Artikel nicht mehr verf\u00fcgbar ist, teilen wir Ihnen dies umgehend mit. Geleistete Zahlungen erstatten wir Ihnen in diesem Fall zur\u00fcck.<\/p>\n<p><strong>7. Zahlungsart<\/strong><br \/>\nAls K\u00e4ufer haben Sie die M\u00f6glichkeit, die Ware per PayPal, per Sofort\u00fcberweisung oder per Kreditkarte\/Girokarte zu bezahlen. Im Gesch\u00e4ft akzeptiert E-NIC Ltd Barzahlung.<br \/>\nF\u00fcr eine Zahlung per PayPal ben\u00f6tigen Sie ein entsprechendes PayPal-Konto. Bei Zahlung per PayPal m\u00fcssen Sie Ihre PayPal-Daten angeben. Ihr PayPal-Konto und letztendlich Ihr Bank- oder Kreditkartenkonto werden dann mit dem Kaufpreis belastet.<br \/>\nBei Zahlung per Sofort\u00fcberweisung k\u00f6nnen Sie die Zahlung w\u00e4hrend des Bestellvorgangs \u00fcber das Online-Banking-Portal Ihrer Bank veranlassen. W\u00e4hlen Sie dazu am Ende des Bestellvorgangs die Zahlungsart \u201eBank\u00fcberweisung\u201c aus und Sie werden dann direkt auf das sichere Zahlformular der SOFORT GmbH, Fu\u00dfbergstra\u00dfe 1, 82131 Gauting (www.sofort.com) weitergeleitet.<br \/>\nBei Zahlung per EC- oder Kreditkarte geben Sie bitte die w\u00e4hrend des Bezahlvorgangs abgefragten Daten ein.<\/p>\n<p><strong>8. Zeitpunkt der Zahlung \/ Rechnungsstellung<\/strong><br \/>\nZahlungen sind in jedem Fall vor \u00dcbergabe bzw. Auslieferung des Weines und\/oder der anderen Produkte zu leisten.<br \/>\nDie Rechnungsstellung erfolgt durch E-NIC Ltd. in elektronischer Form. Mit Vertragsschluss erkl\u00e4rt sich der Kunde damit einverstanden, Rechnungen in elektronischer Form zu akzeptieren.<\/p>\n<p><strong>9. Eigentumsvorbehalt<\/strong><br \/>\nE-NIC Ltd. beh\u00e4lt das Eigentum an der gelieferten Sache bis zur vollst\u00e4ndigen Zahlung s\u00e4mtlicher Forderungen aus dem Kaufvertrag.<br \/>\nDer K\u00e4ufer tritt hiermit alle Forderungen aus der Weiterver\u00e4u\u00dferung des unter Eigentumsvorbehalt gelieferten Kaufgegenstandes an den Verk\u00e4ufer ab.<\/p>\n<p><strong>10. Zusicherungen und Gew\u00e4hrleistungen<\/strong><br \/>\nE-NIC Ltd. versichert dem K\u00e4ufer, dass E-NIC Ltd. keine Kenntnis von versteckten M\u00e4ngeln in oder am Kaufprodukt hat und nach bestem Wissen davon ausgeht, dass sich das verkaufte Kaufprodukt in einem einwandfreien Zustand befindet.<br \/>\nE-NIC Ltd. versichert, dass sie das Eigentum an dem Kaufprodukt besitzen, die volle Befugnis haben, dieses zu verkaufen oder zu \u00fcbertragen, und dass das Produkt Kaufprodukt frei von Pfandrechten, Belastungen, Verbindlichkeiten und nachteiligen Anspr\u00fcchen ist.<br \/>\nE-NIC-GmbH gew\u00e4hrleistet, dass das gekaufte Produkt zum Zeitpunkt der \u00dcbergabe und im gesetzlichen Gew\u00e4hrleistungszeitraum frei von M\u00e4ngeln ist. Eine Gew\u00e4hrleistung f\u00fcr M\u00e4ngel am Produkt greift nicht, wenn der Mangel auf normale Abnutzung und\/oder auf Vorsatz oder Fahrl\u00e4ssigkeit des K\u00e4ufers zur\u00fcckzuf\u00fchren ist.<br \/>\nBei berechtigten Einwendungen hat der K\u00e4ufer Anspruch auf Minderung des Kaufpreises. Weitergehende Rechte oder Rechtsbehelfe stehen dem K\u00e4ufer nicht zu, es sei denn, dem K\u00e4ufer wurde eine Eigenschaft am Produkt explizit von E-NIC Ltd zugesichert.<\/p>\n<p><strong>11. M\u00e4ngelhaftung<\/strong><br \/>\nE-NIC Ltd. haftet nach den gesetzlichen Bestimmungen, sofern der Kunde Schadenersatzanspr\u00fcche geltend macht, die auf Vorsatz oder grober Fahrl\u00e4ssigkeit der E-NIC Ltd. \u2013 einschlie\u00dflich Vorsatz oder grober Fahrl\u00e4ssigkeit ihrer Vertreter oder Erf\u00fcllungsgehilfen \u2013 beruhen. Soweit E-NIC Ltd. keine vors\u00e4tzliche Vertragsverletzung angelastet wird, ist die Schadensersatzhaftung auf den vorhersehbaren, typischerweise eintretenden Schaden beschr\u00e4nkt. E-NIC Ltd. haftet nach den gesetzlichen Bestimmungen, sofern E-NIC Ltd. schuldhaft eine wesentliche Vertragspflicht verletzt hat; in diesem Fall ist die Haftung jedoch auf den vorhersehbaren, typischerweise eintretenden Schaden begrenzt. F\u00fcr den Fall eines Todesfalles, der Verletzung der Gesundheit oder des K\u00f6rpers haftet E-NIC Ltd. nach den gesetzlichen Bestimmungen. Soweit E-NIC Ltd. nicht nach den vorstehenden S\u00e4tzen haftet, ist E-NIC Ltd.`s Haftung wegen eines Mangels der Kaufsache ausgeschlossen.<\/p>\n<p><strong>12. Ordnungsgem\u00e4\u00dfe Nutzung des Produktes durch den K\u00e4ufer<\/strong><br \/>\nDer K\u00e4ufer muss offensichtliche M\u00e4ngel des Kaufgegenstandes unverz\u00fcglich gegen\u00fcber E-NIC Ltd. r\u00fcgen.<br \/>\nDer K\u00e4ufer des Produkts ist f\u00fcr den ordnungsgem\u00e4\u00dfe Verwendung und Gebrauch des Produktes verantwortlich. Bei Wassersportger\u00e4ten kommt zur ordnungsgem\u00e4\u00dfen Nutzung noch die richtige und vorschriftsm\u00e4\u00dfige Wartung der Ger\u00e4te hinzu.<br \/>\nF\u00fcr den bestimmungsgem\u00e4\u00dfen Gebrauch von technischen Ger\u00e4ten z.B. bei Wasser-sportger\u00e4tes erh\u00e4lt der K\u00e4ufer eine mit dem Produkt gelieferte Bedienungsanleitung. Der K\u00e4ufer ist daf\u00fcr verantwortlich, dass die Bedienungsanleitung vor der ersten Nutzung des Produktes gelesen und verstanden wird. Bei Unklarheiten ist es in der Verantwortung des K\u00e4ufers die Kl\u00e4rung offener Fragen herbeizuf\u00fchren.<\/p>\n<p><strong>13. Widerrufsrecht<\/strong><br \/>\nDem K\u00e4ufer steht das gesetzliche Widerrufsrecht zu. Die Beschreibung der Regelung gibt es beim Onlineshop unter dem Kapitel Widerrufsbelehrung.<\/p>\n<p><strong>Art. 13 Streitbeilegung<\/strong><br \/>\nWir sind nicht bereit und nicht verpflichtet, an einem Streitbeilegungsverfahren teilzunehmen. Die Europ\u00e4ische Kommission stellt eine Plattform zur Online-Streitbeilegung (OS) gem\u00e4\u00df Art. 14 Abs. 1 ODR-VO bereit, die unter https:\/\/ec.europa.eu\/consumers\/odr\/ zu finden ist.<\/p>\n<p>Das Ziel der E-NIC Ltd. ist es, die angebotenen Dienstleistungen zu \u00fcbertreffen. Wenn der Kunde mit einer Dienstleistung oder einem Produkt, das E-NIC Ltd. anbietet, nicht zufrieden ist, bittet E-NIC Ltd., sich direkt an E-NIC Ltd. zu wenden und E-NIC-Ltd. wird alles tun, um die Unzufriedenheit direkt zu l\u00f6sen. F\u00fcr den Fall, dass eine Streitigkeit nicht einvernehmlich beigelegt wird, wird vereinbart, dass die maltesische Anwaltskammer einen Schiedsrichter ernennt, dessen Entscheidung endg\u00fcltig ist.<\/p>\n<p><strong>Art. 14 Schlussbestimmungen<\/strong><br \/>\nEs gilt maltesisches Recht. Gerichtsstand ist Valetta<br \/>\nErf\u00fcllungsort f\u00fcr die Lieferung ist der Sitz der E-NIC Ltd in Ta`Xbiex.<br \/>\nDie Unwirksamkeit einer Bestimmung dieser Allgemeinen ber\u00fchrt die G\u00fcltigkeit des Vertrages und dieser Allgemeinen Gesch\u00e4ftsbedingungen im \u00dcbrigen nicht.<\/p>\n<p>&nbsp;<\/p>\n<p>E-NIC Ltd.[\/vc_column_text][\/vc_column][vc_column width=&#8220;1\/3&#8243;][\/vc_column][\/vc_row]<\/p>\n<\/div>","protected":false},"excerpt":{"rendered":"<p>[vc_row gap=&#8220;10&#8243; row_content_width=&#8220;grid&#8220; el_class=&#8220;agb&#8220; css=&#8220;.vc_custom_1627650537560{padding-bottom: 150px !important;}&#8220;][vc_column width=&#8220;2\/3&#8243;][vc_empty_space][vc_column_text]E-NIC Ltd. Allgemeine Gesch\u00e4ftsbedingungen f\u00fcr den Verkauf (JG \/ 2021 07 30) Die Allgemeinen Gesch\u00e4ftsbedingungen beziehen sich auf den Kauf von Produkten, die direkt \u00fcber den E-NIC Ltd. Einzelhandelsgesch\u00e4ft oder \u00fcber den Online-Shop [&hellip;]<\/p>\n","protected":false},"author":1,"featured_media":0,"parent":0,"menu_order":0,"comment_status":"closed","ping_status":"closed","template":"full-width.php","meta":{"footnotes":""},"class_list":["post-4700","page","type-page","status-publish","hentry"],"_links":{"self":[{"href":"https:\/\/e-surf.guru\/de\/wp-json\/wp\/v2\/pages\/4700","targetHints":{"allow":["GET"]}}],"collection":[{"href":"https:\/\/e-surf.guru\/de\/wp-json\/wp\/v2\/pages"}],"about":[{"href":"https:\/\/e-surf.guru\/de\/wp-json\/wp\/v2\/types\/page"}],"author":[{"embeddable":true,"href":"https:\/\/e-surf.guru\/de\/wp-json\/wp\/v2\/users\/1"}],"replies":[{"embeddable":true,"href":"https:\/\/e-surf.guru\/de\/wp-json\/wp\/v2\/comments?post=4700"}],"version-history":[{"count":0,"href":"https:\/\/e-surf.guru\/de\/wp-json\/wp\/v2\/pages\/4700\/revisions"}],"wp:attachment":[{"href":"https:\/\/e-surf.guru\/de\/wp-json\/wp\/v2\/media?parent=4700"}],"curies":[{"name":"wp","href":"https:\/\/api.w.org\/{rel}","templated":true}]}}