{"id":4313,"date":"2021-07-06T17:20:08","date_gmt":"2021-07-06T15:20:08","guid":{"rendered":"https:\/\/e-surf.guru\/redshark\/"},"modified":"2022-02-03T19:00:19","modified_gmt":"2022-02-03T18:00:19","slug":"redshark","status":"publish","type":"page","link":"https:\/\/e-surf.guru\/de\/redshark\/","title":{"rendered":"Redshark"},"content":{"rendered":"<div class=\"wpb-content-wrapper\"><p>[vc_row][vc_column]<div class=\"qodef-section-title-holder  \" style=\"text-align: center\">\n\t<div class=\"qodef-st-inner\">\n        \t\t\t\t\t<h1 class=\"qodef-st-title\" >\n\t\t\t\tRed Shark Bikes\t\t\t<\/h1>\n\t\t        \t\t\t\t\t<\/div>\n<\/div><div class=\"qodef-separator-holder clearfix separator-watertoys qodef-separator-center \">\n\t<div class=\"qodef-separator\" style=\"border-style: solid;margin-top: 20px;margin-bottom: 20px\"><\/div>\n<\/div>\n[vc_column_text]Red Shark Bikes &#8211; Tragbare Wasserfahrr\u00e4der. Entdecken Sie eine neue Art zu genie\u00dfen und \u00fcben Radfahren in einer neuen Umgebung wie Wasser. Genie\u00dfen Sie neue Horizonte mit einer neuen Kollektion von Wasserfahrr\u00e4dern.[\/vc_column_text]<div class=\"qodef-separator-holder clearfix  qodef-separator-center \">\n\t<div class=\"qodef-separator\" style=\"border-color: #020202;border-style: solid;width: 100%;margin-top: 40px;margin-bottom: 5px\"><\/div>\n<\/div>\n[\/vc_column][\/vc_row][vc_row el_id=&#8220;redshark-details&#8220;][vc_column width=&#8220;1\/2&#8243;][vc_single_image image=&#8220;4323&#8243; img_size=&#8220;large&#8220; el_class=&#8220;board&#8220;]<div class=\"qodef-separator-holder clearfix  qodef-separator-center \">\n\t<div class=\"qodef-separator\" style=\"border-style: solid;margin-top: 40px;margin-bottom: 20px\"><\/div>\n<\/div>\n<div class=\"qodef-section-title-holder  \" style=\"text-align: left\">\n\t<div class=\"qodef-st-inner\">\n        \t\t\t\t\t<h2 class=\"qodef-st-title\" >\n\t\t\t\tRedshark Enjoy\t\t\t<\/h2>\n\t\t        \t\t\t\t\t<\/div>\n<\/div><div class=\"qodef-separator-holder clearfix  qodef-separator-center \">\n\t<div class=\"qodef-separator\" style=\"border-color: rgba(2,2,2,0.01);border-style: solid;width: 100%;margin-top: 20px;margin-bottom: 50px\"><\/div>\n<\/div>\n<a itemprop=\"url\" href=\"https:\/\/e-surf.guru\/de\/produkt\/bike-surf-enjoy\/\" target=\"_self\"  class=\"qodef-btn qodef-btn-medium qodef-btn-outline qodef-btn-wave-hover\"  >\n        <span class=\"qodef-btn-text\">mehr Infos<\/span>\n            <span class=\"qodef-btn-wave-holder\" style=\"background-image: url(&quot;data:image\/svg+xml,%3Csvg xmlns=&#039;http:\/\/www.w3.org\/2000\/svg&#039; x=&#039;0px&#039; y=&#039;0px&#039; width=&#039;172px&#039; height=&#039;126px&#039; viewBox=&#039;0 0 172 125.7&#039; enable-background=&#039;0 0 172 125.7&#039; xml:space=&#039;preserve&#039; %3E%3Cpath fill=&#039;%23000000&#039; d=&#039;M173,22.7c-33.9,0-44.7-14.1-88.4-14.1c-43.6,0-54.5,14.1-86,14.1V126l174.4-0.3C173,125.7,173,28.7,173,22.7z&#039;\/%3E%3C\/svg%3E&quot;)\" ><\/span>\n        <\/a>[\/vc_column][vc_column width=&#8220;1\/2&#8243;][vc_single_image image=&#8220;4325&#8243; img_size=&#8220;large&#8220; el_class=&#8220;board&#8220;]<div class=\"qodef-separator-holder clearfix  qodef-separator-center \">\n\t<div class=\"qodef-separator\" style=\"border-style: solid;margin-top: 20px;margin-bottom: 40px\"><\/div>\n<\/div>\n<div class=\"qodef-section-title-holder  \" style=\"text-align: left\">\n\t<div class=\"qodef-st-inner\">\n        \t\t\t\t\t<h2 class=\"qodef-st-title\" >\n\t\t\t\tRedshark Fitness\t\t\t<\/h2>\n\t\t        \t\t\t\t\t<\/div>\n<\/div><div class=\"qodef-separator-holder clearfix  qodef-separator-center \">\n\t<div class=\"qodef-separator\" style=\"border-color: rgba(2,2,2,0.01);border-style: solid;width: 100%;margin-top: 20px;margin-bottom: 50px\"><\/div>\n<\/div>\n<a itemprop=\"url\" href=\"https:\/\/e-surf.guru\/de\/produkt\/bike-surf-fitness\/\" target=\"_self\"  class=\"qodef-btn qodef-btn-medium qodef-btn-outline qodef-btn-wave-hover\"  >\n        <span class=\"qodef-btn-text\">mehr Infos<\/span>\n            <span class=\"qodef-btn-wave-holder\" style=\"background-image: url(&quot;data:image\/svg+xml,%3Csvg xmlns=&#039;http:\/\/www.w3.org\/2000\/svg&#039; x=&#039;0px&#039; y=&#039;0px&#039; width=&#039;172px&#039; height=&#039;126px&#039; viewBox=&#039;0 0 172 125.7&#039; enable-background=&#039;0 0 172 125.7&#039; xml:space=&#039;preserve&#039; %3E%3Cpath fill=&#039;%23000000&#039; d=&#039;M173,22.7c-33.9,0-44.7-14.1-88.4-14.1c-43.6,0-54.5,14.1-86,14.1V126l174.4-0.3C173,125.7,173,28.7,173,22.7z&#039;\/%3E%3C\/svg%3E&quot;)\" ><\/span>\n        <\/a>[\/vc_column][\/vc_row][vc_row css=&#8220;.vc_custom_1627403550262{margin-top: 30px !important;}&#8220; el_id=&#8220;redshark-details&#8220;][vc_column width=&#8220;1\/2&#8243;][vc_single_image image=&#8220;6452&#8243; img_size=&#8220;large&#8220; el_class=&#8220;board&#8220;]<div class=\"qodef-separator-holder clearfix  qodef-separator-center \">\n\t<div class=\"qodef-separator\" style=\"border-style: solid;margin-top: 20px;margin-bottom: 40px\"><\/div>\n<\/div>\n<div class=\"qodef-section-title-holder  \" style=\"text-align: left\">\n\t<div class=\"qodef-st-inner\">\n        \t\t\t\t\t<h2 class=\"qodef-st-title\" >\n\t\t\t\tRedshark BIKE SURF e-SCOOTER\t\t\t<\/h2>\n\t\t        \t\t\t\t\t<\/div>\n<\/div><div class=\"qodef-separator-holder clearfix  qodef-separator-center \">\n\t<div class=\"qodef-separator\" style=\"border-color: rgba(2,2,2,0.01);border-style: solid;width: 100%;margin-top: 20px;margin-bottom: 50px\"><\/div>\n<\/div>\n<a itemprop=\"url\" href=\"https:\/\/e-surf.guru\/de\/produkt\/redshark-bike-surf-e-scooter\" target=\"_self\"  class=\"qodef-btn qodef-btn-medium qodef-btn-outline qodef-btn-wave-hover\"  >\n        <span class=\"qodef-btn-text\">mehr Infos<\/span>\n            <span class=\"qodef-btn-wave-holder\" style=\"background-image: url(&quot;data:image\/svg+xml,%3Csvg xmlns=&#039;http:\/\/www.w3.org\/2000\/svg&#039; x=&#039;0px&#039; y=&#039;0px&#039; width=&#039;172px&#039; height=&#039;126px&#039; viewBox=&#039;0 0 172 125.7&#039; enable-background=&#039;0 0 172 125.7&#039; xml:space=&#039;preserve&#039; %3E%3Cpath fill=&#039;%23000000&#039; d=&#039;M173,22.7c-33.9,0-44.7-14.1-88.4-14.1c-43.6,0-54.5,14.1-86,14.1V126l174.4-0.3C173,125.7,173,28.7,173,22.7z&#039;\/%3E%3C\/svg%3E&quot;)\" ><\/span>\n        <\/a>[\/vc_column][vc_column width=&#8220;1\/2&#8243;][vc_single_image image=&#8220;4327&#8243; img_size=&#8220;large&#8220; el_class=&#8220;board&#8220;]<div class=\"qodef-separator-holder clearfix  qodef-separator-center \">\n\t<div class=\"qodef-separator\" style=\"border-style: solid;margin-top: 20px;margin-bottom: 40px\"><\/div>\n<\/div>\n<div class=\"qodef-section-title-holder  \" style=\"text-align: left\">\n\t<div class=\"qodef-st-inner\">\n        \t\t\t\t\t<h2 class=\"qodef-st-title\" >\n\t\t\t\tRedshark Adventure\t\t\t<\/h2>\n\t\t        \t\t\t\t\t<\/div>\n<\/div><div class=\"qodef-separator-holder clearfix  qodef-separator-center \">\n\t<div class=\"qodef-separator\" style=\"border-color: rgba(2,2,2,0.01);border-style: solid;width: 100%;margin-top: 20px;margin-bottom: 50px\"><\/div>\n<\/div>\n<a itemprop=\"url\" href=\"https:\/\/e-surf.guru\/de\/produkt\/bike-surf-adventure\/\" target=\"_self\"  class=\"qodef-btn qodef-btn-medium qodef-btn-outline qodef-btn-wave-hover\"  >\n        <span class=\"qodef-btn-text\">mehr Infos<\/span>\n            <span class=\"qodef-btn-wave-holder\" style=\"background-image: url(&quot;data:image\/svg+xml,%3Csvg xmlns=&#039;http:\/\/www.w3.org\/2000\/svg&#039; x=&#039;0px&#039; y=&#039;0px&#039; width=&#039;172px&#039; height=&#039;126px&#039; viewBox=&#039;0 0 172 125.7&#039; enable-background=&#039;0 0 172 125.7&#039; xml:space=&#039;preserve&#039; %3E%3Cpath fill=&#039;%23000000&#039; d=&#039;M173,22.7c-33.9,0-44.7-14.1-88.4-14.1c-43.6,0-54.5,14.1-86,14.1V126l174.4-0.3C173,125.7,173,28.7,173,22.7z&#039;\/%3E%3C\/svg%3E&quot;)\" ><\/span>\n        <\/a>[\/vc_column][\/vc_row][vc_row disable_element=&#8220;yes&#8220;][vc_column]<div class=\"qodef-separator-holder clearfix  qodef-separator-center \">\n\t<div class=\"qodef-separator\" style=\"border-color: #020202;border-style: solid;width: 100%;margin-top: 55px;margin-bottom: 55px\"><\/div>\n<\/div>\n<div class=\"qodef-section-title-holder board-details-3 \" style=\"text-align: left\">\n\t<div class=\"qodef-st-inner\">\n        \t\t\t\t\t<h2 class=\"qodef-st-title\" >\n\t\t\t\tTech facts\t\t\t<\/h2>\n\t\t        \t\t\t\t\t<\/div>\n<\/div>[vc_row_inner][vc_column_inner width=&#8220;1\/2&#8243; css=&#8220;.vc_custom_1626193009539{margin-top: 50px !important;}&#8220;]<div class=\"qodef-section-title-holder  \" style=\"text-align: left\">\n\t<div class=\"qodef-st-inner\">\n                    <span class=\"qodef-st-background-text\" style=\"text-align: left\"><\/span>\n        \t\t\t\t\t<h3 class=\"qodef-st-title\" >\n\t\t\t\tSpeed\t\t\t<\/h3>\n\t\t                        <span class=\"qodef-st-caption\" >up to 50 km\/h<\/span>\n        \t\t\t\t\t<\/div>\n<\/div><div class=\"qodef-section-title-holder  \" style=\"text-align: left\">\n\t<div class=\"qodef-st-inner\">\n                    <span class=\"qodef-st-background-text\" style=\"text-align: left\"><\/span>\n        \t\t\t\t\t<h3 class=\"qodef-st-title\" >\n\t\t\t\tMotor\t\t\t<\/h3>\n\t\t                        <span class=\"qodef-st-caption\" >14 horsepower<\/span>\n        \t\t\t\t\t<\/div>\n<\/div><div class=\"qodef-section-title-holder  \" style=\"text-align: left\">\n\t<div class=\"qodef-st-inner\">\n                    <span class=\"qodef-st-background-text\" style=\"text-align: left\"><\/span>\n        \t\t\t\t\t<h3 class=\"qodef-st-title\" >\n\t\t\t\tWeight\t\t\t<\/h3>\n\t\t                        <span class=\"qodef-st-caption\" >ca. 55 kg (battery approx. 27 kg)<\/span>\n        \t\t\t\t\t<\/div>\n<\/div><div class=\"qodef-section-title-holder  \" style=\"text-align: left\">\n\t<div class=\"qodef-st-inner\">\n                    <span class=\"qodef-st-background-text\" style=\"text-align: left\"><\/span>\n        \t\t\t\t\t<h3 class=\"qodef-st-title\" >\n\t\t\t\tBattery\t\t\t<\/h3>\n\t\t                        <span class=\"qodef-st-caption\" >up to 45 minutes<\/span>\n        \t\t\t\t\t<\/div>\n<\/div><div class=\"qodef-section-title-holder  \" style=\"text-align: left\">\n\t<div class=\"qodef-st-inner\">\n                    <span class=\"qodef-st-background-text\" style=\"text-align: left\"><\/span>\n        \t\t\t\t\t<h3 class=\"qodef-st-title\" >\n\t\t\t\tCharging\t\t\t<\/h3>\n\t\t                        <span class=\"qodef-st-caption\" >approx. 120 minutes<\/span>\n        \t\t\t\t\t<\/div>\n<\/div><div class=\"qodef-section-title-holder  \" style=\"text-align: left\">\n\t<div class=\"qodef-st-inner\">\n                    <span class=\"qodef-st-background-text\" style=\"text-align: left\"><\/span>\n        \t\t\t\t\t<h3 class=\"qodef-st-title\" >\n\t\t\t\tMaterial\t\t\t<\/h3>\n\t\t                        <span class=\"qodef-st-caption\" >double layer PVC<\/span>\n        \t\t\t\t\t<\/div>\n<\/div>[\/vc_column_inner][vc_column_inner width=&#8220;1\/2&#8243;][vc_single_image image=&#8220;5588&#8243; img_size=&#8220;full&#8220;][\/vc_column_inner][\/vc_row_inner][\/vc_column][\/vc_row][vc_row full_width=&#8220;stretch_row&#8220;][vc_column]<div class=\"qodef-separator-holder clearfix  qodef-separator-center \">\n\t<div class=\"qodef-separator\" style=\"border-color: #020202;border-style: solid;width: 100%;margin-top: 40px;margin-bottom: 20px\"><\/div>\n<\/div>\n\n\t\t\t<!-- START Slider 1 1 REVOLUTION SLIDER 6.4.11 --><p class=\"rs-p-wp-fix\"><\/p>\n\t\t\t<rs-module-wrap id=\"rev_slider_16_1_wrapper\" data-source=\"gallery\" style=\"background:transparent;padding:0;margin:0px auto;margin-top:0;margin-bottom:0;\">\n\t\t\t\t<rs-module id=\"rev_slider_16_1\" style=\"\" data-version=\"6.4.11\">\n\t\t\t\t\t<rs-slides>\n\t\t\t\t\t\t<rs-slide data-key=\"rs-34\" data-title=\"Slide\" data-in=\"o:0;\" data-out=\"a:false;\">\n\t\t\t\t\t\t\t<img decoding=\"async\" src=\"\/\/e-surf.guru\/wp-content\/plugins\/revslider\/public\/assets\/assets\/transparent.png\" alt=\"Slide\" title=\"Redshark\" class=\"rev-slidebg tp-rs-img\" data-no-retina>\n<!---->\t\t\t\t\t\t<\/rs-slide>\n\t\t\t\t\t<\/rs-slides>\n\t\t\t\t\t<rs-static-layers><!--\n\n\t\t\t\t\t\t\t--><rs-layer\n\t\t\t\t\t\t\t\tid=\"slider-16-slide-16-layer-1\" \n\t\t\t\t\t\t\t\tclass=\"rs-layer-static rs-layer-video intrinsic-ignore\"\n\t\t\t\t\t\t\t\tdata-type=\"video\"\n\t\t\t\t\t\t\t\tdata-rsp_ch=\"on\"\n\t\t\t\t\t\t\t\tdata-xy=\"x:c;y:c;\"\n\t\t\t\t\t\t\t\tdata-text=\"w:normal;\"\n\t\t\t\t\t\t\t\tdata-dim=\"w:1280px;h:720px;\"\n\t\t\t\t\t\t\t\tdata-onslides=\"s:-1;e:-1;\"\n\t\t\t\t\t\t\t\tdata-video=\"vfc:true;vd:100;l:false;ptimer:false;\"\n\t\t\t\t\t\t\t\tdata-poster=\"\/\/e-surf.guru\/wp-content\/uploads\/revslider\/video-media\/RedShark-Bikes_16_layer.jpeg\"\n\t\t\t\t\t\t\t\tdata-mp4=\"\/\/e-surf.guru\/wp-content\/uploads\/RedShark-Bikes.mp4\"\n\t\t\t\t\t\t\t\tdata-frame_999=\"o:0;st:w;\"\n\t\t\t\t\t\t\t\tstyle=\"z-index:8;\"\n\t\t\t\t\t\t\t>\n\t\t\t\t\t\t\t<\/rs-layer><!--\n\t\t\t\t\t--><\/rs-static-layers>\n\t\t\t\t<\/rs-module>\n\t\t\t<\/rs-module-wrap>\n\t\t\t<!-- END REVOLUTION SLIDER -->\n<div class=\"qodef-separator-holder clearfix  qodef-separator-center \">\n\t<div class=\"qodef-separator\" style=\"border-color: #020202;border-style: solid;width: 100%;margin-top: 20px;margin-bottom: 50px\"><\/div>\n<\/div>\n[\/vc_column][\/vc_row][vc_row gap=&#8220;35&#8243;][vc_column width=&#8220;1\/3&#8243;]<div class=\"qodef-section-title-holder board-details-2 \" style=\"text-align: left\">\n\t<div class=\"qodef-st-inner\">\n                    <span class=\"qodef-st-background-text\" style=\"text-align: left\"><\/span>\n        \t\t\t\t\t<h2 class=\"qodef-st-title\" >\n\t\t\t\tUmwelt- freundlich\t\t\t<\/h2>\n\t\t                        <span class=\"qodef-st-caption\" >Inspiriert von der Natur.<\/span>\n        \t\t\t\t\t<\/div>\n<\/div>[\/vc_column][vc_column width=&#8220;1\/3&#8243;]<div class=\"qodef-section-title-holder board-details-2 \" style=\"text-align: left\">\n\t<div class=\"qodef-st-inner\">\n                    <span class=\"qodef-st-background-text\" style=\"text-align: left\"><\/span>\n        \t\t\t\t\t<h2 class=\"qodef-st-title\" >\n\t\t\t\tOhne Werkzeuge\t\t\t<\/h2>\n\t\t                        <span class=\"qodef-st-caption\" >F\u00fcr den einfachen Aufbau werden keine Werkzeuge ben\u00f6tigt.<\/span>\n        \t\t\t\t\t<\/div>\n<\/div>[\/vc_column][vc_column width=&#8220;1\/3&#8243;]<div class=\"qodef-section-title-holder board-details-2 \" style=\"text-align: left\">\n\t<div class=\"qodef-st-inner\">\n                    <span class=\"qodef-st-background-text\" style=\"text-align: left\"><\/span>\n        \t\t\t\t\t<h2 class=\"qodef-st-title\" >\n\t\t\t\tTragbar\t\t\t<\/h2>\n\t\t                        <span class=\"qodef-st-caption\" >Entwickelt, um in begrenzte R\u00e4ume zu passen.<\/span>\n        \t\t\t\t\t<\/div>\n<\/div>[\/vc_column][\/vc_row][vc_row gap=&#8220;30&#8243; content_placement=&#8220;middle&#8220;][vc_column]<div class=\"qodef-separator-holder clearfix  qodef-separator-center \">\n\t<div class=\"qodef-separator\" style=\"border-color: #020202;border-style: solid;width: 100%;margin-top: 0px;margin-bottom: 40px\"><\/div>\n<\/div>\n<a itemprop=\"url\" href=\"https:\/\/www.redsharkbikes.com\" target=\"_blank\"  class=\"qodef-btn qodef-btn-medium qodef-btn-outline qodef-btn-wave-hover\"  >\n        <span class=\"qodef-btn-text\">redsharkbikes.com<\/span>\n            <span class=\"qodef-btn-wave-holder\" style=\"background-image: url(&quot;data:image\/svg+xml,%3Csvg xmlns=&#039;http:\/\/www.w3.org\/2000\/svg&#039; x=&#039;0px&#039; y=&#039;0px&#039; width=&#039;172px&#039; height=&#039;126px&#039; viewBox=&#039;0 0 172 125.7&#039; enable-background=&#039;0 0 172 125.7&#039; xml:space=&#039;preserve&#039; %3E%3Cpath fill=&#039;%23000000&#039; d=&#039;M173,22.7c-33.9,0-44.7-14.1-88.4-14.1c-43.6,0-54.5,14.1-86,14.1V126l174.4-0.3C173,125.7,173,28.7,173,22.7z&#039;\/%3E%3C\/svg%3E&quot;)\" ><\/span>\n        <\/a>[\/vc_column][\/vc_row]<\/p>\n<\/div>","protected":false},"excerpt":{"rendered":"<p>[vc_row][vc_column][vc_column_text]Red Shark Bikes &#8211; Tragbare Wasserfahrr\u00e4der. Entdecken Sie eine neue Art zu genie\u00dfen und \u00fcben Radfahren in einer neuen Umgebung wie Wasser. Genie\u00dfen Sie neue Horizonte mit einer neuen Kollektion von Wasserfahrr\u00e4dern.[\/vc_column_text][\/vc_column][\/vc_row][vc_row el_id=&#8220;redshark-details&#8220;][vc_column width=&#8220;1\/2&#8243;][vc_single_image image=&#8220;4323&#8243; img_size=&#8220;large&#8220; el_class=&#8220;board&#8220;][\/vc_column][vc_column width=&#8220;1\/2&#8243;][vc_single_image image=&#8220;4325&#8243; img_size=&#8220;large&#8220; [&hellip;]<\/p>\n","protected":false},"author":1,"featured_media":0,"parent":0,"menu_order":0,"comment_status":"closed","ping_status":"closed","template":"","meta":{"footnotes":""},"class_list":["post-4313","page","type-page","status-publish","hentry"],"_links":{"self":[{"href":"https:\/\/e-surf.guru\/de\/wp-json\/wp\/v2\/pages\/4313","targetHints":{"allow":["GET"]}}],"collection":[{"href":"https:\/\/e-surf.guru\/de\/wp-json\/wp\/v2\/pages"}],"about":[{"href":"https:\/\/e-surf.guru\/de\/wp-json\/wp\/v2\/types\/page"}],"author":[{"embeddable":true,"href":"https:\/\/e-surf.guru\/de\/wp-json\/wp\/v2\/users\/1"}],"replies":[{"embeddable":true,"href":"https:\/\/e-surf.guru\/de\/wp-json\/wp\/v2\/comments?post=4313"}],"version-history":[{"count":0,"href":"https:\/\/e-surf.guru\/de\/wp-json\/wp\/v2\/pages\/4313\/revisions"}],"wp:attachment":[{"href":"https:\/\/e-surf.guru\/de\/wp-json\/wp\/v2\/media?parent=4313"}],"curies":[{"name":"wp","href":"https:\/\/api.w.org\/{rel}","templated":true}]}}