{"id":4308,"date":"2021-07-06T17:15:25","date_gmt":"2021-07-06T15:15:25","guid":{"rendered":"https:\/\/e-surf.guru\/lampuga\/"},"modified":"2021-08-26T16:56:36","modified_gmt":"2021-08-26T14:56:36","slug":"lampuga","status":"publish","type":"page","link":"https:\/\/e-surf.guru\/de\/lampuga\/","title":{"rendered":"Lampuga"},"content":{"rendered":"<div class=\"wpb-content-wrapper\"><p>[vc_row][vc_column]<div class=\"qodef-section-title-holder  \" style=\"text-align: center\">\n\t<div class=\"qodef-st-inner\">\n        \t\t\t\t\t<h1 class=\"qodef-st-title\" >\n\t\t\t\tUNSERE ELEKTRISCHEN SURFBOARDS\t\t\t<\/h1>\n\t\t        \t\t\t\t\t<\/div>\n<\/div><div class=\"qodef-separator-holder clearfix separator-watertoys qodef-separator-center \">\n\t<div class=\"qodef-separator\" style=\"border-style: solid;margin-top: 20px;margin-bottom: 20px\"><\/div>\n<\/div>\n[vc_column_text]Nur ein Knopfdruck, schon bieten die elektrischen Surfboards von Lampuga Spa\u00df und Abenteuer auf dem Wasser! Die Boards mit elektrischem Antrieb werden mittels Fernbedienung per Hand gesteuert und ein Richtungswechsel erfolgt durch Gewichtsverlagerung. Dank der einfachen Bedienung kann wirklich jeder den spannenden Nervenkitzel des Surfens erleben, ganz unabh\u00e4ngig von Wind und Wellen. Die Lampuga-Jetboards werden in Deutschland entwickelt und produziert.[\/vc_column_text]<div class=\"qodef-separator-holder clearfix  qodef-separator-center \">\n\t<div class=\"qodef-separator\" style=\"border-color: #020202;border-style: solid;width: 100%;margin-top: 40px;margin-bottom: 0px\"><\/div>\n<\/div>\n[\/vc_column][\/vc_row][vc_row gap=&#8220;30&#8243;][vc_column width=&#8220;1\/2&#8243;][vc_single_image image=&#8220;4331&#8243; img_size=&#8220;large&#8220; el_class=&#8220;board&#8220;]<div class=\"qodef-separator-holder clearfix  qodef-separator-center \">\n\t<div class=\"qodef-separator\" style=\"border-style: solid;margin-top: 40px;margin-bottom: 20px\"><\/div>\n<\/div>\n<div class=\"qodef-section-title-holder  \" style=\"text-align: left\">\n\t<div class=\"qodef-st-inner\">\n        \t\t\t\t\t<h2 class=\"qodef-st-title\" >\n\t\t\t\tLampuga Air\t\t\t<\/h2>\n\t\t        \t\t\t\t\t<\/div>\n<\/div><div class=\"qodef-separator-holder clearfix  qodef-separator-center \">\n\t<div class=\"qodef-separator\" style=\"border-style: solid;margin-top: 20px;margin-bottom: 20px\"><\/div>\n<\/div>\n[vc_column_text]Mit seiner Kombination aus gro\u00dfartiger Leistung, praktischem Design und au\u00dfergew\u00f6hnlichem Komfort ist das Lampuga Air das ultimative Wasserspielzeug! Das aufblasbare Jetboard setzt sich aus zwei Teilen zusammen und bietet so eine hervorragende Balance, Stabilit\u00e4t und Kontrolle. Im Gegensatz zu Festk\u00f6rper-Boards sorgt die Luft im Inneren des Lampuga Air-Rumpfes f\u00fcr optimalen Auftrieb. So ist ein leichter Aufstieg gew\u00e4hrleistet und das Board kann sowohl im Sitzen, Liegen als auch im Stehen verwendet werden. Der Rumpf besteht aus robustem Double Layer PVC und ist in vielen bunten Farben erh\u00e4ltlich. Dank intuitiver Nutzerfreundlichkeit, f\u00fcnf Griffen und einer rutschfesten Standfl\u00e4che in der Mitte des Boards bietet das Lampuga Air jedem Einzelnen einen riesigen Fahrspa\u00df, unabh\u00e4ngig von Surf-Erfahrung, Alter oder K\u00f6rperbau.[\/vc_column_text]<div class=\"qodef-separator-holder clearfix  qodef-separator-center \">\n\t<div class=\"qodef-separator\" style=\"border-color: rgba(2,2,2,0.01);border-style: solid;width: 0px;margin-top: 40px;margin-bottom: 40px\"><\/div>\n<\/div>\n<a itemprop=\"url\" href=\"https:\/\/e-surf.guru\/de\/produkt\/lampuga-air\/\" target=\"_self\"  class=\"qodef-btn qodef-btn-medium qodef-btn-outline qodef-btn-wave-hover\"  >\n        <span class=\"qodef-btn-text\">mehr Infos<\/span>\n            <span class=\"qodef-btn-wave-holder\" style=\"background-image: url(&quot;data:image\/svg+xml,%3Csvg xmlns=&#039;http:\/\/www.w3.org\/2000\/svg&#039; x=&#039;0px&#039; y=&#039;0px&#039; width=&#039;172px&#039; height=&#039;126px&#039; viewBox=&#039;0 0 172 125.7&#039; enable-background=&#039;0 0 172 125.7&#039; xml:space=&#039;preserve&#039; %3E%3Cpath fill=&#039;%23000000&#039; d=&#039;M173,22.7c-33.9,0-44.7-14.1-88.4-14.1c-43.6,0-54.5,14.1-86,14.1V126l174.4-0.3C173,125.7,173,28.7,173,22.7z&#039;\/%3E%3C\/svg%3E&quot;)\" ><\/span>\n        <\/a>[\/vc_column][vc_column width=&#8220;1\/2&#8243;][vc_single_image image=&#8220;4333&#8243; img_size=&#8220;large&#8220; el_class=&#8220;board&#8220;]<div class=\"qodef-separator-holder clearfix  qodef-separator-center \">\n\t<div class=\"qodef-separator\" style=\"border-style: solid;margin-top: 20px;margin-bottom: 40px\"><\/div>\n<\/div>\n<div class=\"qodef-section-title-holder  \" style=\"text-align: left\">\n\t<div class=\"qodef-st-inner\">\n        \t\t\t\t\t<h2 class=\"qodef-st-title\" >\n\t\t\t\tLampuga Rescue\t\t\t<\/h2>\n\t\t        \t\t\t\t\t<\/div>\n<\/div><div class=\"qodef-separator-holder clearfix  qodef-separator-center \">\n\t<div class=\"qodef-separator\" style=\"border-style: solid;margin-top: 20px;margin-bottom: 20px\"><\/div>\n<\/div>\n[vc_column_text]Enorm schnell und enorm stabil: Damit ist das Lampuga Rescue der ideale Partner f\u00fcr die Wasserrettung. Das aufblasbare Jetboard ist auf eine einfache Handhabung ausgelegt und l\u00e4sst sich m\u00fchelos steuern. Im Ernstfall kann ein elektrisches Surfboard schnell zu Wasser gelassen werden und die in Not geratene Person in k\u00fcrzester Zeit erreichen. Der aufblasbare Rumpf des Jetboards aus robustem Double Layer PVC stellt eine sichere Tragfl\u00e4che dar, gleichzeitig minimiert er das Verletzungsrisiko f\u00fcr im Wasser befindliche Personen gegen\u00fcber einem Rumpf aus Hartmaterialien. Dank des Jetantriebs und seines geringen Tiefgangs kann das Board selbst in seichten Gew\u00e4ssern eingesetzt werden. Das Lampuga Rescue ist mit sieben Griffen ausgestattet, verf\u00fcgt \u00fcber eine rutschfeste Standfl\u00e4che und erm\u00f6glicht den Transport von Rettungsausr\u00fcstung.<\/p>\n<p>[\/vc_column_text]<div class=\"qodef-separator-holder clearfix  qodef-separator-center \">\n\t<div class=\"qodef-separator\" style=\"border-color: rgba(2,2,2,0.01);border-style: solid;width: 0px;margin-top: 40px;margin-bottom: 40px\"><\/div>\n<\/div>\n<a itemprop=\"url\" href=\"https:\/\/e-surf.guru\/de\/produkt\/lampuga-rescue\/\" target=\"_self\"  class=\"qodef-btn qodef-btn-medium qodef-btn-outline qodef-btn-wave-hover\"  >\n        <span class=\"qodef-btn-text\">mehr Infos<\/span>\n            <span class=\"qodef-btn-wave-holder\" style=\"background-image: url(&quot;data:image\/svg+xml,%3Csvg xmlns=&#039;http:\/\/www.w3.org\/2000\/svg&#039; x=&#039;0px&#039; y=&#039;0px&#039; width=&#039;172px&#039; height=&#039;126px&#039; viewBox=&#039;0 0 172 125.7&#039; enable-background=&#039;0 0 172 125.7&#039; xml:space=&#039;preserve&#039; %3E%3Cpath fill=&#039;%23000000&#039; d=&#039;M173,22.7c-33.9,0-44.7-14.1-88.4-14.1c-43.6,0-54.5,14.1-86,14.1V126l174.4-0.3C173,125.7,173,28.7,173,22.7z&#039;\/%3E%3C\/svg%3E&quot;)\" ><\/span>\n        <\/a>[\/vc_column][\/vc_row][vc_row][vc_column]<div class=\"qodef-separator-holder clearfix  qodef-separator-center \">\n\t<div class=\"qodef-separator\" style=\"border-color: #020202;border-style: solid;width: 100%;margin-top: 40px;margin-bottom: 55px\"><\/div>\n<\/div>\n<div class=\"qodef-section-title-holder board-details-3 \" style=\"text-align: left\">\n\t<div class=\"qodef-st-inner\">\n        \t\t\t\t\t<h2 class=\"qodef-st-title\" >\n\t\t\t\tTechnische Daten\t\t\t<\/h2>\n\t\t        \t\t\t\t\t<\/div>\n<\/div>[vc_row_inner][vc_column_inner width=&#8220;1\/2&#8243; css=&#8220;.vc_custom_1626194192605{margin-top: 50px !important;}&#8220;]<div class=\"qodef-section-title-holder  \" style=\"text-align: left\">\n\t<div class=\"qodef-st-inner\">\n                    <span class=\"qodef-st-background-text\" style=\"text-align: left\"><\/span>\n        \t\t\t\t\t<h3 class=\"qodef-st-title\" >\n\t\t\t\tLeistung\t\t\t<\/h3>\n\t\t                        <span class=\"qodef-st-caption\" >bis zu 50 km\/h<\/span>\n        \t\t\t\t\t<\/div>\n<\/div><div class=\"qodef-section-title-holder  \" style=\"text-align: left\">\n\t<div class=\"qodef-st-inner\">\n                    <span class=\"qodef-st-background-text\" style=\"text-align: left\"><\/span>\n        \t\t\t\t\t<h3 class=\"qodef-st-title\" >\n\t\t\t\tMotor\t\t\t<\/h3>\n\t\t                        <span class=\"qodef-st-caption\" >14 PS<\/span>\n        \t\t\t\t\t<\/div>\n<\/div><div class=\"qodef-section-title-holder  \" style=\"text-align: left\">\n\t<div class=\"qodef-st-inner\">\n                    <span class=\"qodef-st-background-text\" style=\"text-align: left\"><\/span>\n        \t\t\t\t\t<h3 class=\"qodef-st-title\" >\n\t\t\t\tGewicht\t\t\t<\/h3>\n\t\t                        <span class=\"qodef-st-caption\" >ca. 55 kg (Batterie ca. 27 kg)<\/span>\n        \t\t\t\t\t<\/div>\n<\/div><div class=\"qodef-section-title-holder  \" style=\"text-align: left\">\n\t<div class=\"qodef-st-inner\">\n                    <span class=\"qodef-st-background-text\" style=\"text-align: left\"><\/span>\n        \t\t\t\t\t<h3 class=\"qodef-st-title\" >\n\t\t\t\tBatterie\t\t\t<\/h3>\n\t\t                        <span class=\"qodef-st-caption\" >bis zu 45 min.<\/span>\n        \t\t\t\t\t<\/div>\n<\/div><div class=\"qodef-section-title-holder  \" style=\"text-align: left\">\n\t<div class=\"qodef-st-inner\">\n                    <span class=\"qodef-st-background-text\" style=\"text-align: left\"><\/span>\n        \t\t\t\t\t<h3 class=\"qodef-st-title\" >\n\t\t\t\tLadezeit\t\t\t<\/h3>\n\t\t                        <span class=\"qodef-st-caption\" >ca. 120 min.<\/span>\n        \t\t\t\t\t<\/div>\n<\/div><div class=\"qodef-section-title-holder  \" style=\"text-align: left\">\n\t<div class=\"qodef-st-inner\">\n                    <span class=\"qodef-st-background-text\" style=\"text-align: left\"><\/span>\n        \t\t\t\t\t<h3 class=\"qodef-st-title\" >\n\t\t\t\tMaterial\t\t\t<\/h3>\n\t\t                        <span class=\"qodef-st-caption\" >double layer PVC<\/span>\n        \t\t\t\t\t<\/div>\n<\/div>[\/vc_column_inner][vc_column_inner width=&#8220;1\/2&#8243;][vc_single_image image=&#8220;4861&#8243; img_size=&#8220;420&#215;532&#8243;][\/vc_column_inner][\/vc_row_inner][\/vc_column][\/vc_row][vc_row gap=&#8220;35&#8243;][vc_column]<div class=\"qodef-separator-holder clearfix  qodef-separator-center \">\n\t<div class=\"qodef-separator\" style=\"border-color: #020202;border-style: solid;width: 100%;margin-top: 15px;margin-bottom: 55px\"><\/div>\n<\/div>\n[vc_row_inner gap=&#8220;35&#8243;][vc_column_inner width=&#8220;1\/2&#8243;][vc_single_image image=&#8220;5065&#8243;][vc_empty_space]<div class=\"qodef-section-title-holder board-details-3 \" style=\"text-align: left\">\n\t<div class=\"qodef-st-inner\">\n        \t\t\t\t\t<h2 class=\"qodef-st-title\" >\n\t\t\t\tSicherheit\t\t\t<\/h2>\n\t\t        \t\t\t\t\t<\/div>\n<\/div>[vc_empty_space][vc_column_text]Die elektrischen Surfboards von Lampuga erf\u00fcllen die h\u00f6chsten Sicherheitsstandards und gew\u00e4hrleisten damit sicheren Fahrspa\u00df auf dem Wasser. Die Boards verf\u00fcgen \u00fcber ein Batteriemanagementsystem mit Kurzschlussschutz, \u00dcberstromschutz, Zellenausgleich, \u00dcber- und Unterspannungsschutz, Temperatur\u00fcberwachungssensoren sowie reversiblem Schutzabschaltsystem, das Sch\u00e4den an den elektronischen Komponenten des Akkus verhindert. Das magnetische Kill-Switch-System ist eine weitere wichtige Sicherheitsma\u00dfnahme, die sicherstellt, dass sich der Motor sofort abschaltet, wenn der Fahrer vom Board f\u00e4llt.[\/vc_column_text][\/vc_column_inner][vc_column_inner width=&#8220;1\/2&#8243;][vc_single_image image=&#8220;4260&#8243;][vc_empty_space]<div class=\"qodef-section-title-holder board-details-3 \" style=\"text-align: left\">\n\t<div class=\"qodef-st-inner\">\n        \t\t\t\t\t<h2 class=\"qodef-st-title\" >\n\t\t\t\tService\t\t\t<\/h2>\n\t\t        \t\t\t\t\t<\/div>\n<\/div>[vc_empty_space][vc_column_text]In das Design der Lampuga-Boards ist ein cleveres Service-Konzept integriert, das Service- und Reparaturprozesse vereinfacht. Kommt es zu einem technischen Defekt, sind alle technischen Komponenten zentral in einem einzigen abnehmbaren Geh\u00e4use, der Powerbox, untergebracht, schnell erreichbar und repariert. So kann die Wartung der jeweiligen Einzelteile erfolgen, ohne das gesamte Lampuga-Board zur Reparatur einschicken zu m\u00fcssen.[\/vc_column_text][\/vc_column_inner][\/vc_row_inner][vc_separator color=&#8220;custom&#8220; el_width=&#8220;10&#8243; accent_color=&#8220;rgba(0,0,0,0.01)&#8220; css=&#8220;.vc_custom_1625577074157{padding-top: 50px !important;}&#8220;][vc_row_inner gap=&#8220;35&#8243;][vc_column_inner width=&#8220;1\/2&#8243;][vc_single_image image=&#8220;4256&#8243;][vc_empty_space]<div class=\"qodef-section-title-holder board-details-3 \" style=\"text-align: left\">\n\t<div class=\"qodef-st-inner\">\n        \t\t\t\t\t<h2 class=\"qodef-st-title\" >\n\t\t\t\tProduktion\t\t\t<\/h2>\n\t\t        \t\t\t\t\t<\/div>\n<\/div>[vc_empty_space][vc_column_text]Alle elektrisch betriebenen Surfboards von Lampuga werden in Deutschland entwickelt und dort in Serienfertigung produziert. Ausschlie\u00dflich hochwertige Komponenten gew\u00e4hrleisten eine lange Lebensdauer und Zuverl\u00e4ssigkeit unserer Jetboards. Durch die Anwendung von Lean-Production-Methoden erzielen wir eine hohe Produktionsmenge und bieten unseren Kunden besonders kurze Lieferzeiten.[\/vc_column_text][\/vc_column_inner][vc_column_inner width=&#8220;1\/2&#8243;][vc_single_image image=&#8220;4271&#8243;][vc_empty_space]<div class=\"qodef-section-title-holder board-details-3 \" style=\"text-align: left\">\n\t<div class=\"qodef-st-inner\">\n        \t\t\t\t\t<h2 class=\"qodef-st-title\" >\n\t\t\t\tElektronisch\t\t\t<\/h2>\n\t\t        \t\t\t\t\t<\/div>\n<\/div>[vc_empty_space][vc_column_text]Ein elektrisches Surfboard von Lampuga wird von einem leistungsstarken Lithium-Ionen-Akku angetrieben und ist daher komplett emissionsfrei. Das verhindert die Luft- und Wasserverschmutzung. Der Elektromotor der Lampuga-Boards ist zudem besonders ger\u00e4uscharm und bereits in kurzer Distanz zum Ufer ger\u00e4uschlos. Diese Umweltfreundlichkeit und Nachhaltigkeit der Jetboards erm\u00f6glicht ihre Nutzung auf vielen Gew\u00e4ssern, die f\u00fcr Boards mit Verbrennungsmotor nicht gestattet ist.[\/vc_column_text][\/vc_column_inner][\/vc_row_inner][\/vc_column][\/vc_row][vc_row][vc_column]<div class=\"qodef-separator-holder clearfix  qodef-separator-center \">\n\t<div class=\"qodef-separator\" style=\"border-color: #020202;border-style: solid;width: 100%;margin-top: 55px;margin-bottom: 40px\"><\/div>\n<\/div>\n<div class=\"qodef-section-title-holder board-details-3 \" style=\"text-align: left\">\n\t<div class=\"qodef-st-inner\">\n                    <span class=\"qodef-st-background-text\" style=\"text-align: left\"><\/span>\n        \t\t\t\t\t<h2 class=\"qodef-st-title\" >\n\t\t\t\tAufblasbar\t\t\t<\/h2>\n\t\t                        <span class=\"qodef-st-caption\" >Leichter Aufbau<\/span>\n        \t\t\t\t\t<\/div>\n<\/div>\n\t\t\t<!-- START Slider 1 REVOLUTION SLIDER 6.4.11 --><p class=\"rs-p-wp-fix\"><\/p>\n\t\t\t<rs-module-wrap id=\"rev_slider_12_1_wrapper\" data-source=\"gallery\" style=\"background:transparent;padding:0;margin:0px auto;margin-top:0;margin-bottom:0;\">\n\t\t\t\t<rs-module id=\"rev_slider_12_1\" style=\"\" data-version=\"6.4.11\">\n\t\t\t\t\t<rs-slides>\n\t\t\t\t\t\t<rs-slide data-key=\"rs-21\" data-title=\"Slide\" data-in=\"o:0;\" data-out=\"a:false;\">\n\t\t\t\t\t\t\t<img decoding=\"async\" src=\"\/\/e-surf.guru\/wp-content\/plugins\/revslider\/public\/assets\/assets\/transparent.png\" alt=\"Slide\" title=\"Lampuga\" class=\"rev-slidebg tp-rs-img\" data-no-retina>\n<!---->\t\t\t\t\t\t<\/rs-slide>\n\t\t\t\t\t<\/rs-slides>\n\t\t\t\t\t<rs-static-layers><!--\n\n\t\t\t\t\t\t\t--><rs-layer\n\t\t\t\t\t\t\t\tid=\"slider-12-slide-12-layer-0\" \n\t\t\t\t\t\t\t\tclass=\"rs-nolc rs-layer-static rs-layer-video intrinsic-ignore\"\n\t\t\t\t\t\t\t\tdata-type=\"video\"\n\t\t\t\t\t\t\t\tdata-rsp_ch=\"on\"\n\t\t\t\t\t\t\t\tdata-xy=\"x:-468px;y:-61px;\"\n\t\t\t\t\t\t\t\tdata-text=\"w:normal;\"\n\t\t\t\t\t\t\t\tdata-dim=\"w:1920px;h:916px;\"\n\t\t\t\t\t\t\t\tdata-onslides=\"s:-1;e:-1;\"\n\t\t\t\t\t\t\t\tdata-video=\"vfc:true;vd:100;noint:t;l:true;ptimer:false;nse:f;\"\n\t\t\t\t\t\t\t\tdata-poster=\"\/\/e-surf.guru\/wp-content\/uploads\/revslider\/video-media\/Lampuga_Air_Assembly_181011_FULL_RES_6MB_TARGET_SHORT_12_layer.jpeg\"\n\t\t\t\t\t\t\t\tdata-mp4=\"\/\/e-surf.guru\/wp-content\/uploads\/2021\/06\/Lampuga_Air_Assembly_181011_FULL_RES_6MB_TARGET_SHORT.mp4\"\n\t\t\t\t\t\t\t\tdata-frame_999=\"o:0;st:w;\"\n\t\t\t\t\t\t\t\tstyle=\"z-index:5;\"\n\t\t\t\t\t\t\t>\n\t\t\t\t\t\t\t<\/rs-layer><!--\n\t\t\t\t\t--><\/rs-static-layers>\n\t\t\t\t<\/rs-module>\n\t\t\t<\/rs-module-wrap>\n\t\t\t<!-- END REVOLUTION SLIDER -->\n<div class=\"qodef-separator-holder clearfix  qodef-separator-center \">\n\t<div class=\"qodef-separator\" style=\"border-color: #020202;border-style: solid;width: 100%;margin-top: 40px;margin-bottom: 50px\"><\/div>\n<\/div>\n[\/vc_column][\/vc_row][vc_row gap=&#8220;35&#8243;][vc_column width=&#8220;1\/4&#8243;]<div class=\"qodef-section-title-holder board-details-2 \" style=\"text-align: left\">\n\t<div class=\"qodef-st-inner\">\n                    <span class=\"qodef-st-background-text\" style=\"text-align: left\"><\/span>\n        \t\t\t\t\t<h2 class=\"qodef-st-title\" >\n\t\t\t\tFlexibilit\u00e4t\t\t\t<\/h2>\n\t\t                        <span class=\"qodef-st-caption\" >Zweiteiliges System f\u00fcr einen leichten Transport und Aufbau. Passt auch bei begrenzten Platzverh\u00e4ltnissen. Demontierte Lampuga Air in einem Kofferraum<\/span>\n        \t\t\t\t\t<\/div>\n<\/div>[\/vc_column][vc_column width=&#8220;1\/4&#8243;]<div class=\"qodef-section-title-holder board-details-2 \" style=\"text-align: left\">\n\t<div class=\"qodef-st-inner\">\n                    <span class=\"qodef-st-background-text\" style=\"text-align: left\"><\/span>\n        \t\t\t\t\t<h2 class=\"qodef-st-title\" >\n\t\t\t\tPlug &amp; Play\t\t\t<\/h2>\n\t\t                        <span class=\"qodef-st-caption\" >Einfaches Plug &amp; Play-System f\u00fcr m\u00fcheloses Laden oder einen schnellen Akkuwechsel.<\/span>\n        \t\t\t\t\t<\/div>\n<\/div>[\/vc_column][vc_column width=&#8220;1\/4&#8243;]<div class=\"qodef-section-title-holder board-details-2 \" style=\"text-align: left\">\n\t<div class=\"qodef-st-inner\">\n                    <span class=\"qodef-st-background-text\" style=\"text-align: left\"><\/span>\n        \t\t\t\t\t<h2 class=\"qodef-st-title\" >\n\t\t\t\tLeistung\t\t\t<\/h2>\n\t\t                        <span class=\"qodef-st-caption\" >Starker Antrieb, komplett emissionsfrei.<\/span>\n        \t\t\t\t\t<\/div>\n<\/div>[\/vc_column][vc_column width=&#8220;1\/4&#8243;]<div class=\"qodef-section-title-holder board-details-2 \" style=\"text-align: left\">\n\t<div class=\"qodef-st-inner\">\n                    <span class=\"qodef-st-background-text\" style=\"text-align: left\"><\/span>\n        \t\t\t\t\t<h2 class=\"qodef-st-title\" >\n\t\t\t\tSteuerung\t\t\t<\/h2>\n\t\t                        <span class=\"qodef-st-caption\" >Manuelle Geschwindigkeitsregulierung, Richtungswechsel durch Gewichtsverlagerung.<\/span>\n        \t\t\t\t\t<\/div>\n<\/div>[\/vc_column][\/vc_row][vc_row gap=&#8220;30&#8243; content_placement=&#8220;middle&#8220;][vc_column]<div class=\"qodef-separator-holder clearfix  qodef-separator-center \">\n\t<div class=\"qodef-separator\" style=\"border-color: #020202;border-style: solid;width: 100%;margin-top: 0px;margin-bottom: 40px\"><\/div>\n<\/div>\n[vc_row_inner][vc_column_inner width=&#8220;1\/2&#8243;]<a itemprop=\"url\" href=\"https:\/\/www.lampuga.com\" target=\"_blank\"  class=\"qodef-btn qodef-btn-medium qodef-btn-outline qodef-btn-wave-hover\"  >\n        <span class=\"qodef-btn-text\">lampuga.com<\/span>\n            <span class=\"qodef-btn-wave-holder\" style=\"background-image: url(&quot;data:image\/svg+xml,%3Csvg xmlns=&#039;http:\/\/www.w3.org\/2000\/svg&#039; x=&#039;0px&#039; y=&#039;0px&#039; width=&#039;172px&#039; height=&#039;126px&#039; viewBox=&#039;0 0 172 125.7&#039; enable-background=&#039;0 0 172 125.7&#039; xml:space=&#039;preserve&#039; %3E%3Cpath fill=&#039;%23000000&#039; d=&#039;M173,22.7c-33.9,0-44.7-14.1-88.4-14.1c-43.6,0-54.5,14.1-86,14.1V126l174.4-0.3C173,125.7,173,28.7,173,22.7z&#039;\/%3E%3C\/svg%3E&quot;)\" ><\/span>\n        <\/a>[\/vc_column_inner][vc_column_inner el_class=&#8220;reddot&#8220; width=&#8220;1\/2&#8243;][vc_single_image image=&#8220;5061&#8243; img_size=&#8220;full&#8220; alignment=&#8220;right&#8220; onclick=&#8220;custom_link&#8220; img_link_target=&#8220;_blank&#8220; link=&#8220;https:\/\/www.red-dot.org\/de\/&#8220;][\/vc_column_inner][\/vc_row_inner][\/vc_column][\/vc_row]<\/p>\n<\/div>","protected":false},"excerpt":{"rendered":"<p>[vc_row][vc_column][vc_column_text]Nur ein Knopfdruck, schon bieten die elektrischen Surfboards von Lampuga Spa\u00df und Abenteuer auf dem Wasser! Die Boards mit elektrischem Antrieb werden mittels Fernbedienung per Hand gesteuert und ein Richtungswechsel erfolgt durch Gewichtsverlagerung. Dank der einfachen Bedienung kann wirklich jeder [&hellip;]<\/p>\n","protected":false},"author":1,"featured_media":0,"parent":0,"menu_order":0,"comment_status":"closed","ping_status":"closed","template":"","meta":{"footnotes":""},"class_list":["post-4308","page","type-page","status-publish","hentry"],"_links":{"self":[{"href":"https:\/\/e-surf.guru\/de\/wp-json\/wp\/v2\/pages\/4308","targetHints":{"allow":["GET"]}}],"collection":[{"href":"https:\/\/e-surf.guru\/de\/wp-json\/wp\/v2\/pages"}],"about":[{"href":"https:\/\/e-surf.guru\/de\/wp-json\/wp\/v2\/types\/page"}],"author":[{"embeddable":true,"href":"https:\/\/e-surf.guru\/de\/wp-json\/wp\/v2\/users\/1"}],"replies":[{"embeddable":true,"href":"https:\/\/e-surf.guru\/de\/wp-json\/wp\/v2\/comments?post=4308"}],"version-history":[{"count":0,"href":"https:\/\/e-surf.guru\/de\/wp-json\/wp\/v2\/pages\/4308\/revisions"}],"wp:attachment":[{"href":"https:\/\/e-surf.guru\/de\/wp-json\/wp\/v2\/media?parent=4308"}],"curies":[{"name":"wp","href":"https:\/\/api.w.org\/{rel}","templated":true}]}}